{"id":156380,"date":"2025-12-18T18:31:33","date_gmt":"2025-12-18T15:31:33","guid":{"rendered":"https:\/\/baldumarket.lt\/product\/silke-komoda-rtv-duza-6-szuflad-matera-dab-wotan\/"},"modified":"2026-02-05T12:12:47","modified_gmt":"2026-02-05T09:12:47","slug":"silke-komoda-rtv-duza-6-szuflad-matera-dab-wotan","status":"publish","type":"product","link":"https:\/\/baldumarket.lt\/lt\/product\/silke-komoda-rtv-duza-6-szuflad-matera-dab-wotan\/","title":{"rendered":"Silke TV spintel\u0117, didel\u0117, 6 stal\u010diai, Matera \/ Wotan \u0105\u017euolas"},"content":{"rendered":"<p>\u012ene\u0161kite eleganti\u0161ko minimalizmo \u012f savo interjer\u0105 su \u201cSilke Large 6S\u201d televizoriaus spintele. Stulbinanti blizgios baltos spalvos ir \u0161ilt\u0173 Wotan \u0105\u017euolo akcent\u0173 deriniu, \u0161i spintel\u0117 yra modernaus dizaino ir funkcionalumo kvintesencija. Sukurta galvojant apie stiling\u0173, bet prakti\u0161k\u0173 sprendim\u0173 m\u0117g\u0117jus, \u201eSilke\u201c televizoriaus spintel\u0117 buvo sukurta tam, kad j\u016bs\u0173 svetainei suteikt\u0173 rafinuoto skonio. \u0160e\u0161i erdv\u016bs stal\u010diai, apr\u016bpinti novatori\u0161ka \u201espustel\u0117jimo b\u016bdu atidaroma\u201c sistema, garantuoja lengv\u0105 prieig\u0105 prie laikom\u0173 daikt\u0173 be ranken\u0173, i\u0161laikant nepriekai\u0161ting\u0105 fasad\u0173 estetik\u0105. Siekiant u\u017etikrinti auk\u0161t\u0105 kokyb\u0119, fasadai yra padengti \u012fbr\u0117\u017eimams atsparia ir lengvai valoma membranine pl\u0117vele, o tai dar labiau padidina spintel\u0117s naudojimo patogum\u0105. \u0160io baldo moderni estetika yra ne tik i\u0161vaizdos, bet ir tvirtos konstrukcijos klausimas. Spintel\u0117s korpusas pagamintas i\u0161 auk\u0161tos kokyb\u0117s laminuotos plok\u0161t\u0117s \u2013 patvarumo ir atsparumo kasdieniam naudojimui sinonimas. 206 cm plo\u010dio, 54 cm auk\u0161\u010dio ir 50 cm gylio televizoriaus spintel\u0117 puikiai tinka erdv\u0117ms, kurioms reikia didelio, bet ne per didelio baldo.<\/p>","protected":false},"excerpt":{"rendered":"<p>Plotis (cm): 206<br \/>\n\u016agis (cm): 54<br \/>\nGylis (cm): 50<\/p>","protected":false},"featured_media":156381,"comment_status":"open","ping_status":"open","template":"","meta":[],"product_brand":[],"product_cat":[9431,4105,1175],"product_tag":[],"class_list":{"0":"post-156380","1":"product","2":"type-product","3":"status-publish","4":"has-post-thumbnail","6":"product_cat-furniture-system-silke","7":"product_cat-helvetia","8":"product_cat-tv-stands","10":"first","11":"instock","12":"purchasable","13":"product-type-simple"},"_links":{"self":[{"href":"https:\/\/baldumarket.lt\/lt\/wp-json\/wp\/v2\/product\/156380","targetHints":{"allow":["GET"]}}],"collection":[{"href":"https:\/\/baldumarket.lt\/lt\/wp-json\/wp\/v2\/product"}],"about":[{"href":"https:\/\/baldumarket.lt\/lt\/wp-json\/wp\/v2\/types\/product"}],"replies":[{"embeddable":true,"href":"https:\/\/baldumarket.lt\/lt\/wp-json\/wp\/v2\/comments?post=156380"}],"wp:featuredmedia":[{"embeddable":true,"href":"https:\/\/baldumarket.lt\/lt\/wp-json\/wp\/v2\/media\/156381"}],"wp:attachment":[{"href":"https:\/\/baldumarket.lt\/lt\/wp-json\/wp\/v2\/media?parent=156380"}],"wp:term":[{"taxonomy":"product_brand","embeddable":true,"href":"https:\/\/baldumarket.lt\/lt\/wp-json\/wp\/v2\/product_brand?post=156380"},{"taxonomy":"product_cat","embeddable":true,"href":"https:\/\/baldumarket.lt\/lt\/wp-json\/wp\/v2\/product_cat?post=156380"},{"taxonomy":"product_tag","embeddable":true,"href":"https:\/\/baldumarket.lt\/lt\/wp-json\/wp\/v2\/product_tag?post=156380"}],"curies":[{"name":"wp","href":"https:\/\/api.w.org\/{rel}","templated":true}]}}