{"id":156375,"date":"2025-12-18T18:31:20","date_gmt":"2025-12-18T15:31:20","guid":{"rendered":"https:\/\/baldumarket.lt\/product\/silke-komoda-rtv-duza-6-szuflad-bialy-polysk-dab-wotan\/"},"modified":"2026-02-05T12:12:47","modified_gmt":"2026-02-05T09:12:47","slug":"silke-komoda-rtv-duza-6-szuflad-bialy-polysk-dab-wotan","status":"publish","type":"product","link":"https:\/\/baldumarket.lt\/lt\/product\/silke-komoda-rtv-duza-6-szuflad-bialy-polysk-dab-wotan\/","title":{"rendered":"Silke TV spintel\u0117, didel\u0117, 6 stal\u010diai, balta blizgi \/ Wotan \u0105\u017euolas"},"content":{"rendered":"<p>Suteikite savo interjerui elegancijos ir funkcionalumo su moderniu \u201cSilke Large 6S Matera \/ Wotan Oak\u201d televizoriaus staliuku. \u0160is unikalus \u201eSilke\u201c kolekcijos staliukas, d\u0117l savo dizaino ir kruop\u0161taus meistri\u0161kumo, yra puikus pasirinkimas visiems, vertinantiems rafinuot\u0105 estetik\u0105 ir auk\u0161tos kokyb\u0117s med\u017eiagas. Erdvumas ir naudojimo paprastumas garantuoja maloni\u0105 patirt\u012f. \u201eSilke\u201c televizoriaus staliukas derina minimalistines formas su unikaliais akcentais, suteikian\u010diais jam unikal\u0173 charakter\u012f. Spintel\u0117je yra \u0161e\u0161i erdv\u016bs stal\u010diai, kuriuose galite susid\u0117ti multimedijos priedus, filmus ir \u017eaidimus, o atidarymo spustel\u0117jus sistema u\u017etikrina skland\u0173 ir lengv\u0105 atidarym\u0105. Su \u201eSilke\u201c staliuku kiekvienas j\u016bs\u0173 svetain\u0117s elementas ras savo viet\u0105, o j\u016bs \u012fgysite daugiau erdv\u0117s ir harmonijos savo namuose. \u201eSilke\u201c televizori\u0173 i\u0161skiria madinga spalv\u0173 gama \u2013 matera ir Wotan \u0105\u017euolo element\u0173 derinys. \u0160is derinys leid\u017eia \u0161iam baldui puikiai dera prie dabartini\u0173 interjero dizaino tendencij\u0173, i\u0161laikant nesenstant\u012f klasikin\u012f stili\u0173. Auk\u0161tos kokyb\u0117s membranin\u0117 folija priekin\u0117se dalyse garantuoja atsparum\u0105 \u012fbr\u0117\u017eimams ir lengv\u0105 valym\u0105.<\/p>","protected":false},"excerpt":{"rendered":"<p>Plotis (cm): 206<br \/>\n\u016agis (cm): 54<br \/>\nGylis (cm): 50<\/p>","protected":false},"featured_media":156376,"comment_status":"open","ping_status":"open","template":"","meta":[],"product_brand":[],"product_cat":[9431,4105,1175],"product_tag":[],"class_list":{"0":"post-156375","1":"product","2":"type-product","3":"status-publish","4":"has-post-thumbnail","6":"product_cat-furniture-system-silke","7":"product_cat-helvetia","8":"product_cat-tv-stands","10":"first","11":"instock","12":"purchasable","13":"product-type-simple"},"_links":{"self":[{"href":"https:\/\/baldumarket.lt\/lt\/wp-json\/wp\/v2\/product\/156375","targetHints":{"allow":["GET"]}}],"collection":[{"href":"https:\/\/baldumarket.lt\/lt\/wp-json\/wp\/v2\/product"}],"about":[{"href":"https:\/\/baldumarket.lt\/lt\/wp-json\/wp\/v2\/types\/product"}],"replies":[{"embeddable":true,"href":"https:\/\/baldumarket.lt\/lt\/wp-json\/wp\/v2\/comments?post=156375"}],"wp:featuredmedia":[{"embeddable":true,"href":"https:\/\/baldumarket.lt\/lt\/wp-json\/wp\/v2\/media\/156376"}],"wp:attachment":[{"href":"https:\/\/baldumarket.lt\/lt\/wp-json\/wp\/v2\/media?parent=156375"}],"wp:term":[{"taxonomy":"product_brand","embeddable":true,"href":"https:\/\/baldumarket.lt\/lt\/wp-json\/wp\/v2\/product_brand?post=156375"},{"taxonomy":"product_cat","embeddable":true,"href":"https:\/\/baldumarket.lt\/lt\/wp-json\/wp\/v2\/product_cat?post=156375"},{"taxonomy":"product_tag","embeddable":true,"href":"https:\/\/baldumarket.lt\/lt\/wp-json\/wp\/v2\/product_tag?post=156375"}],"curies":[{"name":"wp","href":"https:\/\/api.w.org\/{rel}","templated":true}]}}