{"id":156365,"date":"2025-12-18T18:31:01","date_gmt":"2025-12-18T15:31:01","guid":{"rendered":"https:\/\/baldumarket.lt\/product\/silke-komoda-rtv-1d2s-bialy-polysk-dab-wotan\/"},"modified":"2026-02-05T12:12:47","modified_gmt":"2026-02-05T09:12:47","slug":"silke-komoda-rtv-1d2s-bialy-polysk-dab-wotan","status":"publish","type":"product","link":"https:\/\/baldumarket.lt\/lt\/product\/silke-komoda-rtv-1d2s-bialy-polysk-dab-wotan\/","title":{"rendered":"Silke TV spintel\u0117 1D2S, blizgi balta \/ Wotan \u0105\u017euolas"},"content":{"rendered":"<p>Atraskite moderni\u0105 elegancij\u0105, \u012fk\u016bnyt\u0105 minimalistin\u0117je \u201cSilke\u201d kolekcijoje, su unikalia \u201eSilke\u201c televizoriaus spintele 1D2S Matera \/ Wotan Oak. \u0160is baldas \u017eavi ne tik savo funkcionalumu, bet ir originalia estetika, derindamas \u201eWotan\u201c \u0105\u017euolo \u0161ilum\u0105 su moderniais Materos aplinkos spalv\u0173 akcentais. Sukurta mad\u0173 ir \u0161viesi\u0173, erdvi\u0173 interjer\u0173 m\u0117g\u0117jams, \u201eSilke\u201c televizoriaus spintel\u0117 taps bet kurio svetain\u0117s traukos centru, suteikdama tobul\u0105 fon\u0105 kasdien\u0117ms garso ir vaizdo pramogoms. Patirkite nam\u0173 \u012frengimo komfort\u0105 pasirinkdami i\u0161 trij\u0173 \u201eSilke\u201c kolekcijos spalv\u0173 palet\u0117s ir sukurdami erdv\u0119 su charakteriu. \u201eSilke\u201c televizoriaus spintel\u0117 1D2S derina prakti\u0161kus sprendimus su neabejotinu stiliumi. Dvipusis, simetri\u0161kas dizainas apima du erdvius stal\u010dius ir \u012fleid\u017eiam\u0105 skyri\u0173 su atlenkiamu dang\u010diu, leid\u017eiant\u012f lengvai laikyti \u012fvairius priedus \u2013 nuo nuotolinio valdymo pulteli\u0173 iki film\u0173 kolekcij\u0173. \u201ePaspausk, kad atidarytum\u201c stal\u010di\u0173 sistema suteikia modern\u0173 komforto jausm\u0105, garantuodama skland\u0173 ir tyl\u0173 atidarym\u0105, nereikalaujant tradicini\u0173 ranken\u0173.<\/p>","protected":false},"excerpt":{"rendered":"<p>Plotis (cm): 160<br \/>\n\u016agis (cm): 54<br \/>\nGylis (cm): 50<\/p>","protected":false},"featured_media":156366,"comment_status":"open","ping_status":"open","template":"","meta":[],"product_brand":[],"product_cat":[9431,4105,1175],"product_tag":[],"class_list":{"0":"post-156365","1":"product","2":"type-product","3":"status-publish","4":"has-post-thumbnail","6":"product_cat-furniture-system-silke","7":"product_cat-helvetia","8":"product_cat-tv-stands","10":"first","11":"instock","12":"purchasable","13":"product-type-simple"},"_links":{"self":[{"href":"https:\/\/baldumarket.lt\/lt\/wp-json\/wp\/v2\/product\/156365","targetHints":{"allow":["GET"]}}],"collection":[{"href":"https:\/\/baldumarket.lt\/lt\/wp-json\/wp\/v2\/product"}],"about":[{"href":"https:\/\/baldumarket.lt\/lt\/wp-json\/wp\/v2\/types\/product"}],"replies":[{"embeddable":true,"href":"https:\/\/baldumarket.lt\/lt\/wp-json\/wp\/v2\/comments?post=156365"}],"wp:featuredmedia":[{"embeddable":true,"href":"https:\/\/baldumarket.lt\/lt\/wp-json\/wp\/v2\/media\/156366"}],"wp:attachment":[{"href":"https:\/\/baldumarket.lt\/lt\/wp-json\/wp\/v2\/media?parent=156365"}],"wp:term":[{"taxonomy":"product_brand","embeddable":true,"href":"https:\/\/baldumarket.lt\/lt\/wp-json\/wp\/v2\/product_brand?post=156365"},{"taxonomy":"product_cat","embeddable":true,"href":"https:\/\/baldumarket.lt\/lt\/wp-json\/wp\/v2\/product_cat?post=156365"},{"taxonomy":"product_tag","embeddable":true,"href":"https:\/\/baldumarket.lt\/lt\/wp-json\/wp\/v2\/product_tag?post=156365"}],"curies":[{"name":"wp","href":"https:\/\/api.w.org\/{rel}","templated":true}]}}