{"id":156360,"date":"2025-12-18T18:30:52","date_gmt":"2025-12-18T15:30:52","guid":{"rendered":"https:\/\/baldumarket.lt\/product\/silke-komoda-4d2s-matera-dab-wotan\/"},"modified":"2026-02-05T12:12:55","modified_gmt":"2026-02-05T09:12:55","slug":"silke-komoda-4d2s-matera-dab-wotan","status":"publish","type":"product","link":"https:\/\/baldumarket.lt\/lt\/product\/silke-komoda-4d2s-matera-dab-wotan\/","title":{"rendered":"Silke komoda 4D2S Matera \/ Wotan \u0105\u017euolas"},"content":{"rendered":"<p>Atraskite tobul\u0105 dizain\u0105 ir funkcionalum\u0105 su \u201cSilke 4D2S\u201d komoda. \u0160is unikalus blizgios baltos ir \u0161ilto Wotano \u0105\u017euolo atspalvio derinys suteiks j\u016bs\u0173 interjerui modernumo ir elegancijos. \u201eSilke\u201c komoda \u2013 tai baldas, puikiai tinkantis minimalistinio, ta\u010diau i\u0161skirtinio nam\u0173 apstatymo m\u0117g\u0117jams. \u201eSilke\u201c komoda yra 219 cm plo\u010dio, 85 cm auk\u0161\u010dio ir 40 cm gylio, tod\u0117l suteikia daug vietos \u012fvairiems daiktams susid\u0117ti. Prakti\u0161kame interjere yra keturios lentynos u\u017e keturi\u0173 dureli\u0173 ir du erdv\u016bs stal\u010di\u0173 skyriai, leid\u017eiantys tvarkingai organizuoti daiktus. I\u0161skirtinis komodos bruo\u017eas \u2013 jos fasadai, padengti auk\u0161tos kokyb\u0117s membranine pl\u0117vele. Blizgios baltos ir Wotano \u0105\u017euolo apdailos stal\u010diai traukia d\u0117mes\u012f ir suteikia interjerui unikal\u0173 charakter\u012f. \u201ePaspausk, kad atidarytum\u201c sistema yra patogus ir modernus sprendimas, leid\u017eiantis lengvai atidaryti ir dureles, ir stal\u010dius lengvu paspaudimu.<\/p>","protected":false},"excerpt":{"rendered":"<p>Plotis (cm): 219<br \/>\n\u016agis (cm): 85<br \/>\nGylis (cm): 40<\/p>","protected":false},"featured_media":156361,"comment_status":"open","ping_status":"open","template":"","meta":[],"product_brand":[],"product_cat":[9431,1173,4105],"product_tag":[],"class_list":{"0":"post-156360","1":"product","2":"type-product","3":"status-publish","4":"has-post-thumbnail","6":"product_cat-furniture-system-silke","7":"product_cat-chests-of-drawers","8":"product_cat-helvetia","10":"first","11":"instock","12":"purchasable","13":"product-type-simple"},"_links":{"self":[{"href":"https:\/\/baldumarket.lt\/lt\/wp-json\/wp\/v2\/product\/156360","targetHints":{"allow":["GET"]}}],"collection":[{"href":"https:\/\/baldumarket.lt\/lt\/wp-json\/wp\/v2\/product"}],"about":[{"href":"https:\/\/baldumarket.lt\/lt\/wp-json\/wp\/v2\/types\/product"}],"replies":[{"embeddable":true,"href":"https:\/\/baldumarket.lt\/lt\/wp-json\/wp\/v2\/comments?post=156360"}],"wp:featuredmedia":[{"embeddable":true,"href":"https:\/\/baldumarket.lt\/lt\/wp-json\/wp\/v2\/media\/156361"}],"wp:attachment":[{"href":"https:\/\/baldumarket.lt\/lt\/wp-json\/wp\/v2\/media?parent=156360"}],"wp:term":[{"taxonomy":"product_brand","embeddable":true,"href":"https:\/\/baldumarket.lt\/lt\/wp-json\/wp\/v2\/product_brand?post=156360"},{"taxonomy":"product_cat","embeddable":true,"href":"https:\/\/baldumarket.lt\/lt\/wp-json\/wp\/v2\/product_cat?post=156360"},{"taxonomy":"product_tag","embeddable":true,"href":"https:\/\/baldumarket.lt\/lt\/wp-json\/wp\/v2\/product_tag?post=156360"}],"curies":[{"name":"wp","href":"https:\/\/api.w.org\/{rel}","templated":true}]}}