{"id":156355,"date":"2025-12-18T18:30:42","date_gmt":"2025-12-18T15:30:42","guid":{"rendered":"https:\/\/baldumarket.lt\/product\/silke-komoda-4d2s-bialy-polysk-dab-wotan\/"},"modified":"2026-02-05T12:12:55","modified_gmt":"2026-02-05T09:12:55","slug":"silke-komoda-4d2s-bialy-polysk-dab-wotan","status":"publish","type":"product","link":"https:\/\/baldumarket.lt\/lt\/product\/silke-komoda-4d2s-bialy-polysk-dab-wotan\/","title":{"rendered":"Silke komoda 4D2S blizgi balta \/ Wotan \u0105\u017euolas"},"content":{"rendered":"<p>Atraskite i\u0161skirtin\u012f stili\u0173 ir funkcionalum\u0105 su \u201eSilke 4D2S Matera \/ Wotan Oak\u201c komoda, sukurta galvojant apie modern\u0173 interjer\u0105. Vadovaujantis naujausiomis dizaino tendencijomis, \u0161i komoda viename sujungia estetik\u0105 ir prakti\u0161kum\u0105. Si\u016blydama daugyb\u0119 daikt\u0173 laikymo galimybi\u0173, \u201eSilke\u201c komoda tampa ir prakti\u0161ku, ir eleganti\u0161ku j\u016bs\u0173 nam\u0173 papildymu. 219 cm plo\u010dio, 85 cm auk\u0161\u010dio ir 40 cm gylio, ji puikiai tinka tiek erdvioms svetain\u0117ms, tiek ma\u017eesn\u0117ms erdv\u0117ms, tarnaudama kaip prakti\u0161ka daikt\u0173 laikymo vieta ir dekoratyvinis akcentas. Jos patvari ir esteti\u0161ka konstrukcija, pagaminta i\u0161 auk\u0161tos kokyb\u0117s laminuotos plok\u0161t\u0117s, u\u017etikrina, kad \u0161is baldas tarnaus daugel\u012f met\u0173. Komoda padengta modernia membranine folija, kuri daugel\u012f met\u0173 i\u0161laiko nepriekai\u0161ting\u0105 i\u0161vaizd\u0105. Korpusas pagamintas i\u0161 tos pa\u010dios auk\u0161tos kokyb\u0117s laminuotos plok\u0161t\u0117s, u\u017etikrinant subalansuot\u0105 ir harmoning\u0105 dizain\u0105. Naudotos spalvos \u2013 \u0161ilta Matera derinama su nat\u016braliu dviej\u0173 atspalvi\u0173 Wotan \u0105\u017euolu \u2013 suteikia interjerui elegancijos ir modernumo atmosfer\u0105.<\/p>","protected":false},"excerpt":{"rendered":"<p>Plotis (cm): 219<br \/>\n\u016agis (cm): 85<br \/>\nGylis (cm): 40<\/p>","protected":false},"featured_media":156356,"comment_status":"open","ping_status":"open","template":"","meta":[],"product_brand":[],"product_cat":[9431,1173,4105],"product_tag":[],"class_list":{"0":"post-156355","1":"product","2":"type-product","3":"status-publish","4":"has-post-thumbnail","6":"product_cat-furniture-system-silke","7":"product_cat-chests-of-drawers","8":"product_cat-helvetia","10":"first","11":"instock","12":"purchasable","13":"product-type-simple"},"_links":{"self":[{"href":"https:\/\/baldumarket.lt\/lt\/wp-json\/wp\/v2\/product\/156355","targetHints":{"allow":["GET"]}}],"collection":[{"href":"https:\/\/baldumarket.lt\/lt\/wp-json\/wp\/v2\/product"}],"about":[{"href":"https:\/\/baldumarket.lt\/lt\/wp-json\/wp\/v2\/types\/product"}],"replies":[{"embeddable":true,"href":"https:\/\/baldumarket.lt\/lt\/wp-json\/wp\/v2\/comments?post=156355"}],"wp:featuredmedia":[{"embeddable":true,"href":"https:\/\/baldumarket.lt\/lt\/wp-json\/wp\/v2\/media\/156356"}],"wp:attachment":[{"href":"https:\/\/baldumarket.lt\/lt\/wp-json\/wp\/v2\/media?parent=156355"}],"wp:term":[{"taxonomy":"product_brand","embeddable":true,"href":"https:\/\/baldumarket.lt\/lt\/wp-json\/wp\/v2\/product_brand?post=156355"},{"taxonomy":"product_cat","embeddable":true,"href":"https:\/\/baldumarket.lt\/lt\/wp-json\/wp\/v2\/product_cat?post=156355"},{"taxonomy":"product_tag","embeddable":true,"href":"https:\/\/baldumarket.lt\/lt\/wp-json\/wp\/v2\/product_tag?post=156355"}],"curies":[{"name":"wp","href":"https:\/\/api.w.org\/{rel}","templated":true}]}}