{"id":156351,"date":"2025-12-18T18:30:34","date_gmt":"2025-12-18T15:30:34","guid":{"rendered":"https:\/\/baldumarket.lt\/product\/silke-komoda-3d1s-matera-dab-wotan\/"},"modified":"2026-02-05T12:12:55","modified_gmt":"2026-02-05T09:12:55","slug":"silke-komoda-3d1s-matera-dab-wotan","status":"publish","type":"product","link":"https:\/\/baldumarket.lt\/lt\/product\/silke-komoda-3d1s-matera-dab-wotan\/","title":{"rendered":"Silke komoda 3D1S Matera \/ Wotan \u0105\u017euolas"},"content":{"rendered":"<p>Pristatome unikali\u0105 \u201eSilke 3D1S\u201c komod\u0105 blizgios baltos \/ Wotan \u0105\u017euolo spalvos \u2013 tai nesenstan\u010dio elegancijos ir funkcionalumo derinys. \u0160is baldas taps ne tik prakti\u0161ku j\u016bs\u0173 nam\u0173 elementu, bet ir i\u0161skirtiniu akcentu, pabr\u0117\u017eian\u010diu modern\u0173 interjero charakter\u012f.<br \/>\nUnikalus \u201eSilke 3D1S\u201c komodos dizainas pasi\u017eymi trimis durel\u0117mis ir vienu stal\u010diumi, u\u017etikrinan\u010diu patog\u0173 \u012fvairaus dyd\u017eio daikt\u0173 laikym\u0105. U\u017e kiekvien\u0173 tvirtos konstrukcijos dureli\u0173 yra pasl\u0117pta lentyna, leid\u017eianti efektyviai organizuoti daiktus.<br \/>\nD\u0117l modernistinio \u201cspustel\u0117jimo atidarymo\u201d sistemos dizaino tiek durel\u0117s, tiek stal\u010dius lengvai atsidaro vienu paspaudimu, tod\u0117l galima greitai pasiekti vid\u0173 be matom\u0173 ranken\u0173 ir pabr\u0117\u017eti minimalistin\u012f baldo charakter\u012f.<br \/>\nKomoda pagaminta i\u0161 auk\u0161tos kokyb\u0117s laminuotos plok\u0161t\u0117s, u\u017etikrinan\u010dios jos patvarum\u0105 ir atsparum\u0105 kasdieniam naudojimui. Blizg\u016bs fasadai yra apsaugoti membranine pl\u0117vele, kuri ne tik suteikia papildom\u0105 apsaug\u0105, bet ir suteikia prabang\u0173 blizges\u012f. Komodos matmenys \u2013 85 cm auk\u0161\u010dio, 150 cm plo\u010dio ir 40 cm gylio \u2013 idealiai tinka tiek erdvioms svetain\u0117ms, tiek ma\u017eesn\u0117ms erdv\u0117ms, kurioms reikalingas funkcionalus ir stilingas bald\u0173 sprendimas. Harmoningas blizgios baltos spalvos ir \u0161ilto Wotan \u0105\u017euolo atspalvio derinys leid\u017eia jai lengvai priderinti prie \u012fvairi\u0173 interjero dizain\u0173.<br \/>\n\u201eSilke\u201c komoda pristatoma plok\u0161\u010diai supakuota ir sukurta taip, kad j\u0105 b\u016bt\u0173 galima surinkti savaranki\u0161kai, tod\u0117l j\u0105 lengva transportuoti ir surinkti. Komplekte yra atitinkami surinkimo priedai ir i\u0161samios instrukcijos, tod\u0117l surinkimas bus greitas ir nesud\u0117tingas.<\/p>\n<p>Pridedama 2 met\u0173 garantija patvirtina auk\u0161t\u0105 gamybos kokyb\u0119 ir \u012fsipareigojim\u0105 klient\u0173 pasitenkinimui, kuris yra m\u016bs\u0173 prioritetas. Pasirinkdami komod\u0105 i\u0161 \u201eSilke\u201c kolekcijos, renkat\u0117s bald\u0105, kuris atitiks j\u016bs\u0173 l\u016bkes\u010dius tiek esteti\u0161kai, tiek funkcionaliai. Praskaidrinkite savo interjer\u0105 su \u201eSilke 3D1S\u201c komoda \u2013 baldu, kuris ne tik sutvarkys erdv\u0119, bet ir suteiks jai unikalaus \u017eavesio.<\/p>","protected":false},"excerpt":{"rendered":"<p>Plotis (cm): 150<br \/>\n\u016agis (cm): 85<br \/>\nGylis (cm): 40<\/p>","protected":false},"featured_media":156352,"comment_status":"open","ping_status":"open","template":"","meta":[],"product_brand":[],"product_cat":[9431,1173,4105],"product_tag":[],"class_list":{"0":"post-156351","1":"product","2":"type-product","3":"status-publish","4":"has-post-thumbnail","6":"product_cat-furniture-system-silke","7":"product_cat-chests-of-drawers","8":"product_cat-helvetia","10":"first","11":"instock","12":"purchasable","13":"product-type-simple"},"_links":{"self":[{"href":"https:\/\/baldumarket.lt\/lt\/wp-json\/wp\/v2\/product\/156351","targetHints":{"allow":["GET"]}}],"collection":[{"href":"https:\/\/baldumarket.lt\/lt\/wp-json\/wp\/v2\/product"}],"about":[{"href":"https:\/\/baldumarket.lt\/lt\/wp-json\/wp\/v2\/types\/product"}],"replies":[{"embeddable":true,"href":"https:\/\/baldumarket.lt\/lt\/wp-json\/wp\/v2\/comments?post=156351"}],"wp:featuredmedia":[{"embeddable":true,"href":"https:\/\/baldumarket.lt\/lt\/wp-json\/wp\/v2\/media\/156352"}],"wp:attachment":[{"href":"https:\/\/baldumarket.lt\/lt\/wp-json\/wp\/v2\/media?parent=156351"}],"wp:term":[{"taxonomy":"product_brand","embeddable":true,"href":"https:\/\/baldumarket.lt\/lt\/wp-json\/wp\/v2\/product_brand?post=156351"},{"taxonomy":"product_cat","embeddable":true,"href":"https:\/\/baldumarket.lt\/lt\/wp-json\/wp\/v2\/product_cat?post=156351"},{"taxonomy":"product_tag","embeddable":true,"href":"https:\/\/baldumarket.lt\/lt\/wp-json\/wp\/v2\/product_tag?post=156351"}],"curies":[{"name":"wp","href":"https:\/\/api.w.org\/{rel}","templated":true}]}}