{"id":156347,"date":"2025-12-18T18:30:27","date_gmt":"2025-12-18T15:30:27","guid":{"rendered":"https:\/\/baldumarket.lt\/product\/silke-komoda-3d1s-bialy-polysk-dab-wotan\/"},"modified":"2026-02-05T12:12:55","modified_gmt":"2026-02-05T09:12:55","slug":"silke-komoda-3d1s-bialy-polysk-dab-wotan","status":"publish","type":"product","link":"https:\/\/baldumarket.lt\/lt\/product\/silke-komoda-3d1s-bialy-polysk-dab-wotan\/","title":{"rendered":"Silke komoda 3D1S blizgi balta \/ Wotan \u0105\u017euolas"},"content":{"rendered":"<p>Ie\u0161kote komodos, kuri b\u016bt\u0173 ne tik prakti\u0161kas j\u016bs\u0173 nam\u0173 papildymas, bet ir unikalus estetinis akcentas? \u201eSilke 3D1S\u201c komoda patrauklios \u201eMatera\u201c \/ \u201eWotan\u201c \u0105\u017euolo spalv\u0173 gamos \u2013 puikus pasirinkimas! \u0160i moderni ir eleganti\u0161ka \u201eSilke\u201c kolekcijos komoda derina funkcionalum\u0105 ir rafinuot\u0105 stili\u0173.<br \/>\nKomoda \u201eSilke 3D1S\u201c pasi\u017eymi minimalistiniu dizainu ir unikalia apdaila, kuri papildys tiek modern\u0173, tiek klasikin\u012f interjer\u0105. Ji si\u016blo daug vietos daiktams susid\u0117ti d\u0117l trij\u0173 erdvi\u0173 dureli\u0173 su didel\u0117mis lentynomis ir prakti\u0161ko stal\u010diaus. Tai b\u016btinas sprendimas norint sutvarkyti daiktus svetain\u0117je, miegamajame ar darbo kambaryje.<\/p>\n<p>Komoda yra 150 cm plo\u010dio, 85 cm auk\u0161\u010dio ir 40 cm gylio, tod\u0117l puikiai tinka \u012fvairiems kambariams. Pagaminta i\u0161 auk\u0161tos kokyb\u0117s laminuotos plok\u0161t\u0117s, ji garantuoja patvarum\u0105 ir atsparum\u0105 kasdieniam naudojimui. Priekin\u0117s dalys padengtos auk\u0161tos kokyb\u0117s membranine pl\u0117vele, kuri pagerina komodos estetin\u0119 i\u0161vaizd\u0105 ir yra lengvai valoma. Kad b\u016bt\u0173 lengviau naudoti, komoda turi \u2019atidarymo stumiant\u201c sistem\u0105, tod\u0117l dureles ir stal\u010dius atidaryti intuityvu ir be joki\u0173 pastang\u0173. Tai suteikia baldams papildomo modernaus charakterio ir leid\u017eia sukurti minimalistin\u012f dizain\u0105 be matom\u0173 ranken\u0117li\u0173.<br \/>\nKomoda pristatoma plok\u0161\u010diai supakuota, kad j\u0105 b\u016bt\u0173 galima surinkti savaranki\u0161kai. Komplekte yra visi reikalingi surinkimo priedai ir ai\u0161kios instrukcijos, kad surinkimas b\u016bt\u0173 lengvas. \u0160iam tvirtos konstrukcijos baldui taip pat suteikiama 2 met\u0173 garantija.<br \/>\nPadovanokite savo namams bald\u0105, kuris ne tik pad\u0117s sutvarkyti erdv\u0119, bet ir suteiks modernaus elegancijos akcento. Rinkit\u0117s \u201eSilke 3D1S\u201c komod\u0105 \u201eMatera\u201c \/ \u201eWotan Oak\u201c spalvos ir m\u0117gaukit\u0117s komforto bei modernaus stiliaus deriniu kiekvien\u0105 dien\u0105.<\/p>","protected":false},"excerpt":{"rendered":"<p>Plotis (cm): 150<br \/>\n\u016agis (cm): 85<br \/>\nGylis (cm): 40<\/p>","protected":false},"featured_media":156348,"comment_status":"open","ping_status":"open","template":"","meta":[],"product_brand":[],"product_cat":[9431,1173,4105],"product_tag":[],"class_list":{"0":"post-156347","1":"product","2":"type-product","3":"status-publish","4":"has-post-thumbnail","6":"product_cat-furniture-system-silke","7":"product_cat-chests-of-drawers","8":"product_cat-helvetia","10":"first","11":"instock","12":"purchasable","13":"product-type-simple"},"_links":{"self":[{"href":"https:\/\/baldumarket.lt\/lt\/wp-json\/wp\/v2\/product\/156347","targetHints":{"allow":["GET"]}}],"collection":[{"href":"https:\/\/baldumarket.lt\/lt\/wp-json\/wp\/v2\/product"}],"about":[{"href":"https:\/\/baldumarket.lt\/lt\/wp-json\/wp\/v2\/types\/product"}],"replies":[{"embeddable":true,"href":"https:\/\/baldumarket.lt\/lt\/wp-json\/wp\/v2\/comments?post=156347"}],"wp:featuredmedia":[{"embeddable":true,"href":"https:\/\/baldumarket.lt\/lt\/wp-json\/wp\/v2\/media\/156348"}],"wp:attachment":[{"href":"https:\/\/baldumarket.lt\/lt\/wp-json\/wp\/v2\/media?parent=156347"}],"wp:term":[{"taxonomy":"product_brand","embeddable":true,"href":"https:\/\/baldumarket.lt\/lt\/wp-json\/wp\/v2\/product_brand?post=156347"},{"taxonomy":"product_cat","embeddable":true,"href":"https:\/\/baldumarket.lt\/lt\/wp-json\/wp\/v2\/product_cat?post=156347"},{"taxonomy":"product_tag","embeddable":true,"href":"https:\/\/baldumarket.lt\/lt\/wp-json\/wp\/v2\/product_tag?post=156347"}],"curies":[{"name":"wp","href":"https:\/\/api.w.org\/{rel}","templated":true}]}}