{"id":156342,"date":"2025-12-18T18:30:17","date_gmt":"2025-12-18T15:30:17","guid":{"rendered":"https:\/\/baldumarket.lt\/product\/silke-komoda-3-drzwiowa-wysoka-matera-dab-wotan\/"},"modified":"2026-04-12T09:12:23","modified_gmt":"2026-04-12T06:12:23","slug":"silke-komoda-3-drzwiowa-wysoka-matera-dab-wotan","status":"publish","type":"product","link":"https:\/\/baldumarket.lt\/lt\/product\/silke-komoda-3-drzwiowa-wysoka-matera-dab-wotan\/","title":{"rendered":"Silke auk\u0161ta komoda su 3 durimis, Matera \/ Wotan \u0105\u017euolas"},"content":{"rendered":"<p>Pristatome unikali\u0105 auk\u0161t\u0105 \u201eSilke 3D\u201c komod\u0105 \u2013 \u017evilgan\u010dios baltos spalvos su \u0161iltais \u201eWotan Oak\u201c \u0105\u017euolo akcentais. \u0160is eleganti\u0161kas baldas derina modern\u0173 dizain\u0105 su funkcionalumu, tod\u0117l tai puikus pasirinkimas tiems, kurie vertina stili\u0173 ir prakti\u0161kum\u0105. \u201eSilke 3D\u201c \u2013 tai baldas, kuris pakeis j\u016bs\u0173 svetain\u0117s ar darbo kambario interjer\u0105. 130 cm plo\u010dio, 139 cm auk\u0161\u010dio ir 40 cm gylio \u201eSilke 3D\u201c komoda si\u016blo vietos daiktams susid\u0117ti u\u017e trej\u0173 dureli\u0173. Unikalus blizgios baltos spalvos ir rafinuoto \u201eWotan Oak\u201c atspalvio derinys suteikia elegancijos bet kokiam interjerui. Dvejos pusiau \u012fstiklintos de\u0161inin\u0117s durel\u0117s atskleid\u017eia esteti\u0161kai patraukl\u0173 interjer\u0105, o u\u017e kiekvien\u0173 dureli\u0173 yra dvi lentynos, kuriose lengvai sutalpinsite savo daiktus. \u201eSilke\u201c kolekcija prisitaiko prie \u012fvairi\u0173 skoni\u0173, tod\u0117l tai puikus pasirinkimas modernumo ir klasikinio stiliaus m\u0117g\u0117jams. Minimalizmas kartu su unikalia apdaila patraukia d\u0117mes\u012f ir suteikia bet kokiam interjerui unikalaus charakterio. Ne tik i\u0161vaizda, bet ir technin\u0117s detal\u0117s \u012frodo jos unikalum\u0105:<\/p>","protected":false},"excerpt":{"rendered":"<p>Plotis (cm): 130<br \/>\n\u016agis (cm): 139<br \/>\nGylis (cm): 40<\/p>","protected":false},"featured_media":156343,"comment_status":"open","ping_status":"open","template":"","meta":[],"product_brand":[],"product_cat":[9431,1173,4105,2006],"product_tag":[],"class_list":{"0":"post-156342","1":"product","2":"type-product","3":"status-publish","4":"has-post-thumbnail","6":"product_cat-furniture-system-silke","7":"product_cat-chests-of-drawers","8":"product_cat-helvetia","9":"product_cat-vitrines","11":"first","12":"instock","13":"purchasable","14":"product-type-simple"},"_links":{"self":[{"href":"https:\/\/baldumarket.lt\/lt\/wp-json\/wp\/v2\/product\/156342","targetHints":{"allow":["GET"]}}],"collection":[{"href":"https:\/\/baldumarket.lt\/lt\/wp-json\/wp\/v2\/product"}],"about":[{"href":"https:\/\/baldumarket.lt\/lt\/wp-json\/wp\/v2\/types\/product"}],"replies":[{"embeddable":true,"href":"https:\/\/baldumarket.lt\/lt\/wp-json\/wp\/v2\/comments?post=156342"}],"wp:featuredmedia":[{"embeddable":true,"href":"https:\/\/baldumarket.lt\/lt\/wp-json\/wp\/v2\/media\/156343"}],"wp:attachment":[{"href":"https:\/\/baldumarket.lt\/lt\/wp-json\/wp\/v2\/media?parent=156342"}],"wp:term":[{"taxonomy":"product_brand","embeddable":true,"href":"https:\/\/baldumarket.lt\/lt\/wp-json\/wp\/v2\/product_brand?post=156342"},{"taxonomy":"product_cat","embeddable":true,"href":"https:\/\/baldumarket.lt\/lt\/wp-json\/wp\/v2\/product_cat?post=156342"},{"taxonomy":"product_tag","embeddable":true,"href":"https:\/\/baldumarket.lt\/lt\/wp-json\/wp\/v2\/product_tag?post=156342"}],"curies":[{"name":"wp","href":"https:\/\/api.w.org\/{rel}","templated":true}]}}