{"id":156337,"date":"2025-12-18T18:30:07","date_gmt":"2025-12-18T15:30:07","guid":{"rendered":"https:\/\/baldumarket.lt\/product\/silke-komoda-3-drzwiowa-wysoka-bialy-polysk-dab-wotan\/"},"modified":"2026-04-12T09:12:23","modified_gmt":"2026-04-12T06:12:23","slug":"silke-komoda-3-drzwiowa-wysoka-bialy-polysk-dab-wotan","status":"publish","type":"product","link":"https:\/\/baldumarket.lt\/lt\/product\/silke-komoda-3-drzwiowa-wysoka-bialy-polysk-dab-wotan\/","title":{"rendered":"Silke auk\u0161ta komoda su 3 durimis, blizgi balta \/ Wotan \u0105\u017euolas"},"content":{"rendered":"<p>Pristatome jums auk\u0161t\u0105 \u201eSilke 3D\u201c komod\u0105 su stal\u010diais i\u0161 \u201eMatera\u201c \/ \u201eWotan Oak\u201c spalvos, kuri neabejotinai taps bet kurio kambario pagrindiniu akcentu, suteikdama modernaus stiliaus ir elegancijos. \u0160is baldas yra ne tik prakti\u0161kas, bet ir stilingas, su\u017eav\u0117s bet kur\u012f estet\u0105, besidomint\u012f subtiliu dizainu. Kurdami auk\u0161t\u0105 \u201eSilke\u201c komod\u0105, sutelk\u0117me d\u0117mes\u012f \u012f funkcionalumo ir rafinuoto stiliaus derinim\u0105. 130 cm plo\u010dio, 139 cm auk\u0161\u010dio ir 40 cm gylio spintel\u0117 susideda i\u0161 trij\u0173 erdvi\u0173 sekcij\u0173 su durel\u0117mis, \u012fskaitant de\u0161ini\u0105j\u0105, i\u0161 dalies \u012fstiklint\u0105. U\u017e kiekvien\u0173 dur\u0173 yra dvi lentynos, kuriose yra daug vietos \u012fvairiems daiktams laikyti \u2013 nuo knyg\u0173 iki eleganti\u0161k\u0173 stalo \u012franki\u0173. \u201eSilke\u201c kolekcija \u2013 tai atsakas \u012f minimalistini\u0173 bald\u0173, derinam\u0173 su originaliais akcentais, m\u0117g\u0117j\u0173 poreikius. Komodos, kurias galima \u012fsigyti \u201eMatera\u201c ir baltos blizgios spalvos, su b\u016bdingais \u201eWotan Oak\u201c arba modernaus betono spalvos intarpais, pasirinkimas leid\u017eia i\u0161sirinkti bald\u0105, kuris puikiai der\u0117s prie interjero charakterio.<\/p>","protected":false},"excerpt":{"rendered":"<p>Plotis (cm): 130<br \/>\n\u016agis (cm): 139<br \/>\nGylis (cm): 40<\/p>","protected":false},"featured_media":156338,"comment_status":"open","ping_status":"open","template":"","meta":[],"product_brand":[],"product_cat":[9431,1173,4105,2006],"product_tag":[],"class_list":{"0":"post-156337","1":"product","2":"type-product","3":"status-publish","4":"has-post-thumbnail","6":"product_cat-furniture-system-silke","7":"product_cat-chests-of-drawers","8":"product_cat-helvetia","9":"product_cat-vitrines","11":"first","12":"instock","13":"purchasable","14":"product-type-simple"},"_links":{"self":[{"href":"https:\/\/baldumarket.lt\/lt\/wp-json\/wp\/v2\/product\/156337","targetHints":{"allow":["GET"]}}],"collection":[{"href":"https:\/\/baldumarket.lt\/lt\/wp-json\/wp\/v2\/product"}],"about":[{"href":"https:\/\/baldumarket.lt\/lt\/wp-json\/wp\/v2\/types\/product"}],"replies":[{"embeddable":true,"href":"https:\/\/baldumarket.lt\/lt\/wp-json\/wp\/v2\/comments?post=156337"}],"wp:featuredmedia":[{"embeddable":true,"href":"https:\/\/baldumarket.lt\/lt\/wp-json\/wp\/v2\/media\/156338"}],"wp:attachment":[{"href":"https:\/\/baldumarket.lt\/lt\/wp-json\/wp\/v2\/media?parent=156337"}],"wp:term":[{"taxonomy":"product_brand","embeddable":true,"href":"https:\/\/baldumarket.lt\/lt\/wp-json\/wp\/v2\/product_brand?post=156337"},{"taxonomy":"product_cat","embeddable":true,"href":"https:\/\/baldumarket.lt\/lt\/wp-json\/wp\/v2\/product_cat?post=156337"},{"taxonomy":"product_tag","embeddable":true,"href":"https:\/\/baldumarket.lt\/lt\/wp-json\/wp\/v2\/product_tag?post=156337"}],"curies":[{"name":"wp","href":"https:\/\/api.w.org\/{rel}","templated":true}]}}