{"id":156332,"date":"2025-12-18T18:29:57","date_gmt":"2025-12-18T15:29:57","guid":{"rendered":"https:\/\/baldumarket.lt\/product\/silke-komoda-2-drzwiowa-wysoka-prawa-matera-dab-wotan\/"},"modified":"2026-04-12T09:12:23","modified_gmt":"2026-04-12T06:12:23","slug":"silke-komoda-2-drzwiowa-wysoka-prawa-matera-dab-wotan","status":"publish","type":"product","link":"https:\/\/baldumarket.lt\/lt\/product\/silke-komoda-2-drzwiowa-wysoka-prawa-matera-dab-wotan\/","title":{"rendered":"Silke auk\u0161ta komoda su dviem durimis, de\u0161inin\u0117, Matera \/ Wotan \u0105\u017euolas"},"content":{"rendered":"<p>Elegancijos ir funkcionalumo derinys gali \u012fgauti bald\u0173 form\u0105 \u2013 pavyzd\u017eiui, unikali 2D auk\u0161ta de\u0161inin\u0117 indauja i\u0161 \u201cSilke\u201d kolekcijos, blizgios baltos \/ Wotan \u0105\u017euolo spalvos. Sukurta moderni\u0173, bet jauki\u0173 erdvi\u0173 m\u0117g\u0117jams, \u0161i indauja suteikia i\u0161skirtin\u012f akcent\u0105 bet kokiam interjerui, derindama baltos spalvos blizges\u012f su \u0161iltu Wotan \u0105\u017euolo atspalviu. Gaminio matmenys kalba patys u\u017e save: plotis 80 cm, auk\u0161tis 139 cm ir gylis 40 cm \u2013 garantuoja patog\u0173 daikt\u0173 laikym\u0105 ir pakankamai vietos dekoracijoms ar m\u0117gstamiems nieku\u010diams eksponuoti. \u201eSilke\u201c indauja turi dviej\u0173 dureli\u0173 dal\u012f, o de\u0161in\u0117s durel\u0117s yra i\u0161 dalies \u012fstiklintos, tod\u0117l esteti\u0161kai eksponuojate turin\u012f, kartu apsaugodamos j\u012f u\u017e gr\u016bdinto stiklo. Kiekvienoje pus\u0117je yra dviej\u0173 lygi\u0173 lentynos, puikiai tinkan\u010dios \u012fvairi\u0173 daikt\u0173 organizavimui ir laikymui. Dizainerio detal\u0117s, tokios kaip minimalistin\u0117s formos ir unikalus dizainas su \u012fstiklinta dalimi, daug pasako apie \u0161ios kolekcijos charakter\u012f. \u201eSilke\u201c indauja skirta tiems, kurie vertina dizain\u0105, kuris dera su auk\u0161tu funkcionalumu. Priekin\u0117 dalis, pagaminta i\u0161 auk\u0161tos kokyb\u0117s membranin\u0117s folijos, ir korpusas, pagamintas i\u0161 laminuotos bald\u0173 plok\u0161t\u0117s, u\u017etikrina ne tik estetin\u0119 i\u0161vaizd\u0105, bet ir ilgaam\u017ei\u0161kum\u0105. Be to, baldas apr\u016bpintas \u201espustel\u0117jimo atidarymo\u201c sistema, kuri leid\u017eia lengvai atidaryti dureles be ranken\u0117li\u0173 \u2013 pakanka lengvo paspaudimo.<\/p>","protected":false},"excerpt":{"rendered":"<p>Plotis (cm): 80<br \/>\n\u016agis (cm): 139<br \/>\nGylis (cm): 40<\/p>","protected":false},"featured_media":156333,"comment_status":"open","ping_status":"open","template":"","meta":[],"product_brand":[],"product_cat":[9431,1173,4105,2006],"product_tag":[],"class_list":{"0":"post-156332","1":"product","2":"type-product","3":"status-publish","4":"has-post-thumbnail","6":"product_cat-furniture-system-silke","7":"product_cat-chests-of-drawers","8":"product_cat-helvetia","9":"product_cat-vitrines","11":"first","12":"instock","13":"purchasable","14":"product-type-simple"},"_links":{"self":[{"href":"https:\/\/baldumarket.lt\/lt\/wp-json\/wp\/v2\/product\/156332","targetHints":{"allow":["GET"]}}],"collection":[{"href":"https:\/\/baldumarket.lt\/lt\/wp-json\/wp\/v2\/product"}],"about":[{"href":"https:\/\/baldumarket.lt\/lt\/wp-json\/wp\/v2\/types\/product"}],"replies":[{"embeddable":true,"href":"https:\/\/baldumarket.lt\/lt\/wp-json\/wp\/v2\/comments?post=156332"}],"wp:featuredmedia":[{"embeddable":true,"href":"https:\/\/baldumarket.lt\/lt\/wp-json\/wp\/v2\/media\/156333"}],"wp:attachment":[{"href":"https:\/\/baldumarket.lt\/lt\/wp-json\/wp\/v2\/media?parent=156332"}],"wp:term":[{"taxonomy":"product_brand","embeddable":true,"href":"https:\/\/baldumarket.lt\/lt\/wp-json\/wp\/v2\/product_brand?post=156332"},{"taxonomy":"product_cat","embeddable":true,"href":"https:\/\/baldumarket.lt\/lt\/wp-json\/wp\/v2\/product_cat?post=156332"},{"taxonomy":"product_tag","embeddable":true,"href":"https:\/\/baldumarket.lt\/lt\/wp-json\/wp\/v2\/product_tag?post=156332"}],"curies":[{"name":"wp","href":"https:\/\/api.w.org\/{rel}","templated":true}]}}