{"id":156327,"date":"2025-12-18T18:29:48","date_gmt":"2025-12-18T15:29:48","guid":{"rendered":"https:\/\/baldumarket.lt\/product\/silke-komoda-2-drzwiowa-wysoka-prawa-bialy-polysk-dab-wotan\/"},"modified":"2026-04-12T09:12:23","modified_gmt":"2026-04-12T06:12:23","slug":"silke-komoda-2-drzwiowa-wysoka-prawa-bialy-polysk-dab-wotan","status":"publish","type":"product","link":"https:\/\/baldumarket.lt\/lt\/product\/silke-komoda-2-drzwiowa-wysoka-prawa-bialy-polysk-dab-wotan\/","title":{"rendered":"Silke auk\u0161ta komoda su 2 durimis, de\u0161inin\u0117, blizgi balta \/ Wotan \u0105\u017euolas"},"content":{"rendered":"<p>I\u0161skirtinai eleganti\u0161ka ir funkcionali 2D auk\u0161ta de\u0161inin\u0117 komoda i\u0161 \u201cSilke\u201d kolekcijos papildys tiek modern\u0173, tiek klasikin\u012f interjer\u0105, suteikdama elegancijos ir harmonijos. Ry\u0161ki spalv\u0173 gama \u2013 \u201eMatera\u201c ir \u201eWotan\u201c \u0105\u017euolo akcent\u0173 derinys \u2013 sukuria itin stiling\u0105 vaizd\u0105 ir yra ak\u012f traukiantis interjero dizaino elementas. Komoda si\u016blo gerai apgalvot\u0105 daikt\u0173 laikymo erdv\u0119 \u2013 dvejas duris, i\u0161 kuri\u0173 de\u0161in\u0117s durys yra i\u0161 dalies \u012fstiklintos gr\u016bdintu stiklu, kuris ne tik suteikia lengvumo, bet ir u\u017etikrina saug\u0173 naudojim\u0105. U\u017e tvirt\u0173 dur\u0173 yra dvi lentynos, viena kair\u0117je, kita de\u0161in\u0117je, kurios leid\u017eia organizuoti ir palaikyti tvark\u0105 daiktuose. \u201eSilke\u201c komoda turi \u201espustel\u0117jimo b\u016bdu atidarom\u0105\u201c sistem\u0105, u\u017etikrinan\u010di\u0105 patog\u0173 naudojim\u0105 ir minimalistin\u0119 estetik\u0105. Kalbant apie estetik\u0105, komodos priekin\u0117 dalis padengta auk\u0161tos kokyb\u0117s membranine folija, kuri ne tik suteikia eleganti\u0161k\u0105 i\u0161vaizd\u0105, bet ir u\u017etikrina patvarum\u0105 bei lengv\u0105 valym\u0105. Korpusas pagamintas i\u0161 auk\u0161tos kokyb\u0117s laminuotos plok\u0161t\u0117s, kuri garantuoja tvirt\u0105 konstrukcij\u0105 ir atsparum\u0105 kasdieniam naudojimui.<\/p>","protected":false},"excerpt":{"rendered":"<p>Plotis (cm): 80<br \/>\n\u016agis (cm): 139<br \/>\nGylis (cm): 40<\/p>","protected":false},"featured_media":156328,"comment_status":"open","ping_status":"open","template":"","meta":[],"product_brand":[],"product_cat":[9431,1173,4105,2006],"product_tag":[],"class_list":{"0":"post-156327","1":"product","2":"type-product","3":"status-publish","4":"has-post-thumbnail","6":"product_cat-furniture-system-silke","7":"product_cat-chests-of-drawers","8":"product_cat-helvetia","9":"product_cat-vitrines","11":"first","12":"instock","13":"purchasable","14":"product-type-simple"},"_links":{"self":[{"href":"https:\/\/baldumarket.lt\/lt\/wp-json\/wp\/v2\/product\/156327","targetHints":{"allow":["GET"]}}],"collection":[{"href":"https:\/\/baldumarket.lt\/lt\/wp-json\/wp\/v2\/product"}],"about":[{"href":"https:\/\/baldumarket.lt\/lt\/wp-json\/wp\/v2\/types\/product"}],"replies":[{"embeddable":true,"href":"https:\/\/baldumarket.lt\/lt\/wp-json\/wp\/v2\/comments?post=156327"}],"wp:featuredmedia":[{"embeddable":true,"href":"https:\/\/baldumarket.lt\/lt\/wp-json\/wp\/v2\/media\/156328"}],"wp:attachment":[{"href":"https:\/\/baldumarket.lt\/lt\/wp-json\/wp\/v2\/media?parent=156327"}],"wp:term":[{"taxonomy":"product_brand","embeddable":true,"href":"https:\/\/baldumarket.lt\/lt\/wp-json\/wp\/v2\/product_brand?post=156327"},{"taxonomy":"product_cat","embeddable":true,"href":"https:\/\/baldumarket.lt\/lt\/wp-json\/wp\/v2\/product_cat?post=156327"},{"taxonomy":"product_tag","embeddable":true,"href":"https:\/\/baldumarket.lt\/lt\/wp-json\/wp\/v2\/product_tag?post=156327"}],"curies":[{"name":"wp","href":"https:\/\/api.w.org\/{rel}","templated":true}]}}