{"id":156323,"date":"2025-12-18T18:29:40","date_gmt":"2025-12-18T15:29:40","guid":{"rendered":"https:\/\/baldumarket.lt\/product\/silke-komoda-2-drzwiowa-wysoka-lewa-matera-dab-wotan\/"},"modified":"2026-04-12T09:12:23","modified_gmt":"2026-04-12T06:12:23","slug":"silke-komoda-2-drzwiowa-wysoka-lewa-matera-dab-wotan","status":"publish","type":"product","link":"https:\/\/baldumarket.lt\/lt\/product\/silke-komoda-2-drzwiowa-wysoka-lewa-matera-dab-wotan\/","title":{"rendered":"Silke komoda su 2 durimis, auk\u0161ta, kair\u0117, Matera \/ Wotan \u0105\u017euolas"},"content":{"rendered":"<p>Pasinerkite \u012f elegancij\u0105 ir modernum\u0105, kur\u012f j\u016bs\u0173 interjerui suteiks \u201eSilke 2-D\u201c auk\u0161ta kair\u0117 spintel\u0117 blizgios baltos \/ Wotan \u0105\u017euolo spalvos. \u0160i auk\u0161ta indauja i\u0161 \u201eSilke\u201c kolekcijos yra elegancijos ir funkcionalumo derinio sinonimas. Pritaikyta \u0161iuolaikini\u0173 nam\u0173 poreikiams, ji pasi\u017eymi subtiliu blizgios baltos spalvos ir \u0161ilto Wotan \u0105\u017euolo akcento deriniu, suteikian\u010diu interjerui unikalaus charakterio.<br \/>\nIndauja padengta auk\u0161tos kokyb\u0117s membranine pl\u0117vele, u\u017etikrinan\u010dia patvarum\u0105 ir lengv\u0105 prie\u017ei\u016br\u0105. Durel\u0117s su \u201catidarymo stumiant\u201d sistema atsidaro lengvai paspaudus, o gr\u016bdintas stiklas ne tik padidina saugum\u0105, bet ir suteikia modernumo. \u201eSilke\u201c indauja i\u0161siskiria i\u0161 minios dalinai \u012fstiklintomis kairiosiomis durimis, u\u017e kuri\u0173 yra dvi lentynos, suteikian\u010dios papildom\u0173 i\u0161d\u0117stymo ir daikt\u0173 laikymo galimybi\u0173. Esteti\u0161kai patraukli ir prakti\u0161ka, 80 cm plo\u010dio, 139 cm auk\u0161\u010dio ir 40 cm gylio, ji sukurta tiems, kurie ie\u0161ko bald\u0173, pasi\u017eymin\u010di\u0173 ne tik estetiniu patrauklumu, bet ir funkcionalumu. Indauja pagaminta i\u0161 auk\u0161tos kokyb\u0117s laminuotos plok\u0161t\u0117s, u\u017etikrinan\u010dios jos patvarum\u0105 ir atsparum\u0105 kasdieniam naudojimui.<br \/>\nSiekiant dar labiau sustiprinti modern\u0173 dizain\u0105, indauja gali b\u016bti apr\u016bpinta energij\u0105 taupan\u010diu LED ap\u0161vietimu, kur\u012f galima \u012fsigyti kaip papildom\u0105 pried\u0105. Tai ne tik prakti\u0161ka, bet ir b\u016bdas sukurti unikali\u0105 atmosfer\u0105 kambaryje.<br \/>\nKomoda pristatoma savaranki\u0161kai surenkamose pakuot\u0117se, o komplekte yra visi reikalingi surinkimo priedai ir ai\u0161kios instrukcijos, tod\u0117l surinkimas yra greitas ir paprastas. Gamintojas suteikia 2 met\u0173 garantij\u0105 \u201eSilke 2D\u201c auk\u0161tai kairiarankei komodai blizgios baltos \/ Wotan \u0105\u017euolo spalvos, taip patvirtindamas auk\u0161tus kokyb\u0117s standartus. Jei norite, kad j\u016bs\u0173 svetain\u0117 ar darbo kambarys atrodyt\u0173 eleganti\u0161kai ir moderniai, ta\u010diau tuo pa\u010diu i\u0161likt\u0173 prakti\u0161ka erdve, kurioje kiekvienas daiktas ras savo viet\u0105, rinkit\u0117s komod\u0105 i\u0161 \u201eSilke\u201c kolekcijos. Tai ne tik baldas, bet ir funkcionali bei stilinga vitrina bet kokiam interjerui.<\/p>","protected":false},"excerpt":{"rendered":"<p>Plotis (cm): 80<br \/>\n\u016agis (cm): 139<br \/>\nGylis (cm): 40<\/p>","protected":false},"featured_media":156324,"comment_status":"open","ping_status":"open","template":"","meta":[],"product_brand":[],"product_cat":[9431,1173,4105,2006],"product_tag":[],"class_list":{"0":"post-156323","1":"product","2":"type-product","3":"status-publish","4":"has-post-thumbnail","6":"product_cat-furniture-system-silke","7":"product_cat-chests-of-drawers","8":"product_cat-helvetia","9":"product_cat-vitrines","11":"first","12":"instock","13":"purchasable","14":"product-type-simple"},"_links":{"self":[{"href":"https:\/\/baldumarket.lt\/lt\/wp-json\/wp\/v2\/product\/156323","targetHints":{"allow":["GET"]}}],"collection":[{"href":"https:\/\/baldumarket.lt\/lt\/wp-json\/wp\/v2\/product"}],"about":[{"href":"https:\/\/baldumarket.lt\/lt\/wp-json\/wp\/v2\/types\/product"}],"replies":[{"embeddable":true,"href":"https:\/\/baldumarket.lt\/lt\/wp-json\/wp\/v2\/comments?post=156323"}],"wp:featuredmedia":[{"embeddable":true,"href":"https:\/\/baldumarket.lt\/lt\/wp-json\/wp\/v2\/media\/156324"}],"wp:attachment":[{"href":"https:\/\/baldumarket.lt\/lt\/wp-json\/wp\/v2\/media?parent=156323"}],"wp:term":[{"taxonomy":"product_brand","embeddable":true,"href":"https:\/\/baldumarket.lt\/lt\/wp-json\/wp\/v2\/product_brand?post=156323"},{"taxonomy":"product_cat","embeddable":true,"href":"https:\/\/baldumarket.lt\/lt\/wp-json\/wp\/v2\/product_cat?post=156323"},{"taxonomy":"product_tag","embeddable":true,"href":"https:\/\/baldumarket.lt\/lt\/wp-json\/wp\/v2\/product_tag?post=156323"}],"curies":[{"name":"wp","href":"https:\/\/api.w.org\/{rel}","templated":true}]}}