{"id":156319,"date":"2025-12-18T18:29:33","date_gmt":"2025-12-18T15:29:33","guid":{"rendered":"https:\/\/baldumarket.lt\/product\/silke-komoda-2-drzwiowa-wysoka-lewa-bialy-polysk-dab-wotan\/"},"modified":"2026-04-12T09:12:23","modified_gmt":"2026-04-12T06:12:23","slug":"silke-komoda-2-drzwiowa-wysoka-lewa-bialy-polysk-dab-wotan","status":"publish","type":"product","link":"https:\/\/baldumarket.lt\/lt\/product\/silke-komoda-2-drzwiowa-wysoka-lewa-bialy-polysk-dab-wotan\/","title":{"rendered":"Silke komoda, 2 dur\u0173, auk\u0161ta, kair\u0117, blizgi balta \/ Wotan \u0105\u017euolas"},"content":{"rendered":"<p>Atraskite i\u0161skirtin\u0119 elegancij\u0105 ir funkcionalum\u0105 moderniame dizaine \u2013 \u201eSilke 2D\u201c auk\u0161ta kair\u0117 indauja i\u0161 \u201eMatera\u201c \/ \u201eWotan Oak\u201c medienos, sukurta patenkinti i\u0161rankiausi\u0173 vartotoj\u0173, trok\u0161tan\u010di\u0173 minimalistinio, ta\u010diau \u0161ilto interjero, poreikius. \u0160i \u201eSilke\u201c kolekcijos indauja pasi\u017eymi unikaliu \u201eMatera\u201c spalv\u0173 deriniu su rafinuotu akcentu \u2013 nat\u016bralaus \u201eWotan Oak\u201c \u0105\u017euolo intarpais.<br \/>\n\u0160i auk\u0161ta indauja su novatori\u0161ka atidarymo sistema \u201cspustelint\u201d leid\u017eia lengvai pasiekti laikomus daiktus nenaudojant tradicini\u0173 ranken\u0173. Kair\u0117je priekin\u0117je pus\u0117je slepiasi \u012fstiklinta gr\u016bdinto stiklo dalis, kuri u\u017etikrina saugum\u0105 ir suteikia lengvumo, modernumo. Viduje dvi erdvios lentynos kiekvienoje pus\u0117je suteikia optimal\u0173 sprendim\u0105 j\u016bs\u0173 knyg\u0173, aksesuar\u0173 ir dekoracij\u0173 laikymui.<br \/>\nNesvarbu, ar pasirinksite papildom\u0105 LED ap\u0161vietim\u0105, kur\u012f galima \u012fsigyti kaip pasirinktin\u012f pried\u0105, ar pasirinksite ma\u017eesn\u012f ap\u0161vietim\u0105, \u201eSilke 2D\u201c indauja suteiks j\u016bs\u0173 kambariui mading\u0105, bet nesenstant\u012f charakter\u012f. 80 cm plo\u010dio, 139 cm auk\u0161\u010dio ir 40 cm gylio, ji puikiai tiks tiek erdviame svetain\u0117je, tiek jaukiame miegamajame.<\/p>\n<p>\u0160i indauja pagaminta i\u0161 auk\u0161\u010diausios kokyb\u0117s med\u017eiag\u0173 \u2013 jos korpusas ir priekin\u0117 dalis pagaminti i\u0161 tvirtos laminuotos bald\u0173 plok\u0161t\u0117s, tod\u0117l patvarumas derinamas su lengvu valymu. Be to, auk\u0161tos kokyb\u0117s membranin\u0117 folija priekin\u0117se dalyse padidina \u0161io baldo presti\u017e\u0105 ir estetik\u0105. Indauja pristatoma plok\u0161\u010diai supakuota, kad j\u0105 b\u016bt\u0173 galima surinkti patiems, o d\u0117ka tiksliai parengt\u0173 nuosekli\u0173 instrukcij\u0173 surinkimas yra paprastas ir intuityvus.<\/p>\n<p>Pasirinkdami \u201eSilke 2D\u201c auk\u0161t\u0105 kairin\u0119 komod\u0105 \u201eMatera\u201c \/ \u201eWotan Oak\u201c spalvos, j\u016bs taip pat renkat\u0117s patikimum\u0105 ir saugum\u0105, k\u0105 patvirtina gamintojo dvej\u0173 met\u0173 garantija. Tur\u0117dama tris dureles ir keturias lentynas, ji d\u017eiugins jus prakti\u0161kumu ir prabangos prisilietimu, o kartu suteiks i\u0161skirtin\u012f akcent\u0105 j\u016bs\u0173 interjero dizainui.<\/p>","protected":false},"excerpt":{"rendered":"<p>Plotis (cm): 80<br \/>\n\u016agis (cm): 139<br \/>\nGylis (cm): 40<\/p>","protected":false},"featured_media":156320,"comment_status":"open","ping_status":"open","template":"","meta":[],"product_brand":[],"product_cat":[9431,1173,4105,2006],"product_tag":[],"class_list":{"0":"post-156319","1":"product","2":"type-product","3":"status-publish","4":"has-post-thumbnail","6":"product_cat-furniture-system-silke","7":"product_cat-chests-of-drawers","8":"product_cat-helvetia","9":"product_cat-vitrines","11":"first","12":"instock","13":"purchasable","14":"product-type-simple"},"_links":{"self":[{"href":"https:\/\/baldumarket.lt\/lt\/wp-json\/wp\/v2\/product\/156319","targetHints":{"allow":["GET"]}}],"collection":[{"href":"https:\/\/baldumarket.lt\/lt\/wp-json\/wp\/v2\/product"}],"about":[{"href":"https:\/\/baldumarket.lt\/lt\/wp-json\/wp\/v2\/types\/product"}],"replies":[{"embeddable":true,"href":"https:\/\/baldumarket.lt\/lt\/wp-json\/wp\/v2\/comments?post=156319"}],"wp:featuredmedia":[{"embeddable":true,"href":"https:\/\/baldumarket.lt\/lt\/wp-json\/wp\/v2\/media\/156320"}],"wp:attachment":[{"href":"https:\/\/baldumarket.lt\/lt\/wp-json\/wp\/v2\/media?parent=156319"}],"wp:term":[{"taxonomy":"product_brand","embeddable":true,"href":"https:\/\/baldumarket.lt\/lt\/wp-json\/wp\/v2\/product_brand?post=156319"},{"taxonomy":"product_cat","embeddable":true,"href":"https:\/\/baldumarket.lt\/lt\/wp-json\/wp\/v2\/product_cat?post=156319"},{"taxonomy":"product_tag","embeddable":true,"href":"https:\/\/baldumarket.lt\/lt\/wp-json\/wp\/v2\/product_tag?post=156319"}],"curies":[{"name":"wp","href":"https:\/\/api.w.org\/{rel}","templated":true}]}}