{"id":156315,"date":"2025-12-18T18:29:26","date_gmt":"2025-12-18T15:29:26","guid":{"rendered":"https:\/\/baldumarket.lt\/product\/silke-komoda-1d3s-matera-dab-wotan\/"},"modified":"2026-02-05T12:13:03","modified_gmt":"2026-02-05T09:13:03","slug":"silke-komoda-1d3s-matera-dab-wotan","status":"publish","type":"product","link":"https:\/\/baldumarket.lt\/lt\/product\/silke-komoda-1d3s-matera-dab-wotan\/","title":{"rendered":"Silke komoda 1D3S Matera \/ Wotan \u0105\u017euolas"},"content":{"rendered":"<p>Praskaidrinkite savo namus moderniu estetiniu ir rafinuotu stiliumi \u2013 pristatome \u201eSilke 1D3S\u201c komod\u0105, kurios blizgios baltos spalvos atspalviai persipina su \u0161ilta Wotano \u0105\u017euolo tekst\u016bra. \u0160is baldas savo eleganti\u0161k\u0105 i\u0161vaizd\u0105 ir funkcionalum\u0105 \u012fgauna d\u0117l prislopint\u0173 spalv\u0173 ir apgalvoto dizaino.<\/p>\n<p>Komodos dydis (169 cm plo\u010dio, 85 cm auk\u0161\u010dio ir 40 cm gylio) u\u017etikrina tobul\u0105 pusiausvyr\u0105 tarp vietos daiktams susid\u0117ti ir vizualiai lengvo poj\u016b\u010dio, kuris neu\u017egriozdina kambario. Vienerios durel\u0117s su spyna ir trys stal\u010diai suteikia daug vietos \u012fvairiems daiktams \u2013 nuo tekstil\u0117s iki smulki\u0173 aksesuar\u0173 \u2013 susid\u0117ti.<\/p>\n<p>Unikalios \u0161ios komodos savyb\u0117s \u2013 jos priekin\u0117s dalys, padengtos auk\u0161tos kokyb\u0117s membranine pl\u0117vele, u\u017etikrinan\u010dia ne tik ilgaam\u017ei\u0161kum\u0105, bet ir lengv\u0105 valym\u0105. Visas korpusas pagamintas i\u0161 tvirtos laminuotos plok\u0161t\u0117s, kuri yra atspari trin\u010diai ir dr\u0117gmei. \u2019Paspausk, kad atidarytum\u201c sistema panaikina ranken\u0117li\u0173 poreik\u012f ir pabr\u0117\u017eia minimalistin\u012f baldo charakter\u012f, kuris puikiai der\u0117s prie modernaus ir sant\u016braus interjero dizaino. \u0160i komoda atrodo ne\u012ftik\u0117tinai \u012fsp\u016bdingai tiek svetain\u0117je, tiek miegamajame, tarnaudama ne tik kaip prakti\u0161kas priedas, bet ir kaip puikus dekoratyvinis elementas.<br \/>\n\u201eSilke 1D3S\u201c komoda sukurta taip, kad j\u0105 galima surinkti savaranki\u0161kai. Komplekte yra visi reikalingi surinkimo priedai ir ai\u0161kios instrukcijos, tod\u0117l surinkimas yra paprastas ir gal\u0117site greitai d\u017eiaugtis nauju baldu. Be to, suteikiame 2 met\u0173 garantij\u0105, kuri patvirtina m\u016bs\u0173 auk\u0161t\u0105 kokyb\u0119 ir \u012fsipareigojim\u0105 u\u017etikrinti klient\u0173 pasitenkinim\u0105.<\/p>\n<p>Pasirinkite savo interjero spalv\u0173 gam\u0105 su \u201eSilke 1D3S\u201c komoda \u2013 klas\u0117s ir modernaus dizaino simboliu, pritraukian\u010diu kiekvieno, vertinan\u010dio tobul\u0105 estetikos ir prakti\u0161kumo derin\u012f, d\u0117mes\u012f.<\/p>","protected":false},"excerpt":{"rendered":"<p>Plotis (cm): 169<br \/>\n\u016agis (cm): 85<br \/>\nGylis (cm): 40<\/p>","protected":false},"featured_media":156316,"comment_status":"open","ping_status":"open","template":"","meta":[],"product_brand":[],"product_cat":[9431,1173,4105],"product_tag":[],"class_list":{"0":"post-156315","1":"product","2":"type-product","3":"status-publish","4":"has-post-thumbnail","6":"product_cat-furniture-system-silke","7":"product_cat-chests-of-drawers","8":"product_cat-helvetia","10":"first","11":"instock","12":"purchasable","13":"product-type-simple"},"_links":{"self":[{"href":"https:\/\/baldumarket.lt\/lt\/wp-json\/wp\/v2\/product\/156315","targetHints":{"allow":["GET"]}}],"collection":[{"href":"https:\/\/baldumarket.lt\/lt\/wp-json\/wp\/v2\/product"}],"about":[{"href":"https:\/\/baldumarket.lt\/lt\/wp-json\/wp\/v2\/types\/product"}],"replies":[{"embeddable":true,"href":"https:\/\/baldumarket.lt\/lt\/wp-json\/wp\/v2\/comments?post=156315"}],"wp:featuredmedia":[{"embeddable":true,"href":"https:\/\/baldumarket.lt\/lt\/wp-json\/wp\/v2\/media\/156316"}],"wp:attachment":[{"href":"https:\/\/baldumarket.lt\/lt\/wp-json\/wp\/v2\/media?parent=156315"}],"wp:term":[{"taxonomy":"product_brand","embeddable":true,"href":"https:\/\/baldumarket.lt\/lt\/wp-json\/wp\/v2\/product_brand?post=156315"},{"taxonomy":"product_cat","embeddable":true,"href":"https:\/\/baldumarket.lt\/lt\/wp-json\/wp\/v2\/product_cat?post=156315"},{"taxonomy":"product_tag","embeddable":true,"href":"https:\/\/baldumarket.lt\/lt\/wp-json\/wp\/v2\/product_tag?post=156315"}],"curies":[{"name":"wp","href":"https:\/\/api.w.org\/{rel}","templated":true}]}}