{"id":156311,"date":"2025-12-18T18:29:19","date_gmt":"2025-12-18T15:29:19","guid":{"rendered":"https:\/\/baldumarket.lt\/product\/silke-komoda-1d3s-bialy-polysk-dab-wotan\/"},"modified":"2026-02-05T12:13:03","modified_gmt":"2026-02-05T09:13:03","slug":"silke-komoda-1d3s-bialy-polysk-dab-wotan","status":"publish","type":"product","link":"https:\/\/baldumarket.lt\/lt\/product\/silke-komoda-1d3s-bialy-polysk-dab-wotan\/","title":{"rendered":"Silke komoda 1D3S blizgi balta \/ Wotan \u0105\u017euolas"},"content":{"rendered":"<p>Pristatome \u201eSilke 1D3S\u201c komod\u0105 \u201eMatera\u201c spalvos su \u201eWotan\u201c \u0105\u017euolo detal\u0117mis \u2013 eleganti\u0161k\u0105 sprendim\u0105 visiems, ie\u0161kantiems originali\u0173 ir funkcionali\u0173 bald\u0173 savo interjerui. \u0160i unikali \u201eSilke\u201c kolekcijos komoda pasi\u017eymi moderniu dizainu, kuris puikiai papildys tiek modern\u0173, tiek klasikin\u012f interjer\u0105.<\/p>\n<p>Vienoje erdvioje spintel\u0117je, kurios durys atsidaro naudojant novatori\u0161k\u0105 \u201cspustel\u0117jimo b\u016bdu atidarymo\u201d sistem\u0105, yra prakti\u0161ka lentyna, palengvinanti erdv\u0117s organizavim\u0105. Trys stal\u010diai leid\u017eia tvarkingai laikyti \u012fvairius daiktus \u2013 nuo tekstil\u0117s iki smulkios elektronikos. Be to, atvira ni\u0161a suteikia papildom\u0173 daikt\u0173 laikymo galimybi\u0173 arba galimyb\u0119 eksponuoti m\u0117gstamas dekoracijas, suteikdama interjerui unikalumo.<\/p>\n<p>Madinga spalv\u0173 gama \u2013 \u0161iltas Materos atspalvis su i\u0161skirtiniu Wotano \u0105\u017euolo akcentu \u2013 suteikia baldui rafinuoto elegancijos ir paver\u010dia j\u012f i\u0161skirtiniu. Auk\u0161tos kokyb\u0117s membranin\u0117 folija fasaduose ne tik atrodo gra\u017eiai, bet ir u\u017etikrina lengv\u0105 valym\u0105 bei atsparum\u0105 kasdieniam naudojimui. Komoda pagaminta i\u0161 auk\u0161tos kokyb\u0117s laminuotos plok\u0161t\u0117s, u\u017etikrinan\u010dios stabilum\u0105 ir ilgalaik\u012f estetin\u012f patrauklum\u0105. Papildomas privalumas \u2013 galimyb\u0117 surinkti bald\u0105 savaranki\u0161kai, tod\u0117l patogu ir galima asmeni\u0161kai \u012fsitraukti \u012f savo interjero k\u016brimo proces\u0105. Pridedami visi reikalingi surinkimo priedai ir lengvai suprantamos instrukcijos.<\/p>\n<p>Suteikiame 2 met\u0173 garantij\u0105, \u012frodan\u010di\u0105 m\u016bs\u0173 pasitik\u0117jim\u0105 bald\u0173 patvarumu ir kokybe. 169 cm plo\u010dio, 85 cm auk\u0161\u010dio ir 40 cm gylio komoda puikiai tinka \u012fvairaus dyd\u017eio erdv\u0117ms, tod\u0117l yra prakti\u0161kas ir esteti\u0161kas svetain\u0117s, miegamojo ar biuro baldas.<br \/>\nNepraleiskite puikios progos pagyvinti savo interjer\u0105 su \u201eSilke 1D3S\u201c komoda, kuri sujungia minimalistin\u0119 form\u0105 su unikalia apdaila, sukurdama ry\u0161k\u0173 bald\u0105 su nesenstan\u010diu dizainu. Ji ne tik suteiks papildomos vietos daiktams susid\u0117ti, bet ir taps i\u0161skirtiniu akcentu, pabr\u0117\u0161ian\u010diu unikal\u0173 j\u016bs\u0173 nam\u0173 stili\u0173.<\/p>","protected":false},"excerpt":{"rendered":"<p>Plotis (cm): 169<br \/>\n\u016agis (cm): 85<br \/>\nGylis (cm): 40<\/p>","protected":false},"featured_media":156312,"comment_status":"open","ping_status":"open","template":"","meta":[],"product_brand":[],"product_cat":[9431,1173,4105],"product_tag":[],"class_list":{"0":"post-156311","1":"product","2":"type-product","3":"status-publish","4":"has-post-thumbnail","6":"product_cat-furniture-system-silke","7":"product_cat-chests-of-drawers","8":"product_cat-helvetia","10":"first","11":"instock","12":"purchasable","13":"product-type-simple"},"_links":{"self":[{"href":"https:\/\/baldumarket.lt\/lt\/wp-json\/wp\/v2\/product\/156311","targetHints":{"allow":["GET"]}}],"collection":[{"href":"https:\/\/baldumarket.lt\/lt\/wp-json\/wp\/v2\/product"}],"about":[{"href":"https:\/\/baldumarket.lt\/lt\/wp-json\/wp\/v2\/types\/product"}],"replies":[{"embeddable":true,"href":"https:\/\/baldumarket.lt\/lt\/wp-json\/wp\/v2\/comments?post=156311"}],"wp:featuredmedia":[{"embeddable":true,"href":"https:\/\/baldumarket.lt\/lt\/wp-json\/wp\/v2\/media\/156312"}],"wp:attachment":[{"href":"https:\/\/baldumarket.lt\/lt\/wp-json\/wp\/v2\/media?parent=156311"}],"wp:term":[{"taxonomy":"product_brand","embeddable":true,"href":"https:\/\/baldumarket.lt\/lt\/wp-json\/wp\/v2\/product_brand?post=156311"},{"taxonomy":"product_cat","embeddable":true,"href":"https:\/\/baldumarket.lt\/lt\/wp-json\/wp\/v2\/product_cat?post=156311"},{"taxonomy":"product_tag","embeddable":true,"href":"https:\/\/baldumarket.lt\/lt\/wp-json\/wp\/v2\/product_tag?post=156311"}],"curies":[{"name":"wp","href":"https:\/\/api.w.org\/{rel}","templated":true}]}}