{"id":156308,"date":"2025-12-18T18:29:14","date_gmt":"2025-12-18T15:29:14","guid":{"rendered":"https:\/\/baldumarket.lt\/product\/sigma-szafa-2-drzwiowa-z-lustrami-dab-flagstaff-czarny-mat\/"},"modified":"2026-02-05T10:13:29","modified_gmt":"2026-02-05T07:13:29","slug":"sigma-szafa-2-drzwiowa-z-lustrami-dab-flagstaff-czarny-mat","status":"publish","type":"product","link":"https:\/\/baldumarket.lt\/lt\/product\/sigma-szafa-2-drzwiowa-z-lustrami-dab-flagstaff-czarny-mat\/","title":{"rendered":"Sigma dviej\u0173 dur\u0173 spinta su veidrod\u017eiais, Flagstaff \u0105\u017euolo spalvos \/ matin\u0117s juodos spalvos"},"content":{"rendered":"<p>Atraskite funkcionalumo ir modernaus dizaino gro\u017e\u012f su \u201eSigma 2D\u201c veidrodine spinta \u201eArtisan Oak\u201c \/ matin\u0117s juodos spalvos, puikiai tinkan\u010dia tiek eleganti\u0161kam miegamajam, tiek prakti\u0161kai persirengimo kambariui. \u0160is \u012fsp\u016bdingas baldas yra 200 cm plo\u010dio, 213 cm auk\u0161\u010dio ir 64 cm gylio, tod\u0117l jame yra daug vietos \u012fvairiai drabu\u017ei\u0173 ir aksesuar\u0173 kolekcijai. Pagaminta i\u0161 auk\u0161tos kokyb\u0117s laminuotos bald\u0173 plok\u0161t\u0117s, \u201eSigma\u201c spinta garantuoja patvarum\u0105 ir tvirtum\u0105.<\/p>\n<p>\u0160is dviej\u0173 dur\u0173 dizainas su \u012fsp\u016bdingais fasadais, derinan\u010diais klasikin\u012f \u0105\u017euol\u0105 su modernia matine juoda spalva, pasi\u017eymi prakti\u0161komis stumdomomis durimis su veidrod\u017eiais, kurie vizualiai padidins bet kur\u012f kambar\u012f ir suteiks elegancijos. Du drabu\u017ei\u0173 kabliai, po vien\u0105 kiekvienoje pus\u0117je, ir prakti\u0161kos lentynos vir\u0161 kabliuko, leid\u017eia lengvai tvarkingai laikyti drabu\u017eius.<\/p>\n<p>Dar niekada nebuvo taip paprasta susikurti savo erdv\u0119! Be to, galite \u012fsigyti trij\u0173 papildom\u0173 lentyn\u0173 komplekt\u0105, 24RCLI02 tipo, kad spinta b\u016bt\u0173 dar geriau organizuota. Atraskite vizualiai patraukl\u0173 ir lengvai valom\u0105 pavir\u0161i\u0173, kur\u012f suteikia laminuotos bald\u0173 plok\u0161t\u0117s tiek korpuse, tiek fasaduose. Dvej\u0173 met\u0173 garantija suteikia ramyb\u0117s, o j\u016bs\u0173 patogumui pridedamas visas surinkimo pried\u0173 rinkinys ir ai\u0161kios instrukcijos, leid\u017eian\u010dios spint\u0105 surinkti patiems.<\/p>\n<p>Rafinuota estetika kartu su funkcionalumu pavers \u201eSigma 2D\u201c spint\u0105 su \u201eArtisan Oak\u201c \/ matin\u0117s juodos spalvos veidrod\u017eiais harmoningu j\u016bs\u0173 nam\u0173 \u0161ventov\u0117s elementu, \u012fne\u0161an\u010diu tvarkos ir elegancijos \u012f kiekvien\u0105 centimetr\u0105. Rinkit\u0117s i\u0161manius sprendimus savo gyvenamajai erdvei ir m\u0117gaukit\u0117s nesenstan\u010dia spinta, kuri atlaikys kasdienio naudojimo i\u0161\u0161\u016bkius.<\/p>","protected":false},"excerpt":{"rendered":"<p>Plotis (cm): 200<br \/>\n\u016agis (cm): 213<br \/>\nGylis (cm): 64<\/p>","protected":false},"featured_media":156309,"comment_status":"open","ping_status":"open","template":"","meta":[],"product_brand":[],"product_cat":[9409,4105,1177],"product_tag":[],"class_list":{"0":"post-156308","1":"product","2":"type-product","3":"status-publish","4":"has-post-thumbnail","6":"product_cat-furniture-system-sigma","7":"product_cat-helvetia","8":"product_cat-wardrobes","10":"first","11":"instock","12":"purchasable","13":"product-type-simple"},"_links":{"self":[{"href":"https:\/\/baldumarket.lt\/lt\/wp-json\/wp\/v2\/product\/156308","targetHints":{"allow":["GET"]}}],"collection":[{"href":"https:\/\/baldumarket.lt\/lt\/wp-json\/wp\/v2\/product"}],"about":[{"href":"https:\/\/baldumarket.lt\/lt\/wp-json\/wp\/v2\/types\/product"}],"replies":[{"embeddable":true,"href":"https:\/\/baldumarket.lt\/lt\/wp-json\/wp\/v2\/comments?post=156308"}],"wp:featuredmedia":[{"embeddable":true,"href":"https:\/\/baldumarket.lt\/lt\/wp-json\/wp\/v2\/media\/156309"}],"wp:attachment":[{"href":"https:\/\/baldumarket.lt\/lt\/wp-json\/wp\/v2\/media?parent=156308"}],"wp:term":[{"taxonomy":"product_brand","embeddable":true,"href":"https:\/\/baldumarket.lt\/lt\/wp-json\/wp\/v2\/product_brand?post=156308"},{"taxonomy":"product_cat","embeddable":true,"href":"https:\/\/baldumarket.lt\/lt\/wp-json\/wp\/v2\/product_cat?post=156308"},{"taxonomy":"product_tag","embeddable":true,"href":"https:\/\/baldumarket.lt\/lt\/wp-json\/wp\/v2\/product_tag?post=156308"}],"curies":[{"name":"wp","href":"https:\/\/api.w.org\/{rel}","templated":true}]}}