{"id":156300,"date":"2025-12-18T18:29:01","date_gmt":"2025-12-18T15:29:01","guid":{"rendered":"https:\/\/baldumarket.lt\/product\/sigma-stolik-nocny-2-szuflady-dab-flagstaff-czarny-mat\/"},"modified":"2026-02-05T10:13:29","modified_gmt":"2026-02-05T07:13:29","slug":"sigma-stolik-nocny-2-szuflady-dab-flagstaff-czarny-mat","status":"publish","type":"product","link":"https:\/\/baldumarket.lt\/lt\/product\/sigma-stolik-nocny-2-szuflady-dab-flagstaff-czarny-mat\/","title":{"rendered":"\u201eSigma\u201c naktinis staliukas su 2 stal\u010diais, \u0105\u017euolo spalvos, \u201eFlagstaff\u201c \/ matin\u0117s juodos spalvos"},"content":{"rendered":"<p>Atraskite \u201eSigma 2S\u201c naktinio staliuko, pagaminto i\u0161 \u201eFlagstaff Oak\u201c spalvos su matin\u0117s juodos spalvos akcentais, grak\u0161tum\u0105 ir elegancij\u0105, kuris pavers j\u016bs\u0173 miegam\u0105j\u012f ar persirengimo kambar\u012f harmonijos ir modernios estetikos erdve. \u201eSigma 2S\u201c naktinis staliukas yra ne tik stiliaus, bet ir funkcionalumo simbolis, suteikiantis j\u016bs\u0173 poilsio vietai \u0161ilumos ir ramyb\u0117s poj\u016bt\u012f.<br \/>\nI\u0161skirtinis \u201eSigma 24FSLI22\u201c 22 tipo naktinio stalelio patvarumas pasiekiamas naudojant auk\u0161tos kokyb\u0117s baldin\u0119 plok\u0161t\u0119, kuri garantuoja ilgaam\u017ei\u0161kum\u0105. Jis turi du erdvius stal\u010dius, kuriuose lengvai tilps visi j\u016bs\u0173 nieku\u010diai ir b\u016btini aksesuarai. D\u0117l darnaus dizaino \u0161is modelis puikiai dera su \u201eSigma\u201c kolekcijos lovomis.<br \/>\n\u201eSigma\u201c gaminio detal\u0117s yra kruop\u0161\u010diai apgalvotas spalv\u0173 derinys \u2013 nat\u016brali Flagstaff \u0105\u017euolo tekst\u016bra su plieno si\u016blais (folija) kartu su itin matine juoda spalva (folija) sukuria derin\u012f, kuris j\u016bs\u0173 miegamajam suteiks elegancijos ir modernumo. Staliukas \u0161alia lovos atrodo \u012fsp\u016bdingai ir yra naudinga daikt\u0173 laikymo vieta.<br \/>\nI\u0161laikant auk\u0161\u010diausius meistri\u0161kumo standartus, tiek stalo r\u0117mas, tiek fasadas padengti auk\u0161tos kokyb\u0117s laminuota plok\u0161te, atsparia kasdieniam naudojimui. Prakti\u0161kos plastikin\u0117s ranken\u0117l\u0117s puikiai papildo minimalistin\u012f dizain\u0105 ir leid\u017eia lengvai atidaryti stal\u010dius.<\/p>\n<p>\u201eSigma 2S\u201c naktinis staliukas pristatomas supakuotas, kartu su visais reikalingais surinkimo priedais ir ai\u0161kiomis, lengvai suprantamomis instrukcijomis, tod\u0117l j\u012f lengva surinkti. Be to, \u0161iam eleganti\u0161kam naktiniam staliukui suteikiama 2 met\u0173 garantija, patvirtinanti d\u0117mes\u012f detal\u0117ms ir gamybos kokyb\u0119.<br \/>\nJei norite savo miegam\u0105j\u012f paversti unikaliu, auk\u0161tos kokyb\u0117s baldu, rinkit\u0117s \u201eSigma 2S\u201c naktin\u012f staliuk\u0105. Jis ne tik prakti\u0161kas, bet ir i\u0161skirtinai esteti\u0161kas.<\/p>","protected":false},"excerpt":{"rendered":"<p>Plotis (cm): 46<br \/>\n\u016agis (cm): 37<br \/>\nGylis (cm): 40<\/p>","protected":false},"featured_media":156301,"comment_status":"open","ping_status":"open","template":"","meta":[],"product_brand":[],"product_cat":[9409,1176,4105],"product_tag":[],"class_list":{"0":"post-156300","1":"product","2":"type-product","3":"status-publish","4":"has-post-thumbnail","6":"product_cat-furniture-system-sigma","7":"product_cat-bedside-tables","8":"product_cat-helvetia","10":"first","11":"instock","12":"purchasable","13":"product-type-simple"},"_links":{"self":[{"href":"https:\/\/baldumarket.lt\/lt\/wp-json\/wp\/v2\/product\/156300","targetHints":{"allow":["GET"]}}],"collection":[{"href":"https:\/\/baldumarket.lt\/lt\/wp-json\/wp\/v2\/product"}],"about":[{"href":"https:\/\/baldumarket.lt\/lt\/wp-json\/wp\/v2\/types\/product"}],"replies":[{"embeddable":true,"href":"https:\/\/baldumarket.lt\/lt\/wp-json\/wp\/v2\/comments?post=156300"}],"wp:featuredmedia":[{"embeddable":true,"href":"https:\/\/baldumarket.lt\/lt\/wp-json\/wp\/v2\/media\/156301"}],"wp:attachment":[{"href":"https:\/\/baldumarket.lt\/lt\/wp-json\/wp\/v2\/media?parent=156300"}],"wp:term":[{"taxonomy":"product_brand","embeddable":true,"href":"https:\/\/baldumarket.lt\/lt\/wp-json\/wp\/v2\/product_brand?post=156300"},{"taxonomy":"product_cat","embeddable":true,"href":"https:\/\/baldumarket.lt\/lt\/wp-json\/wp\/v2\/product_cat?post=156300"},{"taxonomy":"product_tag","embeddable":true,"href":"https:\/\/baldumarket.lt\/lt\/wp-json\/wp\/v2\/product_tag?post=156300"}],"curies":[{"name":"wp","href":"https:\/\/api.w.org\/{rel}","templated":true}]}}