{"id":156296,"date":"2025-12-18T18:28:56","date_gmt":"2025-12-18T15:28:56","guid":{"rendered":"https:\/\/baldumarket.lt\/product\/sigma-stelaz-flex-do-lozka-180-cm\/"},"modified":"2026-02-05T10:13:29","modified_gmt":"2026-02-05T07:13:29","slug":"sigma-stelaz-flex-do-lozka-180-cm","status":"publish","type":"product","link":"https:\/\/baldumarket.lt\/lt\/product\/sigma-stelaz-flex-do-lozka-180-cm\/","title":{"rendered":"Lovos r\u0117mas \u201eSigma Flex\u201c 180 cm"},"content":{"rendered":"<p>Suteikite savo miegamajam prabangos su eleganti\u0161ku \u201eSigma\u201c lovos r\u0117mu \u201eFlex\u201c, kruop\u0161\u010diai sukurtu \u201eHelvetia\u201c. Atsi\u017evelgiant \u012f auk\u0161\u010diausius komforto ir ilgaam\u017ei\u0161kumo standartus, \u0161is auk\u0161tos kokyb\u0117s lovos r\u0117mas pasi\u017eymi tvirta laminuota bald\u0173 plok\u0161te, u\u017etikrinan\u010dia stabilum\u0105, patvarum\u0105 ir ilgalaik\u012f komfort\u0105.<\/p>\n<p>Minimalistinis dizainas ir neutralios spalvos puikiai tinka bet kokiam interjerui \u2013 tiek moderniam, tiek klasikiniam. 180 cm plotis puikiai dera su pana\u0161aus dyd\u017eio \u010diu\u017einiais, sukurdamas erdvi\u0105 ir patogi\u0105 viet\u0105 atsipalaiduoti. \u017demas, vos 2 cm auk\u0161\u010dio r\u0117mas leid\u017eia patogiai konfig\u016bruoti lov\u0105 su turimais r\u0117mais ir u\u017etikrina eleganti\u0161k\u0105 i\u0161vaizd\u0105, pernelyg neu\u017ego\u017eiant miegamojo erdv\u0117s.<\/p>\n<p>Lengvai surenkamas ir valomas \u201eFlex\u201c lovos r\u0117mas yra prakti\u0161kas ir esteti\u0161kai patrauklus. Laminuotos bald\u0173 plok\u0161t\u0117s naudojimas ne tik padidina konstrukcijos patvarum\u0105, bet ir padeda i\u0161laikyti r\u0117m\u0105 puikios b\u016bkl\u0117s daugel\u012f met\u0173, tod\u0117l jis atsparus \u012fbr\u0117\u017eimams ir pa\u017eeidimams. Pasirinkdami \u201eFlex\u201c r\u0117m\u0105, investuojate \u012f patog\u0173 ir stiling\u0105 savo miegojimo erdv\u0117s papildym\u0105, prid\u0117dami funkcionalumo ir rafinuotos i\u0161vaizdos. Atraskite skirtum\u0105, kur\u012f gali padaryti auk\u0161tos kokyb\u0117s r\u0117mas, ir pasinerkite \u012f gil\u0173, atkuriam\u0105j\u012f mieg\u0105 nakt\u012f po nakties.<\/p>","protected":false},"excerpt":{"rendered":"<p>Plotis (cm): 196<br \/>\nAuk\u0161tis (cm): 2<br \/>\nGylis (cm): 179<\/p>","protected":false},"featured_media":156297,"comment_status":"open","ping_status":"open","template":"","meta":[],"product_brand":[],"product_cat":[9409,1043,4105],"product_tag":[],"class_list":{"0":"post-156296","1":"product","2":"type-product","3":"status-publish","4":"has-post-thumbnail","6":"product_cat-furniture-system-sigma","7":"product_cat-extras","8":"product_cat-helvetia","10":"first","11":"instock","12":"purchasable","13":"product-type-simple"},"_links":{"self":[{"href":"https:\/\/baldumarket.lt\/lt\/wp-json\/wp\/v2\/product\/156296","targetHints":{"allow":["GET"]}}],"collection":[{"href":"https:\/\/baldumarket.lt\/lt\/wp-json\/wp\/v2\/product"}],"about":[{"href":"https:\/\/baldumarket.lt\/lt\/wp-json\/wp\/v2\/types\/product"}],"replies":[{"embeddable":true,"href":"https:\/\/baldumarket.lt\/lt\/wp-json\/wp\/v2\/comments?post=156296"}],"wp:featuredmedia":[{"embeddable":true,"href":"https:\/\/baldumarket.lt\/lt\/wp-json\/wp\/v2\/media\/156297"}],"wp:attachment":[{"href":"https:\/\/baldumarket.lt\/lt\/wp-json\/wp\/v2\/media?parent=156296"}],"wp:term":[{"taxonomy":"product_brand","embeddable":true,"href":"https:\/\/baldumarket.lt\/lt\/wp-json\/wp\/v2\/product_brand?post=156296"},{"taxonomy":"product_cat","embeddable":true,"href":"https:\/\/baldumarket.lt\/lt\/wp-json\/wp\/v2\/product_cat?post=156296"},{"taxonomy":"product_tag","embeddable":true,"href":"https:\/\/baldumarket.lt\/lt\/wp-json\/wp\/v2\/product_tag?post=156296"}],"curies":[{"name":"wp","href":"https:\/\/api.w.org\/{rel}","templated":true}]}}