{"id":156294,"date":"2025-12-18T18:28:53","date_gmt":"2025-12-18T15:28:53","guid":{"rendered":"https:\/\/baldumarket.lt\/product\/sigma-stelaz-flex-do-lozka-160-cm\/"},"modified":"2026-02-05T10:13:29","modified_gmt":"2026-02-05T07:13:29","slug":"sigma-stelaz-flex-do-lozka-160-cm","status":"publish","type":"product","link":"https:\/\/baldumarket.lt\/lt\/product\/sigma-stelaz-flex-do-lozka-160-cm\/","title":{"rendered":"Sigma Flex lovos r\u0117mas 160 cm"},"content":{"rendered":"<p>\u0160is modelis \u201eSigma Flex\u201c lovos r\u0117mas yra ne tik funkcionalus, bet ir stilingas. Sukurtas siekiant u\u017etikrinti maksimal\u0173 stabilum\u0105 ir miego komfort\u0105, r\u0117mas pagamintas i\u0161 auk\u0161tos kokyb\u0117s laminuotos bald\u0173 plok\u0161t\u0117s, u\u017etikrinan\u010dios patvarum\u0105 ir atsparum\u0105 pa\u017eeidimams.<\/p>\n<p>Paprastas ir eleganti\u0161kas dizainas dera prie daugelio \u0161iuolaikini\u0173 interjer\u0173, o r\u0117mo matmenys puikiai dera su 160 cm plo\u010dio \u010diu\u017einiais ir suteikia patog\u0173 pagrind\u0105 poilsiui. Be to, r\u0117m\u0105 lengva surinkti, tod\u0117l j\u016bs\u0173 lova akimirksniu bus paruo\u0161ta naudoti.<\/p>\n<p>Minimalistinis stilius pabr\u0117\u017eia modern\u0173 kambario charakter\u012f, o tvirta \u201eHelvetia\u201c konstrukcija rei\u0161kia, kad \u201eSigma Flex\u201c lovos r\u0117mas tarnaus ilgus metus. Elegancija kartu su prakti\u0161kumu paver\u010dia \u0161\u012f r\u0117m\u0105 puikia investicija visiems, ie\u0161kantiems patogumo ir patvarumo.<\/p>\n<p>Papildykite savo miegam\u0105j\u012f \u201eSigma Flex\u201c lovos r\u0117mu ir m\u0117gaukit\u0117s komfortu bei gro\u017eiu, kur\u012f jis suteiks j\u016bs\u0173 poilsiui.<\/p>","protected":false},"excerpt":{"rendered":"<p>Plotis (cm): 196<br \/>\nAuk\u0161tis (cm): 2<br \/>\nGylis (cm): 159<\/p>","protected":false},"featured_media":156295,"comment_status":"open","ping_status":"open","template":"","meta":[],"product_brand":[],"product_cat":[9409,1043,4105],"product_tag":[],"class_list":{"0":"post-156294","1":"product","2":"type-product","3":"status-publish","4":"has-post-thumbnail","6":"product_cat-furniture-system-sigma","7":"product_cat-extras","8":"product_cat-helvetia","10":"first","11":"instock","12":"purchasable","13":"product-type-simple"},"_links":{"self":[{"href":"https:\/\/baldumarket.lt\/lt\/wp-json\/wp\/v2\/product\/156294","targetHints":{"allow":["GET"]}}],"collection":[{"href":"https:\/\/baldumarket.lt\/lt\/wp-json\/wp\/v2\/product"}],"about":[{"href":"https:\/\/baldumarket.lt\/lt\/wp-json\/wp\/v2\/types\/product"}],"replies":[{"embeddable":true,"href":"https:\/\/baldumarket.lt\/lt\/wp-json\/wp\/v2\/comments?post=156294"}],"wp:featuredmedia":[{"embeddable":true,"href":"https:\/\/baldumarket.lt\/lt\/wp-json\/wp\/v2\/media\/156295"}],"wp:attachment":[{"href":"https:\/\/baldumarket.lt\/lt\/wp-json\/wp\/v2\/media?parent=156294"}],"wp:term":[{"taxonomy":"product_brand","embeddable":true,"href":"https:\/\/baldumarket.lt\/lt\/wp-json\/wp\/v2\/product_brand?post=156294"},{"taxonomy":"product_cat","embeddable":true,"href":"https:\/\/baldumarket.lt\/lt\/wp-json\/wp\/v2\/product_cat?post=156294"},{"taxonomy":"product_tag","embeddable":true,"href":"https:\/\/baldumarket.lt\/lt\/wp-json\/wp\/v2\/product_tag?post=156294"}],"curies":[{"name":"wp","href":"https:\/\/api.w.org\/{rel}","templated":true}]}}