{"id":156292,"date":"2025-12-18T18:28:50","date_gmt":"2025-12-18T15:28:50","guid":{"rendered":"https:\/\/baldumarket.lt\/product\/sigma-polki-do-szafy-przesuwnej-3-sztuki-dab-flagstaff\/"},"modified":"2026-02-05T10:13:29","modified_gmt":"2026-02-05T07:13:29","slug":"sigma-polki-do-szafy-przesuwnej-3-sztuki-dab-flagstaff","status":"publish","type":"product","link":"https:\/\/baldumarket.lt\/lt\/product\/sigma-polki-do-szafy-przesuwnej-3-sztuki-dab-flagstaff\/","title":{"rendered":"Sigma stumdomos spintos lentynos, 3 dalys, \u0105\u017euolo spalvos, Flagstaff mediena"},"content":{"rendered":"<p>Atraskite tobul\u0105 sprendim\u0105 savo stumdom\u0173 spint\u0173 organizavimui \u2013 trij\u0173 \u201eHelvetia\u201c \u201eSigma\u201c lentyn\u0173 komplekt\u0105 su \u0105\u017euolo spalvos v\u0117liavos stiebo apdaila. \u0160ios eleganti\u0161kos lentynos, sukurtos itin kruop\u0161\u010diai, ne tik pagerins j\u016bs\u0173 spintos funkcionalum\u0105, bet ir suteiks modernumo.<br \/>\nKiekviena i\u0161 trij\u0173 lentyn\u0173 yra 98 cm plo\u010dio ir 54 cm gylio, tod\u0117l jose yra pakankamai vietos drabu\u017eiams, knygoms ir kitiems daiktams laikyti. Minimalistinis lentyn\u0173 auk\u0161tis yra 2 cm, tod\u0117l jos beveik nematomos ir neu\u017ego\u017eia spintos vidaus.<br \/>\nLentynos pagamintos i\u0161 auk\u0161tos kokyb\u0117s laminuotos bald\u0173 plok\u0161t\u0117s, \u017einomos d\u0117l savo patvarumo ir lengvo valymo. Jos puikiai dera prie daugelio interjero stili\u0173 ir tarnauja ilgus metus.<br \/>\nProduktas skirtas savaranki\u0161kam surinkimui, tod\u0117l galite pritaikyti lentynas pagal savo individualius poreikius. Pridedamos i\u0161samios instrukcijos ir surinkimo detal\u0117s, tod\u0117l surinkimas bus greitas ir paprastas. Papildomas apra\u0161ymo parametras rei\u0161kia, kad gaunate daugiau nei bald\u0105 \u2013 tai garantuoja, kad renkat\u0117s kruop\u0161\u010diai apgalvot\u0105 ir ilgaam\u017e\u012f gamin\u012f.<\/p>\n<p>Nedvejokite ir investuokite \u012f \u201eSigma\u201c stumdomas spint\u0173 lentynas i\u0161 \u201eHelvetia\u201c \u2013 j\u016bs\u0173 patikim\u0105 partner\u012f organizuojant savo erdv\u0119. Suteikite savo interjerui funkcionalumo ir eleganti\u0161ko dizaino jau \u0161iandien!<\/p>","protected":false},"excerpt":{"rendered":"<p>Plotis (cm): 98<br \/>\nAuk\u0161tis (cm): 2<br \/>\nGylis (cm): 54<\/p>","protected":false},"featured_media":156293,"comment_status":"open","ping_status":"open","template":"","meta":[],"product_brand":[],"product_cat":[9409,1043,4105],"product_tag":[],"class_list":{"0":"post-156292","1":"product","2":"type-product","3":"status-publish","4":"has-post-thumbnail","6":"product_cat-furniture-system-sigma","7":"product_cat-extras","8":"product_cat-helvetia","10":"first","11":"instock","12":"purchasable","13":"product-type-simple"},"_links":{"self":[{"href":"https:\/\/baldumarket.lt\/lt\/wp-json\/wp\/v2\/product\/156292","targetHints":{"allow":["GET"]}}],"collection":[{"href":"https:\/\/baldumarket.lt\/lt\/wp-json\/wp\/v2\/product"}],"about":[{"href":"https:\/\/baldumarket.lt\/lt\/wp-json\/wp\/v2\/types\/product"}],"replies":[{"embeddable":true,"href":"https:\/\/baldumarket.lt\/lt\/wp-json\/wp\/v2\/comments?post=156292"}],"wp:featuredmedia":[{"embeddable":true,"href":"https:\/\/baldumarket.lt\/lt\/wp-json\/wp\/v2\/media\/156293"}],"wp:attachment":[{"href":"https:\/\/baldumarket.lt\/lt\/wp-json\/wp\/v2\/media?parent=156292"}],"wp:term":[{"taxonomy":"product_brand","embeddable":true,"href":"https:\/\/baldumarket.lt\/lt\/wp-json\/wp\/v2\/product_brand?post=156292"},{"taxonomy":"product_cat","embeddable":true,"href":"https:\/\/baldumarket.lt\/lt\/wp-json\/wp\/v2\/product_cat?post=156292"},{"taxonomy":"product_tag","embeddable":true,"href":"https:\/\/baldumarket.lt\/lt\/wp-json\/wp\/v2\/product_tag?post=156292"}],"curies":[{"name":"wp","href":"https:\/\/api.w.org\/{rel}","templated":true}]}}