{"id":156290,"date":"2025-12-18T18:28:47","date_gmt":"2025-12-18T15:28:47","guid":{"rendered":"https:\/\/baldumarket.lt\/product\/sigma-polki-do-szafy-przesuwnej-3-sztuki-dab-artisan-czarny-mat\/"},"modified":"2026-02-05T10:13:37","modified_gmt":"2026-02-05T07:13:37","slug":"sigma-polki-do-szafy-przesuwnej-3-sztuki-dab-artisan-czarny-mat","status":"publish","type":"product","link":"https:\/\/baldumarket.lt\/lt\/product\/sigma-polki-do-szafy-przesuwnej-3-sztuki-dab-artisan-czarny-mat\/","title":{"rendered":"Sigma stumdomos spintos lentynos, 3 dalys, \u201eArtisan Oak\u201c \/ matin\u0117s juodos spalvos"},"content":{"rendered":"<p>\u201eSigma\u201c 3 dali\u0173 stumdomos spintos lentynos, \u201eArtisan Oak\u201c \/ matin\u0117s juodos spalvos \u2013 puikus pasirinkimas elegancijos ir funkcionalumo m\u0117g\u0117jams! Atraskite \u0161io prakti\u0161ko erdv\u0117s organizatoriaus, kuris \u012fne\u0161 tvarkos \u012f j\u016bs\u0173 garderobe, privalumus.<br \/>\n\u201eSigma\u201c kolekcija yra modernaus dizaino, i\u0161siskirian\u010dio i\u0161 minios, sinonimas. \u0160ios stilingos lentynos buvo sukurtos tiems, kurie vertina ne tik estetik\u0105, bet ir patvarum\u0105 bei kasdien\u012f prakti\u0161kum\u0105.<br \/>\n\u0160is trij\u0173 stumdom\u0173 spintos lentyn\u0173 komplektas 24RCLI02 pagamintas i\u0161 auk\u0161\u010diausios kokyb\u0117s laminuotos baldin\u0117s plok\u0161t\u0117s, garantuojan\u010dios patikimum\u0105 ir ilgaam\u017ei\u0161kum\u0105. Be to, j\u0173 lengvas valymas yra savyb\u0117, kuri\u0105 \u012fvertins kiekvienas vartotojas.<br \/>\nUnikali spalv\u0173 gama, kurioje derinami \u0161ilti \u201eArtisan Oak\u201c \u0105\u017euolo atspalviai su eleganti\u0161ka matine juoda spalva, leid\u017eia kurti \u012fvairius interjero dizainus, sukuriant darni\u0105 ir jauki\u0105 atmosfer\u0105.<br \/>\n\u0160ios lentynos puikiai tinka \u201eSigma 24FWLI18\u201c ir \u201e24RCLI18\u201c spintoms, tod\u0117l jas galite lengvai integruoti \u012f esam\u0105 spint\u0105 ir taip gauti papildomos vietos daiktams susid\u0117ti. Patvarum\u0105 garantuoja tiksliai pagaminti ABS kra\u0161tai, matomi pagrindin\u0117se lentyn\u0173 vietose.<\/p>\n<p>Pagrindin\u0117s produkto specifikacijos:<br \/>\nNor\u0117dami papildyti unikal\u0173 savo interjero charakter\u012f \u201eSigma\u201c kolekcijos elementais, rinkit\u0117s \u0161ias funkcionalias lentynas. Taip pat suteikiame 2 met\u0173 garantij\u0105, tod\u0117l galite b\u016bti ram\u016bs d\u0117l savo pirkinio patvarumo ir kokyb\u0117s.<\/p>\n<p>Sukurkite erdv\u0119, kuri atspind\u0117t\u0173 j\u016bs\u0173 stili\u0173. Rinkit\u0117s \u201eSigma\u201c stumdomas spint\u0173 lentynas ir m\u0117gaukit\u0117s gra\u017eiu bei prakti\u0161ku interjeru kiekvien\u0105 dien\u0105!<\/p>","protected":false},"excerpt":{"rendered":"<p>Plotis (cm): 98<br \/>\nAuk\u0161tis (cm): 2<br \/>\nGylis (cm): 54<\/p>","protected":false},"featured_media":156291,"comment_status":"open","ping_status":"open","template":"","meta":[],"product_brand":[],"product_cat":[9409,1043,4105],"product_tag":[],"class_list":{"0":"post-156290","1":"product","2":"type-product","3":"status-publish","4":"has-post-thumbnail","6":"product_cat-furniture-system-sigma","7":"product_cat-extras","8":"product_cat-helvetia","10":"first","11":"instock","12":"purchasable","13":"product-type-simple"},"_links":{"self":[{"href":"https:\/\/baldumarket.lt\/lt\/wp-json\/wp\/v2\/product\/156290","targetHints":{"allow":["GET"]}}],"collection":[{"href":"https:\/\/baldumarket.lt\/lt\/wp-json\/wp\/v2\/product"}],"about":[{"href":"https:\/\/baldumarket.lt\/lt\/wp-json\/wp\/v2\/types\/product"}],"replies":[{"embeddable":true,"href":"https:\/\/baldumarket.lt\/lt\/wp-json\/wp\/v2\/comments?post=156290"}],"wp:featuredmedia":[{"embeddable":true,"href":"https:\/\/baldumarket.lt\/lt\/wp-json\/wp\/v2\/media\/156291"}],"wp:attachment":[{"href":"https:\/\/baldumarket.lt\/lt\/wp-json\/wp\/v2\/media?parent=156290"}],"wp:term":[{"taxonomy":"product_brand","embeddable":true,"href":"https:\/\/baldumarket.lt\/lt\/wp-json\/wp\/v2\/product_brand?post=156290"},{"taxonomy":"product_cat","embeddable":true,"href":"https:\/\/baldumarket.lt\/lt\/wp-json\/wp\/v2\/product_cat?post=156290"},{"taxonomy":"product_tag","embeddable":true,"href":"https:\/\/baldumarket.lt\/lt\/wp-json\/wp\/v2\/product_tag?post=156290"}],"curies":[{"name":"wp","href":"https:\/\/api.w.org\/{rel}","templated":true}]}}