{"id":156286,"date":"2025-12-18T18:28:41","date_gmt":"2025-12-18T15:28:41","guid":{"rendered":"https:\/\/baldumarket.lt\/product\/sigma-lozko-z-pojemnikiem-180-cm-dab-artisan-czarny-mat\/"},"modified":"2026-02-05T10:13:37","modified_gmt":"2026-02-05T07:13:37","slug":"sigma-lozko-z-pojemnikiem-180-cm-dab-artisan-czarny-mat","status":"publish","type":"product","link":"https:\/\/baldumarket.lt\/lt\/product\/sigma-lozko-z-pojemnikiem-180-cm-dab-artisan-czarny-mat\/","title":{"rendered":"\u201eSigma\u201c lova su daiktad\u0117\u017ee, 180 cm, \u201eArtisan Oak\u201c \/ matin\u0117s juodos spalvos"},"content":{"rendered":"<p>Renkantis lov\u0105 savo miegamajam, verta rinktis estetikos ir funkcionalumo derin\u012f, kur\u012f garantuoja madingos \u201eFlagstaff Oak\u201c \/ matin\u0117s juodos spalvos \u201eSigma 180 cm\u201c lova su daiktad\u0117\u017ee. Tai puikus sprendimas \u0161iuolaikinio dizaino m\u0117g\u0117jams, vertinantiems prakti\u0161kus sprendimus su eleganti\u0161ku prisilietimu.<br \/>\n\u201eSigma\u201c lova spinduliuoja minimalistiniu stiliumi, kuris taip pat stebina savo nesenstan\u010diu, ta\u010diau i\u0161skirtiniu spalv\u0173 deriniu \u2013 v\u0117liavos stiebo \u0105\u017euolu ir juodais akcentais. Tai rafinuotas bet kurio miegamojo akcentas, suteikiantis interjerui charakterio ir modernumo.<br \/>\nPagaminta i\u0161skirtiniu tikslumu i\u0161 auk\u0161tos kokyb\u0117s laminuotos plok\u0161t\u0117s, \u201eSigma\u201c lova yra ne tik patvari, bet ir lengvai valoma. Tai suteikia vert\u0117s bet kokiam interjerui ir u\u017etikrina, kad lova puikiai atrodys ilgus metus. Be to, ABS apvadai matomose vietose padidina atsparum\u0105 pa\u017eeidimams ir u\u017etikrina ilgalaik\u0119 estetik\u0105. Vienas did\u017eiausi\u0173 \u201eSigma\u201c lovos privalum\u0173 yra jos daiktad\u0117\u017e\u0117, kurioje galima laikyti papildomas antklodes, pagalves ar paklodes, tod\u0117l ji yra ne tik funkcionali, bet ir ne\u012ftik\u0117tinai prakti\u0161ka. Erdvus 180 \u00d7 200 cm dyd\u017eio miegojimo pavir\u0161ius u\u017etikrina komfort\u0105 ir patogum\u0105, nepriklausomai nuo j\u016bs\u0173 miegojimo poreiki\u0173.<\/p>\n<p>Lovos matmenys (plotis: 186 cm, auk\u0161tis: 90 cm, gylis: 205 cm) sukurti taip, kad der\u0117t\u0173 prie daugumos miegam\u0173j\u0173 dizain\u0173, tuo pa\u010diu i\u0161likdami d\u0117mesio centru. Lova pristatoma plok\u0161\u010dia supakuota, kad j\u0105 b\u016bt\u0173 galima surinkti savaranki\u0161kai. Pridedami visi reikalingi surinkimo priedai ir ai\u0161kios instrukcijos, tod\u0117l visas procesas yra paprastas.<\/p>\n<p>Taip pat verta pamin\u0117ti, kad \u201eSigma\u201c lova su daiktad\u0117\u017ee 180 cm yra investicija, kuriai suteikiama 2 met\u0173 gamintojo garantija, \u012frodanti auk\u0161t\u0105 gamybos kokyb\u0119 ir gaminio patikimum\u0105. Paprasta ir moderni, ta\u010diau i\u0161skirtinai prakti\u0161ka \u2013 \u0161i eleganti\u0161ka \u201eSigma\u201c serijos lova yra puikus pasirinkimas visiems, ie\u0161kantiems stiliaus ir funkcionalumo kompromiso.<\/p>\n<p>Bald\u0173 kategorijoje \u2013 lovose \u2013 \u201eSigma\u201c kolekcija i\u0161siskiria originaliu dizainu ir prakti\u0161kais sprendimais. \u012erenkite savo miegam\u0105j\u012f lova, kuri tarnaus ilgus metus, suteikdama jam modernaus \u017eavesio ir kasdienio komforto.<\/p>","protected":false},"excerpt":{"rendered":"<p>Plotis (cm): 186<br \/>\n\u016agis (cm): 90<br \/>\nGylis (cm): 205<\/p>","protected":false},"featured_media":156287,"comment_status":"open","ping_status":"open","template":"","meta":[],"product_brand":[],"product_cat":[9409,505,4105],"product_tag":[],"class_list":{"0":"post-156286","1":"product","2":"type-product","3":"status-publish","4":"has-post-thumbnail","6":"product_cat-furniture-system-sigma","7":"product_cat-bedroom-beds","8":"product_cat-helvetia","10":"first","11":"instock","12":"purchasable","13":"product-type-simple"},"_links":{"self":[{"href":"https:\/\/baldumarket.lt\/lt\/wp-json\/wp\/v2\/product\/156286","targetHints":{"allow":["GET"]}}],"collection":[{"href":"https:\/\/baldumarket.lt\/lt\/wp-json\/wp\/v2\/product"}],"about":[{"href":"https:\/\/baldumarket.lt\/lt\/wp-json\/wp\/v2\/types\/product"}],"replies":[{"embeddable":true,"href":"https:\/\/baldumarket.lt\/lt\/wp-json\/wp\/v2\/comments?post=156286"}],"wp:featuredmedia":[{"embeddable":true,"href":"https:\/\/baldumarket.lt\/lt\/wp-json\/wp\/v2\/media\/156287"}],"wp:attachment":[{"href":"https:\/\/baldumarket.lt\/lt\/wp-json\/wp\/v2\/media?parent=156286"}],"wp:term":[{"taxonomy":"product_brand","embeddable":true,"href":"https:\/\/baldumarket.lt\/lt\/wp-json\/wp\/v2\/product_brand?post=156286"},{"taxonomy":"product_cat","embeddable":true,"href":"https:\/\/baldumarket.lt\/lt\/wp-json\/wp\/v2\/product_cat?post=156286"},{"taxonomy":"product_tag","embeddable":true,"href":"https:\/\/baldumarket.lt\/lt\/wp-json\/wp\/v2\/product_tag?post=156286"}],"curies":[{"name":"wp","href":"https:\/\/api.w.org\/{rel}","templated":true}]}}