{"id":156282,"date":"2025-12-18T18:28:34","date_gmt":"2025-12-18T15:28:34","guid":{"rendered":"https:\/\/baldumarket.lt\/product\/sigma-lozko-z-pojemnikiem-160-cm-dab-artisan-czarny-mat\/"},"modified":"2026-02-05T10:13:37","modified_gmt":"2026-02-05T07:13:37","slug":"sigma-lozko-z-pojemnikiem-160-cm-dab-artisan-czarny-mat","status":"publish","type":"product","link":"https:\/\/baldumarket.lt\/lt\/product\/sigma-lozko-z-pojemnikiem-160-cm-dab-artisan-czarny-mat\/","title":{"rendered":"\u201eSigma\u201c lova su daiktad\u0117\u017ee, 160 cm, \u201eArtisan Oak\u201c \/ matin\u0117s juodos spalvos"},"content":{"rendered":"<p>Pristatome Jums i\u0161skirtin\u0119 ir funkcionali\u0105 lov\u0105 su daiktad\u0117\u017ee \u2013 \u201eSigma\u201c, kurios matmenys 160 \u00d7 200 cm, modernumo ir elegancijos sinonim\u0105. Tai vieta, kur kiekviena naktis virsta ramiu miegu, o kiekvienas rytas \u2013 kupinas energijos.<br \/>\n\u201eSigma\u201c kolekcija, kurioje yra ir \u0161i unikali lova, nustebins jus minimalistiniu, ta\u010diau ne\u012ftik\u0117tinai stilingu dizainu. \u0160i lova, kuri\u0105 galima \u012fsigyti \u0161ilto, raminan\u010dio \u201eArtisan Oak\u201c atspalvio ir eleganti\u0161kos matin\u0117s juodos spalvos, puikiai papildys \u012fvairius interjero dizainus \u2013 tiek klasikinius, tiek avangardinius.<\/p>\n<p>Pagaminta i\u0161 auk\u0161\u010diausios kokyb\u0117s laminuotos bald\u0173 plok\u0161t\u0117s, \u201eSigma\u201c lova gali pasigirti ne tik gra\u017eia i\u0161vaizda, bet ir patvarumu bei lengvu valymu. Kruop\u0161\u010diai pagamintas ABS kra\u0161tas u\u017etikrina optimal\u0173 patvarum\u0105 ten, kur jo labiausiai reikia. Siekiant dar labiau padidinti komfort\u0105, \u201eSigma\u201c lovoje yra patalyn\u0117s laikymo skyrius, kuriame lengvai telpa papildomos antklod\u0117s, pagalv\u0117s ar paklod\u0117s. \u0160is paprastas sprendimas pad\u0117s sutaupyti vertingos spintos vietos ir palaikyti tvark\u0105 miegamajame.<\/p>\n<p>Gaminio matmenys yra 166 cm plo\u010dio, 90 cm auk\u0161\u010dio ir 205 cm gylio, tod\u0117l jis idealiai tinka tiek erdviems, tiek ma\u017eesniems kambariams. \u201eSigma\u201c yra sukurtas savaranki\u0161kam surinkimui \u2013 rinkinyje yra visi reikalingi surinkimo priedai ir ai\u0161kios instrukcijos, skirtos greitam ir nesud\u0117tingam surinkimui.<\/p>\n<p>Svarbu atkreipti d\u0117mes\u012f, kad \u010diu\u017einys \u012f komplekt\u0105 ne\u012feina, tod\u0117l galite visi\u0161kai laisvai pasirinkti tobul\u0105 160 \u00d7 200 cm model\u012f. Miegamasis pavir\u0161ius puikiai prisitaiko prie standartini\u0173 \u010diu\u017eini\u0173 dyd\u017ei\u0173, u\u017etikrindamas patogi\u0105 miego aplink\u0105.<\/p>\n<p>\u201eSigma\u201c lova su saugykla, 160 CM, \u201eArtisan Oak\u201c \/ matin\u0117s juodos spalvos, yra daugiau nei baldas \u2013 tai investicija \u012f kokybi\u0161k\u0105 poils\u012f. \u0160iam modeliui suteikiama 2 met\u0173 garantija, rodanti m\u016bs\u0173 pasitik\u0117jim\u0105 \u0161io gaminio patvarumu ir patikimumu. Atraskite komfort\u0105, stili\u0173 ir funkcionalum\u0105 su \u201eSigma\u201c lova ir m\u0117gaukit\u0117s auk\u0161\u010diausio lygio poilsiu.<\/p>","protected":false},"excerpt":{"rendered":"<p>Plotis (cm): 166<br \/>\n\u016agis (cm): 90<br \/>\nGylis (cm): 205<\/p>","protected":false},"featured_media":156283,"comment_status":"open","ping_status":"open","template":"","meta":[],"product_brand":[],"product_cat":[9409,505,4105],"product_tag":[],"class_list":{"0":"post-156282","1":"product","2":"type-product","3":"status-publish","4":"has-post-thumbnail","6":"product_cat-furniture-system-sigma","7":"product_cat-bedroom-beds","8":"product_cat-helvetia","10":"first","11":"instock","12":"purchasable","13":"product-type-simple"},"_links":{"self":[{"href":"https:\/\/baldumarket.lt\/lt\/wp-json\/wp\/v2\/product\/156282","targetHints":{"allow":["GET"]}}],"collection":[{"href":"https:\/\/baldumarket.lt\/lt\/wp-json\/wp\/v2\/product"}],"about":[{"href":"https:\/\/baldumarket.lt\/lt\/wp-json\/wp\/v2\/types\/product"}],"replies":[{"embeddable":true,"href":"https:\/\/baldumarket.lt\/lt\/wp-json\/wp\/v2\/comments?post=156282"}],"wp:featuredmedia":[{"embeddable":true,"href":"https:\/\/baldumarket.lt\/lt\/wp-json\/wp\/v2\/media\/156283"}],"wp:attachment":[{"href":"https:\/\/baldumarket.lt\/lt\/wp-json\/wp\/v2\/media?parent=156282"}],"wp:term":[{"taxonomy":"product_brand","embeddable":true,"href":"https:\/\/baldumarket.lt\/lt\/wp-json\/wp\/v2\/product_brand?post=156282"},{"taxonomy":"product_cat","embeddable":true,"href":"https:\/\/baldumarket.lt\/lt\/wp-json\/wp\/v2\/product_cat?post=156282"},{"taxonomy":"product_tag","embeddable":true,"href":"https:\/\/baldumarket.lt\/lt\/wp-json\/wp\/v2\/product_tag?post=156282"}],"curies":[{"name":"wp","href":"https:\/\/api.w.org\/{rel}","templated":true}]}}