{"id":156280,"date":"2025-12-18T18:28:31","date_gmt":"2025-12-18T15:28:31","guid":{"rendered":"https:\/\/baldumarket.lt\/product\/sigma-lozko-z-pojemnikiem-140-cm-dab-flagstaff-czarny-mat\/"},"modified":"2026-02-05T10:13:37","modified_gmt":"2026-02-05T07:13:37","slug":"sigma-lozko-z-pojemnikiem-140-cm-dab-flagstaff-czarny-mat","status":"publish","type":"product","link":"https:\/\/baldumarket.lt\/lt\/product\/sigma-lozko-z-pojemnikiem-140-cm-dab-flagstaff-czarny-mat\/","title":{"rendered":"\u201eSigma\u201c lova su daiktad\u0117\u017ee, 140 cm, \u201eFlagstaff Oak\u201c \/ matin\u0117s juodos spalvos"},"content":{"rendered":"<p>Atraskite tobul\u0105 elegancijos ir funkcionalumo derin\u012f su \u201eSigma\u201c lova su 140 \u00d7 200 cm dyd\u017eio daiktad\u0117\u017ee, sukurta dinami\u0161kam interjerui. \u201eSigma\u201c kolekcija yra daugiau nei tik baldai \u2013 tai modernaus dizaino ir komforto sinonimas, praturtinantis bet kur\u012f miegam\u0105j\u012f \u0161iuolaiki\u0161kos klas\u0117s prisilie\u010diu.<br \/>\n\u201eSigma\u201c lova sukurta galvojant apie auk\u0161\u010diausi\u0105 komfort\u0105 ir ilgaam\u017ei\u0161kum\u0105. Pagaminta i\u0161 auk\u0161\u010diausios kokyb\u0117s laminuotos bald\u0173 plok\u0161t\u0117s, \u0161i lova garantuoja ilgamet\u012f patikim\u0105 naudojim\u0105. Laminatas yra ne tik patvarus, bet ir itin lengvai valomas, o tai labai svarbu norint i\u0161laikyti miegamojo estetik\u0105 ir higien\u0105.<br \/>\nVizualiai \u201eSigma\u201c \u017eavi spalv\u0173 deriniu \u2013 \u0161iltus meni\u0161ko \u0105\u017euolo tonus papildo eleganti\u0161ka matin\u0117 juoda spalva, sukurianti ry\u0161k\u0173 kontrast\u0105 ir suteikianti erdvei i\u0161skirtinumo. Paprastos linijos ir moderni forma pabr\u0117\u0161 tiek minimalistini\u0173, tiek dr\u0105sesni\u0173 i\u0161d\u0117stym\u0173 charakter\u012f.<br \/>\n\u0160io modelio funkcionalum\u0105 atskleid\u017eia papildoma daikt\u0173 laikymo vieta, kuri\u0105 suteikia patalyn\u0117s laikymo spintel\u0117, esanti po lovos r\u0117mu. \u0160is sprendimas i\u0161 esm\u0117s kei\u010dia erdv\u0117s organizavim\u0105, leid\u017eiantis maksimaliai i\u0161naudoti miegamojo erdv\u0119.<br \/>\nLovos matmenys u\u017etikrina komfort\u0105 ir erdvum\u0105: 146 cm plo\u010dio, 90 cm auk\u0161\u010dio ir 205 cm gylio u\u017etikrina patog\u0173 poils\u012f. Ta\u010diau atkreipkite d\u0117mes\u012f, kad lova pristatoma be \u010diu\u017einio, tod\u0117l galite visi\u0161kai pritaikyti miegojimo pavir\u0161i\u0173 pagal savo individualius poreikius.<br \/>\n\u201eSigma\u201c skatina savaranki\u0161k\u0105 surinkim\u0105 \u2013 pakuot\u0117je yra visi reikalingi surinkimo priedai ir ai\u0161kios instrukcijos, tod\u0117l surinkimas paprastas ir malonus. Matomi ABS kra\u0161tai ne tik pagerina estetik\u0105, bet ir padidina atsparum\u0105 kasdieniams pa\u017eeidimams.<br \/>\n\u012esigij\u0119 \u201eSigma\u201c lov\u0105 su vieta daiktams laikyti, gaunate 2 met\u0173 garantij\u0105, kuri patvirtina auk\u0161\u010diausi\u0105 kokyb\u0119 ir pasitik\u0117jim\u0105 prek\u0117s \u017eenklu. Tai ne tik saugumo simbolis, bet ir ilgalaikio, be r\u016bpes\u010di\u0173 naudojimo pa\u017eadas.<br \/>\nInvestuokite \u012f \u201eSigma\u201c lov\u0105 jau \u0161iandien ir paverskite savo miegam\u0105j\u012f komforto oaze, kur kiekviena naktis yra visi\u0161ko atsipalaidavimo ir atsigavimo pa\u017eadas kitai dienai. Suteikite savo interjerui unikal\u0173 charakter\u012f ir gausite harmonijos bei modernumo kupin\u0105 erdv\u0119.<\/p>","protected":false},"excerpt":{"rendered":"<p>Plotis (cm): 146<br \/>\n\u016agis (cm): 90<br \/>\nGylis (cm): 205<\/p>","protected":false},"featured_media":156281,"comment_status":"open","ping_status":"open","template":"","meta":[],"product_brand":[],"product_cat":[9409,505,4105],"product_tag":[],"class_list":{"0":"post-156280","1":"product","2":"type-product","3":"status-publish","4":"has-post-thumbnail","6":"product_cat-furniture-system-sigma","7":"product_cat-bedroom-beds","8":"product_cat-helvetia","10":"first","11":"instock","12":"purchasable","13":"product-type-simple"},"_links":{"self":[{"href":"https:\/\/baldumarket.lt\/lt\/wp-json\/wp\/v2\/product\/156280","targetHints":{"allow":["GET"]}}],"collection":[{"href":"https:\/\/baldumarket.lt\/lt\/wp-json\/wp\/v2\/product"}],"about":[{"href":"https:\/\/baldumarket.lt\/lt\/wp-json\/wp\/v2\/types\/product"}],"replies":[{"embeddable":true,"href":"https:\/\/baldumarket.lt\/lt\/wp-json\/wp\/v2\/comments?post=156280"}],"wp:featuredmedia":[{"embeddable":true,"href":"https:\/\/baldumarket.lt\/lt\/wp-json\/wp\/v2\/media\/156281"}],"wp:attachment":[{"href":"https:\/\/baldumarket.lt\/lt\/wp-json\/wp\/v2\/media?parent=156280"}],"wp:term":[{"taxonomy":"product_brand","embeddable":true,"href":"https:\/\/baldumarket.lt\/lt\/wp-json\/wp\/v2\/product_brand?post=156280"},{"taxonomy":"product_cat","embeddable":true,"href":"https:\/\/baldumarket.lt\/lt\/wp-json\/wp\/v2\/product_cat?post=156280"},{"taxonomy":"product_tag","embeddable":true,"href":"https:\/\/baldumarket.lt\/lt\/wp-json\/wp\/v2\/product_tag?post=156280"}],"curies":[{"name":"wp","href":"https:\/\/api.w.org\/{rel}","templated":true}]}}