{"id":156276,"date":"2025-12-18T18:28:25","date_gmt":"2025-12-18T15:28:25","guid":{"rendered":"https:\/\/baldumarket.lt\/product\/sigma-lozko-180-cm-dab-flagstaff-czarny-mat\/"},"modified":"2026-02-05T10:13:37","modified_gmt":"2026-02-05T07:13:37","slug":"sigma-lozko-180-cm-dab-flagstaff-czarny-mat","status":"publish","type":"product","link":"https:\/\/baldumarket.lt\/lt\/product\/sigma-lozko-180-cm-dab-flagstaff-czarny-mat\/","title":{"rendered":"\u201eSigma\u201c lova, 180 cm, \u201eFlagstaff Oak\u201c \/ matin\u0117 juoda"},"content":{"rendered":"<p>Nuostabi modernumo ir elegancijos simbioz\u0117 \u2013 pristatome \u201eSigma\u201c lov\u0105 180 CM, \u201eArtisan Oak\u201c \/ matin\u0117s juodos spalvos, \u012fk\u016bnijan\u010di\u0105 puik\u0173 dizain\u0105 ir funkcionalum\u0105. Unikal\u0173 dizain\u0105 \u012fkv\u0117p\u0117 geometrini\u0173 form\u0173 paprastumas, kuris i\u0161siskiria bet kurioje \u0161iuolaikin\u0117je miegamojo erdv\u0117je.<\/p>\n<p>M\u016bs\u0173 pasi\u016blyme yra lova, kurios miegamojo plotas yra 180 x 200 cm, su patogiu galv\u016bgaliu, kuris ne tik maloniai d\u017eiugina akis, bet ir suteikia patogi\u0105 atram\u0105 vakare skaitant ar ilsintis. \u201eSigma\u201c kolekcija atspindi i\u0161skirtinio dizaino bruo\u017eus \u2013 minimalistin\u0119 estetik\u0105 ir maksimal\u0173 funkcionalum\u0105.<\/p>\n<p>Lova \u201eSigma\u201c pagaminta i\u0161 auk\u0161\u010diausios kokyb\u0117s laminuotos bald\u0173 plok\u0161t\u0117s, u\u017etikrinan\u010dios patvarum\u0105 ir atsparum\u0105 kasdieniam naudojimui. \u0160i\u0105 dang\u0105 taip pat lengva pri\u017ei\u016br\u0117ti nepriekai\u0161tingai, tod\u0117l ji daugel\u012f met\u0173 atrodys nepriekai\u0161tingai. Be to, visose matomose vietose u\u017ed\u0117ti ABS apvadai, rodantys i\u0161skirtin\u012f d\u0117mes\u012f detal\u0117ms ir patvarum\u0105. Lovos matmenys: plotis 186 cm, gylis 205 cm, auk\u0161tis 90 cm \u2013 idealios proporcijos, kurios leis jums sukurti harmoning\u0105 kompozicij\u0105 su kitais miegamojo baldais. Spalv\u0173 gama, kurioje derinamas dirbtinis \u0105\u017euolas su matine juoda spalva, pasi\u017eymi i\u0161skirtiniu elegancija, pabr\u0117\u017eian\u010dia modernaus interjero charakter\u012f.<br \/>\nNors lova pristatoma be daiktad\u0117\u017e\u0117s, r\u0117mo ar \u010diu\u017einio, didelis jos miegojimo pavir\u0161ius (180 x 200 cm) leid\u017eia naudoti bet kok\u012f \u010diu\u017ein\u012f pagal individualius pageidavimus, u\u017etikrinant auk\u0161\u010diausi\u0105 miego komforto lyg\u012f. \u201eSigma\u201c lova sukurta taip, kad j\u0105 b\u016bt\u0173 galima surinkti savaranki\u0161kai, o tai palengvina pridedami surinkimo priedai ir ai\u0161kios instrukcijos. \u0160ie supakuoti gaminiai yra paruo\u0161ti greitam transformavimui \u012f visavert\u012f miegamojo aksesuar\u0105.<\/p>\n<p>Gaminiui suteikiama 2 met\u0173 garantija, kuri dar labiau patvirtina jo kokyb\u0119 ir patvarum\u0105. Pasirinkdami \u201eSigma Bed 180 CM Artisan Oak \/ Matte Black\u201c lov\u0105, investuojate \u012f bald\u0105, kuris i\u0161tikimai tarnaus jums daugel\u012f met\u0173, o kiekviena naktis, praleista j\u016bs\u0173 lovoje, bus ramyb\u0117s ir atsipalaidavimo naktis.<\/p>","protected":false},"excerpt":{"rendered":"<p>Plotis (cm): 186<br \/>\n\u016agis (cm): 90<br \/>\nGylis (cm): 205<\/p>","protected":false},"featured_media":156277,"comment_status":"open","ping_status":"open","template":"","meta":[],"product_brand":[],"product_cat":[9409,505,4105],"product_tag":[],"class_list":{"0":"post-156276","1":"product","2":"type-product","3":"status-publish","4":"has-post-thumbnail","6":"product_cat-furniture-system-sigma","7":"product_cat-bedroom-beds","8":"product_cat-helvetia","10":"first","11":"instock","12":"purchasable","13":"product-type-simple"},"_links":{"self":[{"href":"https:\/\/baldumarket.lt\/lt\/wp-json\/wp\/v2\/product\/156276","targetHints":{"allow":["GET"]}}],"collection":[{"href":"https:\/\/baldumarket.lt\/lt\/wp-json\/wp\/v2\/product"}],"about":[{"href":"https:\/\/baldumarket.lt\/lt\/wp-json\/wp\/v2\/types\/product"}],"replies":[{"embeddable":true,"href":"https:\/\/baldumarket.lt\/lt\/wp-json\/wp\/v2\/comments?post=156276"}],"wp:featuredmedia":[{"embeddable":true,"href":"https:\/\/baldumarket.lt\/lt\/wp-json\/wp\/v2\/media\/156277"}],"wp:attachment":[{"href":"https:\/\/baldumarket.lt\/lt\/wp-json\/wp\/v2\/media?parent=156276"}],"wp:term":[{"taxonomy":"product_brand","embeddable":true,"href":"https:\/\/baldumarket.lt\/lt\/wp-json\/wp\/v2\/product_brand?post=156276"},{"taxonomy":"product_cat","embeddable":true,"href":"https:\/\/baldumarket.lt\/lt\/wp-json\/wp\/v2\/product_cat?post=156276"},{"taxonomy":"product_tag","embeddable":true,"href":"https:\/\/baldumarket.lt\/lt\/wp-json\/wp\/v2\/product_tag?post=156276"}],"curies":[{"name":"wp","href":"https:\/\/api.w.org\/{rel}","templated":true}]}}