{"id":156273,"date":"2025-12-18T18:28:20","date_gmt":"2025-12-18T15:28:20","guid":{"rendered":"https:\/\/baldumarket.lt\/product\/sigma-lozko-180-cm-dab-artisan-czarny-mat\/"},"modified":"2026-02-05T10:13:45","modified_gmt":"2026-02-05T07:13:45","slug":"sigma-lozko-180-cm-dab-artisan-czarny-mat","status":"publish","type":"product","link":"https:\/\/baldumarket.lt\/lt\/product\/sigma-lozko-180-cm-dab-artisan-czarny-mat\/","title":{"rendered":"\u201eSigma\u201c lova, 180 cm, \u201eArtisan Oak\u201c \/ matin\u0117s juodos spalvos"},"content":{"rendered":"<p>Did\u017eiuojam\u0117s gal\u0117dami pristatyti unikali\u0105 lov\u0105 i\u0161 naujausios \u201eSigma\u201c kolekcijos \u2013 \u201eSigma 180 CM Flagstaff Oak \/ Matte Black\u201c lov\u0105. Jos netradicinis, ta\u010diau paprastas ir funkcionalus dizainas suteiks unikalumo bet kuriame miegamajame. Tai pasirinkimas tiems, kurie vertina auk\u0161t\u0105 meistri\u0161kumo kokyb\u0119 ir modernias, madingas spalvas.<\/p>\n<p>D\u0117l auk\u0161\u010diausios kokyb\u0117s bald\u0173 plok\u0161t\u0117s naudojimo \u201eSigma\u201c lova yra ne tik patvari ir atspari, bet ir lengvai valoma. Paprastos formos ir subtili apdaila puikiai papildys modern\u0173 interjer\u0105, suteikdama elegancijos ir gaivumo. Sodrus \u0105\u017euolo ra\u0161tas, \u012fpintas \u012f lovos konstrukcij\u0105, kartu su matin\u0117s juodos spalvos akcentais yra modernumo ir stiliaus sinonimas, tikrai prad\u017eiuginsiantis net ir i\u0161rankiausius klientus.<\/p>\n<p>I\u0161skirtinis \u201eSigma 180 CM\u201c lovos bruo\u017eas \u2013 180 \u00d7 200 cm miegojimo plotas, u\u017etikrinantis komfort\u0105 ir ram\u0173, atkuriant\u012f mieg\u0105. Ta\u010diau atkreipkite d\u0117mes\u012f, kad komplekte n\u0117ra daiktad\u0117\u017e\u0117s, r\u0117mo ar \u010diu\u017einio, tod\u0117l galite \u0161iuos elementus pritaikyti pagal savo individualius poreikius.<br \/>\n\u0160ios lovos konstrukcijoje naudojamos med\u017eiagos garantuoja ilgaam\u017ei\u0161kum\u0105 \u2013 auk\u0161tos kokyb\u0117s laminuota bald\u0173 plok\u0161t\u0117 ir tvirti ABS kra\u0161tai pa\u017eeid\u017eiamiausiose vietose yra ne tik ilgaam\u017ei\u0161kumo \u017eenklas, bet ir d\u0117mesio kiekvienai, net ir ma\u017eiausiai, detalei \u012frodymas.<br \/>\nGaminio technin\u0117s specifikacijos yra \u0161ios: plotis: 186 cm, auk\u0161tis: 90 cm ir gylis: 205 cm. \u201eFlagstaff Oak\u201c spalv\u0173 gama kartu su matine juoda spalva i\u0161skiria \u0161\u012f bald\u0105 i\u0161 \u012fprast\u0173 miegamojo bald\u0173. Lova pristatoma savaranki\u0161kai surenkamose pakuot\u0117se \u2013 mes gerbiame j\u016bs\u0173 laik\u0105, tod\u0117l pateikiame vis\u0105 surinkimo pried\u0173 rinkin\u012f ir ai\u0161kias instrukcijas, kurios pad\u0117s greitai ir lengvai surinkti.<br \/>\nTaip pat u\u017etikriname saugumo ir ramyb\u0117s jausm\u0105 \u2013 \u201eSigma 180 CM\u201c lovai suteikiama 2 met\u0173 gamintojo garantija. Miegokite ramiai lovoje, kuri ne tik maloni akiai, bet ir daugel\u012f met\u0173 yra patvari bei kokybi\u0161ka.<br \/>\nI\u0161sirinkite \u201eSigma 180 CM Flagstaff Oak \/ Matte Black\u201c lov\u0105 ir paverskite savo miegam\u0105j\u012f ramyb\u0117s, komforto ir modernumo oaze, \u017eavin\u010dia savo paprastumu ir elegancija. Suteikite sau galimyb\u0119 pakeisti savo gyvenam\u0105j\u0105 erdv\u0119, pasitelkiant naujausias interjero dizaino tendencijas.<\/p>","protected":false},"excerpt":{"rendered":"<p>Plotis (cm): 186<br \/>\n\u016agis (cm): 90<br \/>\nGylis (cm): 205<\/p>","protected":false},"featured_media":156274,"comment_status":"open","ping_status":"open","template":"","meta":[],"product_brand":[],"product_cat":[9409,505,4105],"product_tag":[],"class_list":{"0":"post-156273","1":"product","2":"type-product","3":"status-publish","4":"has-post-thumbnail","6":"product_cat-furniture-system-sigma","7":"product_cat-bedroom-beds","8":"product_cat-helvetia","10":"first","11":"instock","12":"purchasable","13":"product-type-simple"},"_links":{"self":[{"href":"https:\/\/baldumarket.lt\/lt\/wp-json\/wp\/v2\/product\/156273","targetHints":{"allow":["GET"]}}],"collection":[{"href":"https:\/\/baldumarket.lt\/lt\/wp-json\/wp\/v2\/product"}],"about":[{"href":"https:\/\/baldumarket.lt\/lt\/wp-json\/wp\/v2\/types\/product"}],"replies":[{"embeddable":true,"href":"https:\/\/baldumarket.lt\/lt\/wp-json\/wp\/v2\/comments?post=156273"}],"wp:featuredmedia":[{"embeddable":true,"href":"https:\/\/baldumarket.lt\/lt\/wp-json\/wp\/v2\/media\/156274"}],"wp:attachment":[{"href":"https:\/\/baldumarket.lt\/lt\/wp-json\/wp\/v2\/media?parent=156273"}],"wp:term":[{"taxonomy":"product_brand","embeddable":true,"href":"https:\/\/baldumarket.lt\/lt\/wp-json\/wp\/v2\/product_brand?post=156273"},{"taxonomy":"product_cat","embeddable":true,"href":"https:\/\/baldumarket.lt\/lt\/wp-json\/wp\/v2\/product_cat?post=156273"},{"taxonomy":"product_tag","embeddable":true,"href":"https:\/\/baldumarket.lt\/lt\/wp-json\/wp\/v2\/product_tag?post=156273"}],"curies":[{"name":"wp","href":"https:\/\/api.w.org\/{rel}","templated":true}]}}