{"id":156271,"date":"2025-12-18T18:28:17","date_gmt":"2025-12-18T15:28:17","guid":{"rendered":"https:\/\/baldumarket.lt\/product\/sigma-lozko-160-cm-dab-flagstaff-czarny-mat\/"},"modified":"2026-02-05T10:13:45","modified_gmt":"2026-02-05T07:13:45","slug":"sigma-lozko-160-cm-dab-flagstaff-czarny-mat","status":"publish","type":"product","link":"https:\/\/baldumarket.lt\/lt\/product\/sigma-lozko-160-cm-dab-flagstaff-czarny-mat\/","title":{"rendered":"\u201eSigma\u201c lova, 160 cm, \u201eFlagstaff Oak\u201c \/ matin\u0117 juoda"},"content":{"rendered":"<p>Atraskite nauj\u0105 miego kokyb\u0119 jaukiame ir stilingame interjere, pasirinkdami \u201eSigma Bed 160 cm Artisan Oak \/ Matte Black\u201c lov\u0105. \u0160is paprastos, bet funkcionalios formos baldas \u012fne\u0161 pasaulinio lygio dizaino \u012f j\u016bs\u0173 miegam\u0105j\u012f. Moderni spalv\u0173 gama puikiai dera su \u0161iuolaikin\u0117mis interjero dizaino tendencijomis.<\/p>\n<p>Sukurta galvojant apie patvarum\u0105 ir estetik\u0105, \u201eSigma\u201c lova pagaminta i\u0161 auk\u0161\u010diausios kokyb\u0117s laminuotos bald\u0173 plok\u0161t\u0117s, tod\u0117l j\u0105 galima naudoti ilg\u0105 laik\u0105, nesijaudinant d\u0117l greito nusid\u0117v\u0117jimo. Laminuotas pavir\u0161ius yra itin atsparus \u012fbr\u0117\u017eimams ir lengvai valomas, tod\u0117l j\u016bs\u0173 lova daugel\u012f met\u0173 atrodys kaip nauja.<\/p>\n<p>Dizainerio sukurto galv\u016bgalio konstrukcija suteikia visai konstrukcijai unikalumo ir tuo pa\u010diu metu u\u017etikrina patogi\u0105 atram\u0105, b\u016btin\u0105 vakarui skaitant knyg\u0105 ar \u017ei\u016brint m\u0117gstam\u0105 film\u0105. Centrin\u0117je dalyje yra erdvi 160 x 200 cm miegojimo zona, kurioje gali atsipalaiduoti du \u017emon\u0117s. Atsi\u017evelgiant \u012f individualius pageidavimus ir poreik\u012f pritaikyti baldus prie savo interjero, \u201eSigma\u201c lova pristatoma savaranki\u0161kai surenkamose pakuot\u0117se. Pilnas surinkimo pried\u0173 rinkinys ir lengvai suprantamos instrukcijos leis jums lengvai surinkti bald\u0105 ir suteikti asmeninio pasitenkinimo jausm\u0105 i\u0161 savo rank\u0173 darbo.<\/p>\n<p>Kontrastingas \u0161ilto meni\u0161ko \u0105\u017euolo ir sodrios, eleganti\u0161kos matin\u0117s juodos spalvos derinys sukurs rafinuot\u0105 atmosfer\u0105 bet kuriame kambaryje. Be to, minimalistin\u0117 forma ir paprasta apdaila pavers \u201eSigma\u201c lov\u0105 harmoningu fonu \u012fvairiems dekoro pasirinkimams.<\/p>\n<p>Pasirinkdami lov\u0105 i\u0161 \u201eSigma\u201c kolekcijos, renkat\u0117s funkcionalumo ir dizaino derin\u012f, kuris leis jums m\u0117gautis patogia ir gra\u017eia miego erdve ilgus metus. Baldams suteikiama 2 met\u0173 garantija, \u012frodanti j\u0173 auk\u0161\u010diausi\u0105 kokyb\u0119 ir ilgaam\u017ei\u0161kum\u0105. Investuokite \u012f ramius sapnus ir eleganti\u0161k\u0105 miegam\u0105j\u012f su \u201eSigma\u201c lova!<\/p>","protected":false},"excerpt":{"rendered":"<p>Plotis (cm): 166<br \/>\n\u016agis (cm): 90<br \/>\nGylis (cm): 205<\/p>","protected":false},"featured_media":156272,"comment_status":"open","ping_status":"open","template":"","meta":[],"product_brand":[],"product_cat":[9409,505,4105],"product_tag":[],"class_list":{"0":"post-156271","1":"product","2":"type-product","3":"status-publish","4":"has-post-thumbnail","6":"product_cat-furniture-system-sigma","7":"product_cat-bedroom-beds","8":"product_cat-helvetia","10":"first","11":"instock","12":"purchasable","13":"product-type-simple"},"_links":{"self":[{"href":"https:\/\/baldumarket.lt\/lt\/wp-json\/wp\/v2\/product\/156271","targetHints":{"allow":["GET"]}}],"collection":[{"href":"https:\/\/baldumarket.lt\/lt\/wp-json\/wp\/v2\/product"}],"about":[{"href":"https:\/\/baldumarket.lt\/lt\/wp-json\/wp\/v2\/types\/product"}],"replies":[{"embeddable":true,"href":"https:\/\/baldumarket.lt\/lt\/wp-json\/wp\/v2\/comments?post=156271"}],"wp:featuredmedia":[{"embeddable":true,"href":"https:\/\/baldumarket.lt\/lt\/wp-json\/wp\/v2\/media\/156272"}],"wp:attachment":[{"href":"https:\/\/baldumarket.lt\/lt\/wp-json\/wp\/v2\/media?parent=156271"}],"wp:term":[{"taxonomy":"product_brand","embeddable":true,"href":"https:\/\/baldumarket.lt\/lt\/wp-json\/wp\/v2\/product_brand?post=156271"},{"taxonomy":"product_cat","embeddable":true,"href":"https:\/\/baldumarket.lt\/lt\/wp-json\/wp\/v2\/product_cat?post=156271"},{"taxonomy":"product_tag","embeddable":true,"href":"https:\/\/baldumarket.lt\/lt\/wp-json\/wp\/v2\/product_tag?post=156271"}],"curies":[{"name":"wp","href":"https:\/\/api.w.org\/{rel}","templated":true}]}}