{"id":156268,"date":"2025-12-18T18:28:11","date_gmt":"2025-12-18T15:28:11","guid":{"rendered":"https:\/\/baldumarket.lt\/product\/sigma-lozko-160-cm-dab-artisan-czarny-mat\/"},"modified":"2026-02-05T10:13:45","modified_gmt":"2026-02-05T07:13:45","slug":"sigma-lozko-160-cm-dab-artisan-czarny-mat","status":"publish","type":"product","link":"https:\/\/baldumarket.lt\/lt\/product\/sigma-lozko-160-cm-dab-artisan-czarny-mat\/","title":{"rendered":"Sigma lova, 160 cm, Artisan \u0105\u017euolas \/ matin\u0117 juoda"},"content":{"rendered":"<p>Pristatome jums unikali\u0105 ir eleganti\u0161k\u0105 \u201eSigma 160 CM Flagstaff Oak \/ Matte Black\u201c lov\u0105 \u2013 modernaus dizaino ir i\u0161skirtinio funkcionalumo kvintesencij\u0105. Paprasta, ta\u010diau dizaineri\u0161ka forma puikiai tiks bet kuriame \u0161iuolaiki\u0161kame miegamajame.<\/p>\n<p>\u201eSigma\u201c kolekcijai, kuriai priklauso ir \u0161i lova, b\u016bdinga nesenstanti estetika ir minimalistin\u0117s formos, puikiai deran\u010dios su moderniomis spalv\u0173 gamomis. Lova pagaminta i\u0161 auk\u0161\u010diausios kokyb\u0117s laminuotos bald\u0173 plok\u0161t\u0117s, u\u017etikrinan\u010dios didel\u012f patvarum\u0105, atsparum\u0105 pa\u017eeidimams ir lengv\u0105 valym\u0105. Be to, \u201eSigma\u201c lova apdailinta \u0161iltu Flagstaff \u0105\u017euolo atspalviu su plieniniais si\u016blais ir rafinuota super matine juoda spalva \u2013 derinys, kuris j\u016bs\u0173 miegamajam suteiks elegancijos ir rafinuotumo.<\/p>\n<p>Svarbus \u0161ios lovos elementas \u2013 patogus, platus galv\u016bgalis, kuris ne tik palaiko nugar\u0105 skaitant ar ilsintis, bet ir sukuria stulbinant\u012f vizualin\u012f efekt\u0105. \u201eSigma\u201c lova si\u016blo 160 \u00d7 200 cm miegojimo plot\u0105, u\u017etikrinant\u012f patog\u0173 ir sveik\u0105 mieg\u0105 dviem \u017emon\u0117ms.<\/p>\n<p>Pasirink\u0119 lov\u0105 i\u0161 \u201eSigma\u201c kolekcijos, investicija \u012f puiki\u0105 kokyb\u0119, komfort\u0105 ir i\u0161skirtin\u012f, eleganti\u0161k\u0105 miegamojo dekoratyvin\u012f element\u0105. Atraskite neprilygstam\u0105 atsipalaidavimo lyg\u012f su \u201eSigma\u201c lova!<\/p>","protected":false},"excerpt":{"rendered":"<p>Plotis (cm): 166<br \/>\n\u016agis (cm): 90<br \/>\nGylis (cm): 205<\/p>","protected":false},"featured_media":156269,"comment_status":"open","ping_status":"open","template":"","meta":[],"product_brand":[],"product_cat":[9409,505,4105],"product_tag":[],"class_list":{"0":"post-156268","1":"product","2":"type-product","3":"status-publish","4":"has-post-thumbnail","6":"product_cat-furniture-system-sigma","7":"product_cat-bedroom-beds","8":"product_cat-helvetia","10":"first","11":"instock","12":"purchasable","13":"product-type-simple"},"_links":{"self":[{"href":"https:\/\/baldumarket.lt\/lt\/wp-json\/wp\/v2\/product\/156268","targetHints":{"allow":["GET"]}}],"collection":[{"href":"https:\/\/baldumarket.lt\/lt\/wp-json\/wp\/v2\/product"}],"about":[{"href":"https:\/\/baldumarket.lt\/lt\/wp-json\/wp\/v2\/types\/product"}],"replies":[{"embeddable":true,"href":"https:\/\/baldumarket.lt\/lt\/wp-json\/wp\/v2\/comments?post=156268"}],"wp:featuredmedia":[{"embeddable":true,"href":"https:\/\/baldumarket.lt\/lt\/wp-json\/wp\/v2\/media\/156269"}],"wp:attachment":[{"href":"https:\/\/baldumarket.lt\/lt\/wp-json\/wp\/v2\/media?parent=156268"}],"wp:term":[{"taxonomy":"product_brand","embeddable":true,"href":"https:\/\/baldumarket.lt\/lt\/wp-json\/wp\/v2\/product_brand?post=156268"},{"taxonomy":"product_cat","embeddable":true,"href":"https:\/\/baldumarket.lt\/lt\/wp-json\/wp\/v2\/product_cat?post=156268"},{"taxonomy":"product_tag","embeddable":true,"href":"https:\/\/baldumarket.lt\/lt\/wp-json\/wp\/v2\/product_tag?post=156268"}],"curies":[{"name":"wp","href":"https:\/\/api.w.org\/{rel}","templated":true}]}}