{"id":156266,"date":"2025-12-18T18:28:08","date_gmt":"2025-12-18T15:28:08","guid":{"rendered":"https:\/\/baldumarket.lt\/product\/sigma-lozko-140-cm-dab-flagstaff-czarny-mat\/"},"modified":"2026-02-05T10:13:45","modified_gmt":"2026-02-05T07:13:45","slug":"sigma-lozko-140-cm-dab-flagstaff-czarny-mat","status":"publish","type":"product","link":"https:\/\/baldumarket.lt\/lt\/product\/sigma-lozko-140-cm-dab-flagstaff-czarny-mat\/","title":{"rendered":"\u201eSigma\u201c lova, 140 cm, \u201eFlagstaff Oak\u201c \/ matin\u0117 juoda"},"content":{"rendered":"<p>Pristatome eleganti\u0161k\u0105 ir patogi\u0105 \u201eSigma\u201c lov\u0105 \u2013 tobul\u0105 modernaus dizaino ir funkcionalumo derin\u012f. \u201eSigma\u201c \u2013 puikus pasirinkimas tiems, kurie vertina rafinuot\u0105 stili\u0173 ir ilgaam\u017ei\u0161kum\u0105. Dizainas sujungia \u0161iltus v\u0117liavos \u0105\u017euolo atspalvius su modernia, matine juoda apdaila, sukurdamas unikal\u0173 akcent\u0105 bet kuriame miegamajame.<\/p>\n<p>Sukurta galvojant apie komfort\u0105, 140 cm plo\u010dio lova suteikia pakankamai vietos dviem. Patog\u0173 140 x 200 cm miego pavir\u0161i\u0173 galima apkloti pasirinktu \u010diu\u017einiu, tod\u0117l pagrindo kietum\u0105 galite reguliuoti pagal savo individualius pageidavimus. Ta\u010diau atkreipkite d\u0117mes\u012f, kad \u010diu\u017einys \u012f komplekt\u0105 ne\u012feina, tod\u0117l galite laisvai pasirinkti tobul\u0105 model\u012f.<\/p>\n<p>Stabili \u201eSigma\u201c lovos konstrukcija pagaminta i\u0161 auk\u0161tos kokyb\u0117s laminuotos bald\u0173 plok\u0161t\u0117s, u\u017etikrinan\u010dios patvarum\u0105 ir atsparum\u0105 kasdieniam naudojimui. Lovos plotis \u2013 146 cm, auk\u0161tis \u2013 90 cm, o gylis \u2013 205 cm, tod\u0117l ji idealiai tinka \u012fvairaus dyd\u017eio erdv\u0117ms. Paprastas surinkimas \u201epasidaryk pats\u201c b\u016bdu leid\u017eia greitai ir be vargo pastatyti lov\u0105 pasirinktoje vietoje. Nors \u201eSigma\u201c neturi \u012fmontuoto patalyn\u0117s skyriaus, minimalistinis dizainas leid\u017eia j\u0105 lengvai integruoti \u012f esamus daikt\u0173 laikymo sprendimus ir pagerinti kambario estetik\u0105. Lovos priekis, taip pat pagamintas i\u0161 laminuotos bald\u0173 plok\u0161t\u0117s, garantuoja harmoning\u0105 i\u0161vaizd\u0105 ir tarnauja kaip dekoratyvinis elementas.<\/p>\n<p>D\u0117l savo savybi\u0173 ir estetikos \u0161is gaminys tikrai patenkins net ir i\u0161rankiausius klientus, suteikdamas charakterio bet kuriam miegamajam.<\/p>","protected":false},"excerpt":{"rendered":"<p>Plotis (cm): 146<br \/>\n\u016agis (cm): 90<br \/>\nGylis (cm): 205<\/p>","protected":false},"featured_media":156267,"comment_status":"open","ping_status":"open","template":"","meta":[],"product_brand":[],"product_cat":[9409,505,4105],"product_tag":[],"class_list":{"0":"post-156266","1":"product","2":"type-product","3":"status-publish","4":"has-post-thumbnail","6":"product_cat-furniture-system-sigma","7":"product_cat-bedroom-beds","8":"product_cat-helvetia","10":"first","11":"instock","12":"purchasable","13":"product-type-simple"},"_links":{"self":[{"href":"https:\/\/baldumarket.lt\/lt\/wp-json\/wp\/v2\/product\/156266","targetHints":{"allow":["GET"]}}],"collection":[{"href":"https:\/\/baldumarket.lt\/lt\/wp-json\/wp\/v2\/product"}],"about":[{"href":"https:\/\/baldumarket.lt\/lt\/wp-json\/wp\/v2\/types\/product"}],"replies":[{"embeddable":true,"href":"https:\/\/baldumarket.lt\/lt\/wp-json\/wp\/v2\/comments?post=156266"}],"wp:featuredmedia":[{"embeddable":true,"href":"https:\/\/baldumarket.lt\/lt\/wp-json\/wp\/v2\/media\/156267"}],"wp:attachment":[{"href":"https:\/\/baldumarket.lt\/lt\/wp-json\/wp\/v2\/media?parent=156266"}],"wp:term":[{"taxonomy":"product_brand","embeddable":true,"href":"https:\/\/baldumarket.lt\/lt\/wp-json\/wp\/v2\/product_brand?post=156266"},{"taxonomy":"product_cat","embeddable":true,"href":"https:\/\/baldumarket.lt\/lt\/wp-json\/wp\/v2\/product_cat?post=156266"},{"taxonomy":"product_tag","embeddable":true,"href":"https:\/\/baldumarket.lt\/lt\/wp-json\/wp\/v2\/product_tag?post=156266"}],"curies":[{"name":"wp","href":"https:\/\/api.w.org\/{rel}","templated":true}]}}