{"id":156264,"date":"2025-12-18T18:28:05","date_gmt":"2025-12-18T15:28:05","guid":{"rendered":"https:\/\/baldumarket.lt\/product\/sigma-lozko-140-cm-dab-artisan-czarny-mat\/"},"modified":"2026-02-05T10:13:45","modified_gmt":"2026-02-05T07:13:45","slug":"sigma-lozko-140-cm-dab-artisan-czarny-mat","status":"publish","type":"product","link":"https:\/\/baldumarket.lt\/lt\/product\/sigma-lozko-140-cm-dab-artisan-czarny-mat\/","title":{"rendered":"\u201eSigma\u201c lova, 140 cm, \u201eArtisan Oak\u201c \/ matin\u0117s juodos spalvos"},"content":{"rendered":"<p>Produkto apra\u0161ymas:<br \/>\nStilinga ir moderni \u201eHelvetia\u201c \u201eSigma\u201c lova \u2013 puikus sprendimas miegamajam, kuriame dera elegancija ir funkcionalumas. Dizaineri\u0173 sukurtas spalv\u0173 derinys \u2013 nat\u016bralaus Flagstaff \u0105\u017euolo akcentai kartu su matine juoda spalva \u2013 sukurs moderni\u0105, klasikin\u0119 atmosfer\u0105 j\u016bs\u0173 erdv\u0117je. Patvarios med\u017eiagos, tokios kaip auk\u0161tos kokyb\u0117s laminuota bald\u0173 plok\u0161t\u0117, u\u017etikrina ilgaam\u017ei\u0161kum\u0105 ir lengv\u0105 valym\u0105.<br \/>\nPaprastos linijos ir minimalistinis dizainas daro \u201eSigma\u201c lov\u0105 idealiai tinkan\u010di\u0105 \u0161iuolaikin\u0117ms interjero dizaino tendencijoms. Lovos konstrukcija buvo sukurta atsi\u017evelgiant \u012f patogum\u0105 ir lengv\u0105 surinkim\u0105, tod\u0117l j\u0105 galima greitai ir be vargo surinkti patiems.<br \/>\nNors \u010diu\u017einys \u012f komplekt\u0105 ne\u012feina, lova pritaikyta 140 x 200 cm \u010diu\u017einiui, tod\u0117l yra pakankamai vietos patogiam nakties miegui. Daiktad\u0117\u017e\u0117s nebuvimas pabr\u0117\u017eia minimalistin\u012f dizain\u0105 ir u\u017etikrina, kad lova skland\u017eiai der\u0117s prie kit\u0173 bald\u0173.<br \/>\nPadidinkite savo miegamojo komfort\u0105 ir estetik\u0105 su \u201eSigma\u201c lova. Rinkit\u0117s kokyb\u0119 ir dizain\u0105, kurie tarnaus ilgus metus. Pasinerkite \u012f klasikinio dizaino ir modernumo derin\u012f ir susikurkite svajoni\u0173 erdv\u0119.<\/p>","protected":false},"excerpt":{"rendered":"<p>Plotis (cm): 146<br \/>\n\u016agis (cm): 90<br \/>\nGylis (cm): 205<\/p>","protected":false},"featured_media":156265,"comment_status":"open","ping_status":"open","template":"","meta":[],"product_brand":[],"product_cat":[9409,505,4105],"product_tag":[],"class_list":{"0":"post-156264","1":"product","2":"type-product","3":"status-publish","4":"has-post-thumbnail","6":"product_cat-furniture-system-sigma","7":"product_cat-bedroom-beds","8":"product_cat-helvetia","10":"first","11":"instock","12":"purchasable","13":"product-type-simple"},"_links":{"self":[{"href":"https:\/\/baldumarket.lt\/lt\/wp-json\/wp\/v2\/product\/156264","targetHints":{"allow":["GET"]}}],"collection":[{"href":"https:\/\/baldumarket.lt\/lt\/wp-json\/wp\/v2\/product"}],"about":[{"href":"https:\/\/baldumarket.lt\/lt\/wp-json\/wp\/v2\/types\/product"}],"replies":[{"embeddable":true,"href":"https:\/\/baldumarket.lt\/lt\/wp-json\/wp\/v2\/comments?post=156264"}],"wp:featuredmedia":[{"embeddable":true,"href":"https:\/\/baldumarket.lt\/lt\/wp-json\/wp\/v2\/media\/156265"}],"wp:attachment":[{"href":"https:\/\/baldumarket.lt\/lt\/wp-json\/wp\/v2\/media?parent=156264"}],"wp:term":[{"taxonomy":"product_brand","embeddable":true,"href":"https:\/\/baldumarket.lt\/lt\/wp-json\/wp\/v2\/product_brand?post=156264"},{"taxonomy":"product_cat","embeddable":true,"href":"https:\/\/baldumarket.lt\/lt\/wp-json\/wp\/v2\/product_cat?post=156264"},{"taxonomy":"product_tag","embeddable":true,"href":"https:\/\/baldumarket.lt\/lt\/wp-json\/wp\/v2\/product_tag?post=156264"}],"curies":[{"name":"wp","href":"https:\/\/api.w.org\/{rel}","templated":true}]}}