{"id":156261,"date":"2025-12-18T18:27:59","date_gmt":"2025-12-18T15:27:59","guid":{"rendered":"https:\/\/baldumarket.lt\/product\/sigma-komoda-2d4s-dab-flagstaff-czarny-mat\/"},"modified":"2026-02-05T10:13:45","modified_gmt":"2026-02-05T07:13:45","slug":"sigma-komoda-2d4s-dab-flagstaff-czarny-mat","status":"publish","type":"product","link":"https:\/\/baldumarket.lt\/lt\/product\/sigma-komoda-2d4s-dab-flagstaff-czarny-mat\/","title":{"rendered":"Sigma komoda, 2D4S, \u0105\u017euolo spalvos, v\u0117liavos spalvos \/ matin\u0117s juodos spalvos"},"content":{"rendered":"<p>Pristatome unikali\u0105 \u201eSigma 2D4S\u201c komod\u0105, kurios eleganti\u0161kas, nesenstantis matin\u0117s juodos \/ artisan \u0105\u017euolo dizainas puikiai dera prie bet kokios erdv\u0117s \u2013 tiek modernios, tiek klasikin\u0117s. Derinant funkcionalum\u0105 ir stili\u0173, \u201eSigma\u201c komoda taps ne tik b\u016btinu miegamojo ar persirengimo kambario elementu, bet ir dekoratyvine detale.<\/p>\n<p>\u201eSigma 24RCLI26\u201c komoda si\u016blo daug vietos daiktams susid\u0117ti d\u0117l dviej\u0173 dureli\u0173 ir keturi\u0173 erdvi\u0173 stal\u010di\u0173. Vidin\u0117s lentynos abiejose komodos pus\u0117se suteikia papildomos tvarkos, leisdamos tvarkingai susid\u0117ti drabu\u017eius, patalyn\u0119 ar kitus daiktus, kuriuos norite laikyti esteti\u0161kai patraukliai.<\/p>\n<p>\u0160i tvirta ir patvari konstrukcija pagaminta i\u0161 auk\u0161tos kokyb\u0117s laminuot\u0173 bald\u0173 lent\u0173, kurios yra atsparios trin\u010diai, \u012fbr\u0117\u017eimams ir lengvai valomos, o tai labai svarbu, kad komoda daugel\u012f met\u0173 i\u0161likt\u0173 puikios b\u016bkl\u0117s. Subtilios plastikin\u0117s ranken\u0117l\u0117s suteikia subtilumo, netrukdydamos bendram baldo estetiniam vaizdui.<\/p>\n<p>\u0160i 132 cm plo\u010dio, 94 cm auk\u0161\u010dio ir 40 cm gylio komoda puikiai atitinka vartotoj\u0173, ie\u0161kan\u010di\u0173 ne tik gra\u017eaus, bet ir funkcionalaus interjero sprendimo, poreikius. Dominuojan\u010dios spalvos \u2013 matin\u0117 juoda ir \u201eArtisan Oak\u201c \u2013 yra atsakas \u012f dabartines interjero dizaino tendencijas, leid\u017eian\u010dias baldui lengvai \u012fsilieti \u012f \u012fvairi\u0105 spalv\u0173 ir tekst\u016br\u0173 palet\u0119.<br \/>\n\u201eSigma\u201c komoda pristatoma savaranki\u0161kai surenkamose pakuot\u0117se, tod\u0117l sutaupysite transportavimo i\u0161laid\u0173 ir b\u016bsite draugi\u0161ki aplinkai. Pridedamos intuityvios instrukcijos ir surinkimo priedai, tod\u0117l surinkimas bus lengvas net pradedantiesiems \u201epasidaryk pats\u201c entuziastams. Be to, \u0161iam eleganti\u0161kam ir prakti\u0161kam baldui suteikiama 2 met\u0173 garantija, rodanti gamintojo pasitik\u0117jim\u0105 savo gamini\u0173 kokybe.<br \/>\nKurkite savo interjer\u0105 galvodami apie komfort\u0105 ir estetik\u0105 \u2013 \u201eSigma 2D4S Matte Black \/ Artisan Oak\u201c komoda yra pasirinkimas, kuris tikrai atsipirks. Pasirink\u0119 \u201eSigma\u201c kolekcijos baldus, susikursite erdv\u0119, kuri bus ne tik prakti\u0161ka, bet ir pasi\u017eymi moderniu dizainu.<\/p>","protected":false},"excerpt":{"rendered":"<p>Plotis (cm): 132<br \/>\n\u016agis (cm): 94<br \/>\nGylis (cm): 40<\/p>","protected":false},"featured_media":156262,"comment_status":"open","ping_status":"open","template":"","meta":[],"product_brand":[],"product_cat":[9409,1173,4105],"product_tag":[],"class_list":{"0":"post-156261","1":"product","2":"type-product","3":"status-publish","4":"has-post-thumbnail","6":"product_cat-furniture-system-sigma","7":"product_cat-chests-of-drawers","8":"product_cat-helvetia","10":"first","11":"instock","12":"purchasable","13":"product-type-simple"},"_links":{"self":[{"href":"https:\/\/baldumarket.lt\/lt\/wp-json\/wp\/v2\/product\/156261","targetHints":{"allow":["GET"]}}],"collection":[{"href":"https:\/\/baldumarket.lt\/lt\/wp-json\/wp\/v2\/product"}],"about":[{"href":"https:\/\/baldumarket.lt\/lt\/wp-json\/wp\/v2\/types\/product"}],"replies":[{"embeddable":true,"href":"https:\/\/baldumarket.lt\/lt\/wp-json\/wp\/v2\/comments?post=156261"}],"wp:featuredmedia":[{"embeddable":true,"href":"https:\/\/baldumarket.lt\/lt\/wp-json\/wp\/v2\/media\/156262"}],"wp:attachment":[{"href":"https:\/\/baldumarket.lt\/lt\/wp-json\/wp\/v2\/media?parent=156261"}],"wp:term":[{"taxonomy":"product_brand","embeddable":true,"href":"https:\/\/baldumarket.lt\/lt\/wp-json\/wp\/v2\/product_brand?post=156261"},{"taxonomy":"product_cat","embeddable":true,"href":"https:\/\/baldumarket.lt\/lt\/wp-json\/wp\/v2\/product_cat?post=156261"},{"taxonomy":"product_tag","embeddable":true,"href":"https:\/\/baldumarket.lt\/lt\/wp-json\/wp\/v2\/product_tag?post=156261"}],"curies":[{"name":"wp","href":"https:\/\/api.w.org\/{rel}","templated":true}]}}