{"id":156259,"date":"2025-12-18T18:27:56","date_gmt":"2025-12-18T15:27:56","guid":{"rendered":"https:\/\/baldumarket.lt\/product\/sigma-komoda-2d4s-czarny-mat-dab-artisan\/"},"modified":"2026-02-05T10:13:45","modified_gmt":"2026-02-05T07:13:45","slug":"sigma-komoda-2d4s-czarny-mat-dab-artisan","status":"publish","type":"product","link":"https:\/\/baldumarket.lt\/lt\/product\/sigma-komoda-2d4s-czarny-mat-dab-artisan\/","title":{"rendered":"Sigma komoda su stal\u010diais 2D4S matin\u0117 juoda \/ \u0105\u017euolo spalvos"},"content":{"rendered":"<p>Atraskite nauj\u0105 elegancijos ir funkcionalumo dimensij\u0105 su \u201eSigma 2D4S\u201c komoda \u201eFlagstaff Oak\u201c \/ matin\u0117s juodos spalvos \u2013 baldu, skirtu tiems, kurie vertina apgalvotas kompozicijas ir patvarius sprendimus savo miegamajam ar persirengimo kambariui. \u201eSigma\u201c komoda derina tradicin\u012f dizain\u0105 su moderniomis tendencijomis, puikiai papildydama naujausius interjero dizainus.<\/p>\n<p>\u201eSigma\u201c kolekcijos baldai pasi\u017eymi unikaliu stiliumi, kuriame \u0161ilt\u0173 \u0105\u017euolo atspalvi\u0173 ir matin\u0117s juodos apdailos derinys sukuria rafinuot\u0105 ir jauki\u0105 atmosfer\u0105. \u201eFlagstaff Oak\u201c su subtiliu plieno si\u016blu suteikia blizgesio ir gylio, pabr\u0117\u017edamas auk\u0161t\u0105 naudojam\u0173 med\u017eiag\u0173 kokyb\u0119 ir kruop\u0161t\u0173 meistri\u0161kum\u0105.<\/p>\n<p>132 cm plo\u010dio, 94 cm auk\u0161\u010dio ir 40 cm gylio \u2019Sigma 2D4S\u201c komoda pasi\u017eymi ne tik patrauklia i\u0161vaizda, bet ir prakti\u0161kais daikt\u0173 laikymo sprendimais, kurie yra labai svarb\u016bs norint sutvarkyti erdv\u0119. U\u017e dviej\u0173 komodos dureli\u0173 yra dvi erdvios lentynos \u2013 po vien\u0105 kiekvienoje pus\u0117je, \u2013 kuriose galite susid\u0117ti \u012fvairius daiktus. Keturi patog\u016bs stal\u010diai suteikia papildomos vietos smulkiems aksesuarams, tekstil\u0117s gaminiams ar kitiems daiktams, kuriuos norite visada tur\u0117ti po ranka.<br \/>\nKomodos fasadas ir korpusas pagaminti i\u0161 auk\u0161tos kokyb\u0117s laminuotos bald\u0173 plok\u0161t\u0117s, tod\u0117l j\u0105 lengva valyti ir ji yra atspari kasdieniam naudojimui. Plastikin\u0117s rankenos yra ne tik prakti\u0161kos, bet ir suteikia modernumo. Bendras estetinis vaizdas yra labai patrauklus, nes jame dera nesenstantis dizainas ir tvirta meistri\u0161kumo kokyb\u0117.<br \/>\nKomoda pristatoma savaranki\u0161kai surenkamose pakuot\u0117se, tod\u0117l galite m\u0117gautis pasitenkinimu j\u0105 surinkdami patys. Rinkinyje yra visi reikalingi surinkimo priedai ir ai\u0161kios instrukcijos, tod\u0117l surinkimo procesas yra paprastas ir be r\u016bpes\u010di\u0173. Be to, \u201eSigma 2D4S\u201c komodai suteikiama 2 met\u0173 garantija, patvirtinanti jos auk\u0161t\u0105 kokyb\u0119 ir patvarum\u0105.<br \/>\nPasirinkdami \u201eSigma 2D4S\u201c komod\u0105, renkat\u0117s bald\u0105, kuris taps ne tik ry\u0161kiu dekoratyviniu elementu j\u016bs\u0173 namuose, bet ir nepakei\u010diama j\u016bs\u0173 kasdienio gyvenimo dalimi. Susipa\u017einkite su \u0161io nesenstan\u010dio interjero dizaino elemento elegancija ir prakti\u0161kumu.<\/p>","protected":false},"excerpt":{"rendered":"<p>Plotis (cm): 132<br \/>\n\u016agis (cm): 94<br \/>\nGylis (cm): 40<\/p>","protected":false},"featured_media":156260,"comment_status":"open","ping_status":"open","template":"","meta":[],"product_brand":[],"product_cat":[9409,1173,4105],"product_tag":[],"class_list":{"0":"post-156259","1":"product","2":"type-product","3":"status-publish","4":"has-post-thumbnail","6":"product_cat-furniture-system-sigma","7":"product_cat-chests-of-drawers","8":"product_cat-helvetia","10":"first","11":"instock","12":"purchasable","13":"product-type-simple"},"_links":{"self":[{"href":"https:\/\/baldumarket.lt\/lt\/wp-json\/wp\/v2\/product\/156259","targetHints":{"allow":["GET"]}}],"collection":[{"href":"https:\/\/baldumarket.lt\/lt\/wp-json\/wp\/v2\/product"}],"about":[{"href":"https:\/\/baldumarket.lt\/lt\/wp-json\/wp\/v2\/types\/product"}],"replies":[{"embeddable":true,"href":"https:\/\/baldumarket.lt\/lt\/wp-json\/wp\/v2\/comments?post=156259"}],"wp:featuredmedia":[{"embeddable":true,"href":"https:\/\/baldumarket.lt\/lt\/wp-json\/wp\/v2\/media\/156260"}],"wp:attachment":[{"href":"https:\/\/baldumarket.lt\/lt\/wp-json\/wp\/v2\/media?parent=156259"}],"wp:term":[{"taxonomy":"product_brand","embeddable":true,"href":"https:\/\/baldumarket.lt\/lt\/wp-json\/wp\/v2\/product_brand?post=156259"},{"taxonomy":"product_cat","embeddable":true,"href":"https:\/\/baldumarket.lt\/lt\/wp-json\/wp\/v2\/product_cat?post=156259"},{"taxonomy":"product_tag","embeddable":true,"href":"https:\/\/baldumarket.lt\/lt\/wp-json\/wp\/v2\/product_tag?post=156259"}],"curies":[{"name":"wp","href":"https:\/\/api.w.org\/{rel}","templated":true}]}}