{"id":156252,"date":"2025-12-18T18:27:43","date_gmt":"2025-12-18T15:27:43","guid":{"rendered":"https:\/\/baldumarket.lt\/product\/serio-witryna-1-drzwiowa-p-l-congo-antracyt-mat\/"},"modified":"2026-02-05T12:01:32","modified_gmt":"2026-02-05T09:01:32","slug":"serio-witryna-1-drzwiowa-p-l-congo-antracyt-mat","status":"publish","type":"product","link":"https:\/\/baldumarket.lt\/lt\/product\/serio-witryna-1-drzwiowa-p-l-congo-antracyt-mat\/","title":{"rendered":"Serio \u2013 1 dur\u0173 vitrina D\/K matin\u0117 Kongo antracito spalva"},"content":{"rendered":"<p>Atraskite elegancij\u0105 ir funkcionalum\u0105, kur\u012f si\u016blo m\u016bs\u0173 \u201eHelvetia\u201c \u201eSerio\u201c vien\u0173 dur\u0173 vitrina. Matin\u0117s antracito spalvos apdaila puikiai dera prie modernaus interjero, suteikdama elegancijos ir stiliaus. Kongo apdaila suteiks j\u016bs\u0173 kambariui subtilaus gylio ir kartu sustiprins erdv\u0117s charakter\u012f. \u201eSerio\u201c vitrina yra ne tik ry\u0161kus j\u016bs\u0173 svetain\u0117s ar valgomojo papildymas, bet ir prakti\u0161kas daikt\u0173 laikymo sprendimas. D\u0117l apgalvoto dizaino ji derina estetik\u0105 ir funkcionalum\u0105, leisdama jums sutvarkyti savo erdv\u0119 ir eksponuoti m\u0117gstamas dekoracijas ar knygas. 180 cm auk\u0161tis yra puikus dydis, leid\u017eiantis sutalpinti \u012fvairius daiktus neu\u017eimant per daug vietos. Laminuotos plok\u0161t\u0117s naudojimas priekin\u0117je dalyje ir korpuse u\u017etikrina patvarum\u0105 ir lengv\u0105 valym\u0105. \u0160i moderni med\u017eiaga garantuoja atsparum\u0105 \u012fbr\u0117\u017eimams, o tai ypa\u010d svarbu kasdieniam naudojimui. Matin\u0117 apdaila suteikia jai unikal\u0173 charakter\u012f ir moderni\u0105 i\u0161vaizd\u0105, puikiai tinkan\u010di\u0105 moderniam ir pramoniniam interjerui.<\/p>","protected":false},"excerpt":{"rendered":"<p>Plotis (cm): 55<br \/>\n\u016agis (cm): 180<br \/>\nGylis (cm): 36<\/p>","protected":false},"featured_media":156253,"comment_status":"open","ping_status":"open","template":"","meta":[],"product_brand":[],"product_cat":[9428,4105,2006],"product_tag":[],"class_list":{"0":"post-156252","1":"product","2":"type-product","3":"status-publish","4":"has-post-thumbnail","6":"product_cat-furniture-system-serio","7":"product_cat-helvetia","8":"product_cat-vitrines","10":"first","11":"instock","12":"purchasable","13":"product-type-simple"},"_links":{"self":[{"href":"https:\/\/baldumarket.lt\/lt\/wp-json\/wp\/v2\/product\/156252","targetHints":{"allow":["GET"]}}],"collection":[{"href":"https:\/\/baldumarket.lt\/lt\/wp-json\/wp\/v2\/product"}],"about":[{"href":"https:\/\/baldumarket.lt\/lt\/wp-json\/wp\/v2\/types\/product"}],"replies":[{"embeddable":true,"href":"https:\/\/baldumarket.lt\/lt\/wp-json\/wp\/v2\/comments?post=156252"}],"wp:featuredmedia":[{"embeddable":true,"href":"https:\/\/baldumarket.lt\/lt\/wp-json\/wp\/v2\/media\/156253"}],"wp:attachment":[{"href":"https:\/\/baldumarket.lt\/lt\/wp-json\/wp\/v2\/media?parent=156252"}],"wp:term":[{"taxonomy":"product_brand","embeddable":true,"href":"https:\/\/baldumarket.lt\/lt\/wp-json\/wp\/v2\/product_brand?post=156252"},{"taxonomy":"product_cat","embeddable":true,"href":"https:\/\/baldumarket.lt\/lt\/wp-json\/wp\/v2\/product_cat?post=156252"},{"taxonomy":"product_tag","embeddable":true,"href":"https:\/\/baldumarket.lt\/lt\/wp-json\/wp\/v2\/product_tag?post=156252"}],"curies":[{"name":"wp","href":"https:\/\/api.w.org\/{rel}","templated":true}]}}