{"id":156246,"date":"2025-12-18T18:27:31","date_gmt":"2025-12-18T15:27:31","guid":{"rendered":"https:\/\/baldumarket.lt\/product\/serio-stolik-kawowy-congo-antracyt-mat\/"},"modified":"2026-04-12T09:12:23","modified_gmt":"2026-04-12T06:12:23","slug":"serio-stolik-kawowy-congo-antracyt-mat","status":"publish","type":"product","link":"https:\/\/baldumarket.lt\/lt\/product\/serio-stolik-kawowy-congo-antracyt-mat\/","title":{"rendered":"Serio \u2013 Congo kavos staliukas, antracito spalvos, matinis"},"content":{"rendered":"<p>\u201eHelvetia\u201c antracito spalvos matinis kavos staliukas \u201eCongo\u201c \u2013 tai unikalus interjero dizaino elementas, kuris pritrauks bet kurio modernaus dizaino myl\u0117tojo d\u0117mes\u012f. Eleganti\u0161ka i\u0161vaizda kartu su matiniu pavir\u0161iumi suteikia erdvei i\u0161skirtinio charakterio. Jis puikiai dera su minimalistin\u0117mis tendencijomis ir tampa bet kurios svetain\u0117s, kurioje svarbiausia yra stilius ir funkcionalumas, \u0161irdimi. Stalo spalv\u0173 gama su antracito spalvos priekine dalimi ir matiniu \u201eCongo\u201c korpusu suteikia interjerui harmonijos ir ramyb\u0117s. \u0160ie atspalviai skland\u017eiai dera su dauguma bald\u0173 ir aksesuar\u0173, sukurdami darn\u0173 ir modern\u0173 i\u0161d\u0117stym\u0105. D\u0117l \u0161io universalumo \u201eCongo\u201c staliukas puikiai dera tiek su klasikin\u0117mis, tiek su avangardin\u0117mis erdv\u0117mis. \u201eCongo\u201c kavos staliukas pagamintas i\u0161 patvarios laminuotos plok\u0161t\u0117s, u\u017etikrinan\u010dios jo patvarum\u0105 ir ilgaam\u017ei\u0161kum\u0105. Tai investicija, kuri tarnaus savo paskirt\u012f daugel\u012f met\u0173, i\u0161likdama atspari \u012fbr\u0117\u017eimams ir kasdieniam naudojimui. Nepaisant moderni\u0173 med\u017eiag\u0173 naudojimo, staliukas i\u0161laiko lengv\u0105, erdvi\u0105 i\u0161vaizd\u0105, tod\u0117l idealiai tinka ma\u017eesn\u0117ms erdv\u0117ms, j\u0173 neu\u017ego\u017eiant.<\/p>","protected":false},"excerpt":{"rendered":"<p>Plotis (cm): 100<br \/>\n\u016agis (cm): 45<br \/>\nGylis (cm): 60<\/p>","protected":false},"featured_media":156247,"comment_status":"open","ping_status":"open","template":"","meta":[],"product_brand":[],"product_cat":[9428,866,4105],"product_tag":[],"class_list":{"0":"post-156246","1":"product","2":"type-product","3":"status-publish","4":"has-post-thumbnail","6":"product_cat-furniture-system-serio","7":"product_cat-coffee-tables","8":"product_cat-helvetia","10":"first","11":"instock","12":"purchasable","13":"product-type-simple"},"_links":{"self":[{"href":"https:\/\/baldumarket.lt\/lt\/wp-json\/wp\/v2\/product\/156246","targetHints":{"allow":["GET"]}}],"collection":[{"href":"https:\/\/baldumarket.lt\/lt\/wp-json\/wp\/v2\/product"}],"about":[{"href":"https:\/\/baldumarket.lt\/lt\/wp-json\/wp\/v2\/types\/product"}],"replies":[{"embeddable":true,"href":"https:\/\/baldumarket.lt\/lt\/wp-json\/wp\/v2\/comments?post=156246"}],"wp:featuredmedia":[{"embeddable":true,"href":"https:\/\/baldumarket.lt\/lt\/wp-json\/wp\/v2\/media\/156247"}],"wp:attachment":[{"href":"https:\/\/baldumarket.lt\/lt\/wp-json\/wp\/v2\/media?parent=156246"}],"wp:term":[{"taxonomy":"product_brand","embeddable":true,"href":"https:\/\/baldumarket.lt\/lt\/wp-json\/wp\/v2\/product_brand?post=156246"},{"taxonomy":"product_cat","embeddable":true,"href":"https:\/\/baldumarket.lt\/lt\/wp-json\/wp\/v2\/product_cat?post=156246"},{"taxonomy":"product_tag","embeddable":true,"href":"https:\/\/baldumarket.lt\/lt\/wp-json\/wp\/v2\/product_tag?post=156246"}],"curies":[{"name":"wp","href":"https:\/\/api.w.org\/{rel}","templated":true}]}}