{"id":156241,"date":"2025-12-18T18:27:21","date_gmt":"2025-12-18T15:27:21","guid":{"rendered":"https:\/\/baldumarket.lt\/product\/serio-mebloscianka-congo-antracyt-mat\/"},"modified":"2026-02-05T12:02:41","modified_gmt":"2026-02-05T09:02:41","slug":"serio-mebloscianka-congo-antracyt-mat","status":"publish","type":"product","link":"https:\/\/baldumarket.lt\/lt\/product\/serio-mebloscianka-congo-antracyt-mat\/","title":{"rendered":"Serio \u2013 Kongo sienin\u0117 spintel\u0117 antracito matin\u0117"},"content":{"rendered":"<p>Atraskite nepaprast\u0105 stiliaus ir funkcionalumo harmonij\u0105 su \u201eHelvetia\u201c \u201eCongo Anthracite\u201c sienine spintele. \u0160i eleganti\u0161ka konstrukcija sukurta moderniam interjerui, kuriame estetika dera su prakti\u0161kumu. D\u0117l matin\u0117s antracito apdailos ji taps puikiu j\u016bs\u0173 svetain\u0117s centriniu elementu, suteikdama klas\u0117s ir subtilumo. \u012ene\u0161kite \u012f savo namus gaivaus modernumo dvelksmo ir pasiduokite minimalistinei formai. Kuo i\u0161siskiria \u201eCongo\u201c sienin\u0117 spintel\u0117? Vis\u0173 pirma, jos unikalus dizainas, \u012fkv\u0117ptas \u0161iuolaikinio pramoninio stiliaus. Jos konstrukcija, jungianti matin\u0117s antracito spalvos laminuotas lentas, sukuria elegancijos ir funkcionalumo atmosfer\u0105. D\u0117l didelio 270 cm plo\u010dio ir 162 cm auk\u0161\u010dio ji idealiai tinka net ir ma\u017eesn\u0117ms erdv\u0117ms, nes si\u016blo maksimali\u0105 viet\u0105 visiems b\u016btiniausiems kasdieniams daiktams laikyti. \u201eCongo Anthracite\u201c sienin\u0117 spintel\u0117 yra prakti\u0161kumo sinonimas kasdieniame gyvenime. Intuityvus dizainas leid\u017eia be vargo laikyti visus b\u016btiniausius daiktus, o patvari med\u017eiaga u\u017etikrina ilgaam\u017ei\u0161kum\u0105 ir atsparum\u0105 \u012fbr\u0117\u017eimams. Be to, matin\u0117 apdaila suma\u017eina \u0161viesos atspind\u017eius, sukurdama unikaliai jauki\u0105 atmosfer\u0105. Tai idealus sprendimas tiems, kurie vertina ir estetik\u0105, ir funkcionalum\u0105.<\/p>","protected":false},"excerpt":{"rendered":"<p>Plotis (cm): 270<br \/>\n\u016agis (cm): 162<br \/>\nGylis (cm): 40<\/p>","protected":false},"featured_media":156242,"comment_status":"open","ping_status":"open","template":"","meta":[],"product_brand":[],"product_cat":[9428,4105,2008],"product_tag":[],"class_list":{"0":"post-156241","1":"product","2":"type-product","3":"status-publish","4":"has-post-thumbnail","6":"product_cat-furniture-system-serio","7":"product_cat-helvetia","8":"product_cat-wall-units","10":"first","11":"instock","12":"purchasable","13":"product-type-simple"},"_links":{"self":[{"href":"https:\/\/baldumarket.lt\/lt\/wp-json\/wp\/v2\/product\/156241","targetHints":{"allow":["GET"]}}],"collection":[{"href":"https:\/\/baldumarket.lt\/lt\/wp-json\/wp\/v2\/product"}],"about":[{"href":"https:\/\/baldumarket.lt\/lt\/wp-json\/wp\/v2\/types\/product"}],"replies":[{"embeddable":true,"href":"https:\/\/baldumarket.lt\/lt\/wp-json\/wp\/v2\/comments?post=156241"}],"wp:featuredmedia":[{"embeddable":true,"href":"https:\/\/baldumarket.lt\/lt\/wp-json\/wp\/v2\/media\/156242"}],"wp:attachment":[{"href":"https:\/\/baldumarket.lt\/lt\/wp-json\/wp\/v2\/media?parent=156241"}],"wp:term":[{"taxonomy":"product_brand","embeddable":true,"href":"https:\/\/baldumarket.lt\/lt\/wp-json\/wp\/v2\/product_brand?post=156241"},{"taxonomy":"product_cat","embeddable":true,"href":"https:\/\/baldumarket.lt\/lt\/wp-json\/wp\/v2\/product_cat?post=156241"},{"taxonomy":"product_tag","embeddable":true,"href":"https:\/\/baldumarket.lt\/lt\/wp-json\/wp\/v2\/product_tag?post=156241"}],"curies":[{"name":"wp","href":"https:\/\/api.w.org\/{rel}","templated":true}]}}