{"id":156234,"date":"2025-12-18T18:27:07","date_gmt":"2025-12-18T15:27:07","guid":{"rendered":"https:\/\/baldumarket.lt\/product\/serio-komoda-4-drzwiowa-congo-antracyt-mat\/"},"modified":"2026-04-12T09:12:23","modified_gmt":"2026-04-12T06:12:23","slug":"serio-komoda-4-drzwiowa-congo-antracyt-mat","status":"publish","type":"product","link":"https:\/\/baldumarket.lt\/lt\/product\/serio-komoda-4-drzwiowa-congo-antracyt-mat\/","title":{"rendered":"Serio \u2013 Congo komoda su 4 durimis, matin\u0117 antracito spalva"},"content":{"rendered":"<p>Atraskite elegancij\u0105 ir modernum\u0105, kur\u012f \u012f j\u016bs\u0173 interjer\u0105 atne\u0161a keturi\u0173 dur\u0173 komoda \u2019Congo\u201c, pasi\u017eyminti matiniu antracito atspalviu. \u0160is unikalus \u201eHelvetia\u201c baldas derina stiling\u0105 dizain\u0105 su prakti\u0161kumu, puikiai dera su naujausiomis interjero dizaino tendencijomis. Minimalistin\u0119 komodos form\u0105 pabr\u0117\u017eia matin\u0117 apdaila, kuri suteikia subtilios elegancijos ir yra puikus pagrindas bet kokiems dekoratyviniams aksesuarams. D\u0117l gerai apgalvoto dizaino komoda \u201eCongo\u201c yra daugiau nei tiesiog baldas. Tai funkcionalus sprendimas, kuris supaprastins kasdien\u012f organizavim\u0105. Keturi\u0173 dur\u0173 i\u0161d\u0117stymas leid\u017eia efektyviai suplanuoti interjer\u0105 ir suteikia daug vietos b\u016btiniausiems daiktams svetain\u0117je, miegamajame ar prie\u0161kambaryje. Kiekviena \u0161ios komodos detal\u0117 buvo kruop\u0161\u010diai sukurta, kad j\u016bs\u0173 gyvenimas b\u016bt\u0173 lengvesnis, o interjeras \u2013 tvarkingesnis. Unikalus matin\u0117s \u201eCongo\u201c spalvos ir antracito atspalvio derinys suteikia komodai ne\u012ftik\u0117tinai eleganti\u0161k\u0105 i\u0161vaizd\u0105. Nesvarbu, ar j\u016bs\u0173 namai dekoruoti moderniu, pramoniniu, ar klasikiniu stiliumi, \u0161is baldas puikiai tiks. Subtilus ir universalus dizainas leid\u017eia lengvai pritaikyti j\u012f prie \u012fvairi\u0173 stili\u0173 ir suasmeninti m\u0117gstamiausiais aksesuarais.<\/p>","protected":false},"excerpt":{"rendered":"<p>Plotis (cm): 153<br \/>\n\u016agis (cm): 84<br \/>\nGylis (cm): 40<\/p>","protected":false},"featured_media":156235,"comment_status":"open","ping_status":"open","template":"","meta":[],"product_brand":[],"product_cat":[9428,1173,4105],"product_tag":[],"class_list":{"0":"post-156234","1":"product","2":"type-product","3":"status-publish","4":"has-post-thumbnail","6":"product_cat-furniture-system-serio","7":"product_cat-chests-of-drawers","8":"product_cat-helvetia","10":"first","11":"instock","12":"purchasable","13":"product-type-simple"},"_links":{"self":[{"href":"https:\/\/baldumarket.lt\/lt\/wp-json\/wp\/v2\/product\/156234","targetHints":{"allow":["GET"]}}],"collection":[{"href":"https:\/\/baldumarket.lt\/lt\/wp-json\/wp\/v2\/product"}],"about":[{"href":"https:\/\/baldumarket.lt\/lt\/wp-json\/wp\/v2\/types\/product"}],"replies":[{"embeddable":true,"href":"https:\/\/baldumarket.lt\/lt\/wp-json\/wp\/v2\/comments?post=156234"}],"wp:featuredmedia":[{"embeddable":true,"href":"https:\/\/baldumarket.lt\/lt\/wp-json\/wp\/v2\/media\/156235"}],"wp:attachment":[{"href":"https:\/\/baldumarket.lt\/lt\/wp-json\/wp\/v2\/media?parent=156234"}],"wp:term":[{"taxonomy":"product_brand","embeddable":true,"href":"https:\/\/baldumarket.lt\/lt\/wp-json\/wp\/v2\/product_brand?post=156234"},{"taxonomy":"product_cat","embeddable":true,"href":"https:\/\/baldumarket.lt\/lt\/wp-json\/wp\/v2\/product_cat?post=156234"},{"taxonomy":"product_tag","embeddable":true,"href":"https:\/\/baldumarket.lt\/lt\/wp-json\/wp\/v2\/product_tag?post=156234"}],"curies":[{"name":"wp","href":"https:\/\/api.w.org\/{rel}","templated":true}]}}