{"id":156226,"date":"2025-12-18T18:26:50","date_gmt":"2025-12-18T15:26:50","guid":{"rendered":"https:\/\/baldumarket.lt\/product\/scandi-szafka-nocna-1s-zgaszona-zielen-dab-olejowany\/"},"modified":"2026-02-05T12:08:40","modified_gmt":"2026-02-05T09:08:40","slug":"scandi-szafka-nocna-1s-zgaszona-zielen-dab-olejowany","status":"publish","type":"product","link":"https:\/\/baldumarket.lt\/lt\/product\/scandi-szafka-nocna-1s-zgaszona-zielen-dab-olejowany\/","title":{"rendered":"Scandi &#8211; 1S naktinis staliukas, dulk\u0117ta \u017ealia, alyvuotas \u0105\u017euolas"},"content":{"rendered":"<p>Atraskite unikal\u0173 \u201eScandi 1S\u201c naktin\u012f staliuk\u0105, pasi\u017eymint\u012f prislopinta alyvuoto \u0105\u017euolo \u017ealia spalva \u2013 stiling\u0105 j\u016bs\u0173 miegamojo papildym\u0105. Eleganti\u0161kas dizainas ir prislopintos spalvos suteikia j\u016bs\u0173 interjerui harmonijos ir ramyb\u0117s, leisdamos sukurti jauki\u0105 viet\u0105 atsipalaiduoti. Prislopinta \u017ealia spalva kartu su \u0161iltu \u0105\u017euolo atspalviu \u2013 puikus pasirinkimas skandinavi\u0161ko stiliaus, kuriame funkcionalumas derinamas su estetika, m\u0117g\u0117jams. \u201eScandi 1S\u201c naktinis staliukas ne tik puikiai atrodo, bet ir yra ne\u012ftik\u0117tinai prakti\u0161kas. Jis padeda susitvarkyti visus b\u016btiniausius daiktus, tokius kaip knygos, skaitymo lempos ir asmeniniai aksesuarai. Erdvus stal\u010dius suteikia lengv\u0105 prieig\u0105 prie daikt\u0173, kuriuos norite tur\u0117ti po ranka, ir padeda palaikyti tvark\u0105 miegamajame. Leiskite \u0161iam funkcionaliam baldui supaprastinti j\u016bs\u0173 kasdienyb\u0119, padarant j\u0105 tvarkingesn\u0119. Spintel\u0117 pagaminta i\u0161 auk\u0161tos kokyb\u0117s med\u017eiag\u0173, yra itin patvari ir atspari pa\u017eeidimams. Korpusui ir priekiui naudojama laminuota plok\u0161t\u0117 garantuoja ilgaam\u017ei\u0161kum\u0105 ir lengv\u0105 prie\u017ei\u016br\u0105. Tai u\u017etikrina, kad \u012fsigysite bald\u0105, kuris i\u0161laikys savo estetin\u012f patrauklum\u0105 ilgus metus, net ir kasdien naudojant. Be to, savaranki\u0161kas surinkimas leid\u017eia pritaikyti j\u012f pagal savo poreikius ir pageidavimus, o tai yra papildomas privalumas.<\/p>","protected":false},"excerpt":{"rendered":"<p>Plotis (cm): 50<br \/>\n\u016agis (cm): 51<br \/>\nGylis (cm): 40<\/p>","protected":false},"featured_media":156227,"comment_status":"open","ping_status":"open","template":"","meta":[],"product_brand":[],"product_cat":[9430,1176,4105],"product_tag":[],"class_list":{"0":"post-156226","1":"product","2":"type-product","3":"status-publish","4":"has-post-thumbnail","6":"product_cat-furniture-system-scandi","7":"product_cat-bedside-tables","8":"product_cat-helvetia","10":"first","11":"instock","12":"purchasable","13":"product-type-simple"},"_links":{"self":[{"href":"https:\/\/baldumarket.lt\/lt\/wp-json\/wp\/v2\/product\/156226","targetHints":{"allow":["GET"]}}],"collection":[{"href":"https:\/\/baldumarket.lt\/lt\/wp-json\/wp\/v2\/product"}],"about":[{"href":"https:\/\/baldumarket.lt\/lt\/wp-json\/wp\/v2\/types\/product"}],"replies":[{"embeddable":true,"href":"https:\/\/baldumarket.lt\/lt\/wp-json\/wp\/v2\/comments?post=156226"}],"wp:featuredmedia":[{"embeddable":true,"href":"https:\/\/baldumarket.lt\/lt\/wp-json\/wp\/v2\/media\/156227"}],"wp:attachment":[{"href":"https:\/\/baldumarket.lt\/lt\/wp-json\/wp\/v2\/media?parent=156226"}],"wp:term":[{"taxonomy":"product_brand","embeddable":true,"href":"https:\/\/baldumarket.lt\/lt\/wp-json\/wp\/v2\/product_brand?post=156226"},{"taxonomy":"product_cat","embeddable":true,"href":"https:\/\/baldumarket.lt\/lt\/wp-json\/wp\/v2\/product_cat?post=156226"},{"taxonomy":"product_tag","embeddable":true,"href":"https:\/\/baldumarket.lt\/lt\/wp-json\/wp\/v2\/product_tag?post=156226"}],"curies":[{"name":"wp","href":"https:\/\/api.w.org\/{rel}","templated":true}]}}