{"id":156219,"date":"2025-12-18T18:26:36","date_gmt":"2025-12-18T15:26:36","guid":{"rendered":"https:\/\/baldumarket.lt\/product\/scandi-szafka-nocna-1s-dab-olejowany-ceglany\/"},"modified":"2026-02-05T12:08:40","modified_gmt":"2026-02-05T09:08:40","slug":"scandi-szafka-nocna-1s-dab-olejowany-ceglany","status":"publish","type":"product","link":"https:\/\/baldumarket.lt\/lt\/product\/scandi-szafka-nocna-1s-dab-olejowany-ceglany\/","title":{"rendered":"Scandi &#8211; 1S naktinis staliukas, alyvuotas \u0105\u017euolo plyt\u0173 imitacijos"},"content":{"rendered":"<p>Pristatome \u201eHelvetia\u201c alyvuoto plyt\u0173 \u0105\u017euolo \u201eScandi 1S\u201c naktin\u012f staliuk\u0105 \u2013 puik\u0173 bet kurio modernaus miegamojo papildym\u0105. Minimalistinis dizainas, pasi\u017eymintis neutraliais alyvuoto \u0105\u017euolo atspalviais, sukuria jauki\u0105 atmosfer\u0105, tod\u0117l idealiai tinka tiek skandinavi\u0161kam, tiek klasikiniam interjerui. \u0160is baldas kiekvien\u0105 vakar\u0105 pavers atpalaiduojan\u010diu, o kiekvien\u0105 ryt\u0105 \u2013 energingu. 50 cm plo\u010dio, 51 cm auk\u0161\u010dio ir 40 cm gylio naktinis staliukas skirtas kasdieniam naudojimui. D\u0117l kompakti\u0161ko dyd\u017eio jis tinka net ir ma\u017eesniuose kambariuose, ta\u010diau vis tiek suteikia pakankamai vietos m\u0117gstamoms knygoms, stiklin\u0117ms ar naktinei lempai laikyti. Viskas tur\u0117s savo viet\u0105, palengvins j\u016bs\u0173 rytin\u0119 rutin\u0105 ir sutvarkys j\u016bs\u0173 gyvenam\u0105j\u0105 erdv\u0119. Funkcionalumas ir estetika yra neatsiejami. Naktinio staliuko priekin\u0117 dalis ir korpusas pagaminti i\u0161 laminuotos plok\u0161t\u0117s, u\u017etikrinan\u010dios ne tik eleganti\u0161k\u0105 i\u0161vaizd\u0105, bet ir ilgaam\u017ei\u0161kum\u0105. Be to, alyvuotas \u0105\u017euolas yra med\u017eiaga, kuri\u0105 ne tik lengva pri\u017ei\u016br\u0117ti, bet ir ji suteikia j\u016bs\u0173 miegamajam nat\u016bralaus \u017eavesio. Plastikin\u0117s kojel\u0117s u\u017etikrina stabilum\u0105 ir tinkam\u0105 auk\u0161t\u012f, tod\u0117l grindis lengva valyti.<\/p>","protected":false},"excerpt":{"rendered":"<p>Plotis (cm): 50<br \/>\n\u016agis (cm): 51<br \/>\nGylis (cm): 40<\/p>","protected":false},"featured_media":156220,"comment_status":"open","ping_status":"open","template":"","meta":[],"product_brand":[],"product_cat":[9430,1176,4105],"product_tag":[],"class_list":{"0":"post-156219","1":"product","2":"type-product","3":"status-publish","4":"has-post-thumbnail","6":"product_cat-furniture-system-scandi","7":"product_cat-bedside-tables","8":"product_cat-helvetia","10":"first","11":"instock","12":"purchasable","13":"product-type-simple"},"_links":{"self":[{"href":"https:\/\/baldumarket.lt\/lt\/wp-json\/wp\/v2\/product\/156219","targetHints":{"allow":["GET"]}}],"collection":[{"href":"https:\/\/baldumarket.lt\/lt\/wp-json\/wp\/v2\/product"}],"about":[{"href":"https:\/\/baldumarket.lt\/lt\/wp-json\/wp\/v2\/types\/product"}],"replies":[{"embeddable":true,"href":"https:\/\/baldumarket.lt\/lt\/wp-json\/wp\/v2\/comments?post=156219"}],"wp:featuredmedia":[{"embeddable":true,"href":"https:\/\/baldumarket.lt\/lt\/wp-json\/wp\/v2\/media\/156220"}],"wp:attachment":[{"href":"https:\/\/baldumarket.lt\/lt\/wp-json\/wp\/v2\/media?parent=156219"}],"wp:term":[{"taxonomy":"product_brand","embeddable":true,"href":"https:\/\/baldumarket.lt\/lt\/wp-json\/wp\/v2\/product_brand?post=156219"},{"taxonomy":"product_cat","embeddable":true,"href":"https:\/\/baldumarket.lt\/lt\/wp-json\/wp\/v2\/product_cat?post=156219"},{"taxonomy":"product_tag","embeddable":true,"href":"https:\/\/baldumarket.lt\/lt\/wp-json\/wp\/v2\/product_tag?post=156219"}],"curies":[{"name":"wp","href":"https:\/\/api.w.org\/{rel}","templated":true}]}}