{"id":156211,"date":"2025-12-18T18:26:18","date_gmt":"2025-12-18T15:26:18","guid":{"rendered":"https:\/\/baldumarket.lt\/product\/scandi-szafa-4d6s-zgaszona-zielen-dab-olejowany\/"},"modified":"2026-02-05T12:08:40","modified_gmt":"2026-02-05T09:08:40","slug":"scandi-szafa-4d6s-zgaszona-zielen-dab-olejowany","status":"publish","type":"product","link":"https:\/\/baldumarket.lt\/lt\/product\/scandi-szafa-4d6s-zgaszona-zielen-dab-olejowany\/","title":{"rendered":"Scandi \u2013 Drabu\u017ein\u0117 4D6S, dulk\u0117tos \u017ealios spalvos, alyvuotas \u0105\u017euolas"},"content":{"rendered":"<p>Atraskite harmoning\u0105 elegancij\u0105 pasi\u017eymin\u010di\u0105 \u201eScandi\u201c serijos prislopintos \u017ealios spalvos 4D6S spint\u0105. \u201eHelvetia\u201c kolekcija \u2013 puikus pasirinkimas visiems, norintiems \u012f savo interjer\u0105 \u012fne\u0161ti skandinavi\u0161ko stiliaus prisilietim\u0105, derinant funkcionalum\u0105 su estetika. Neutrali spalva ir paprasta forma puikiai tinka tiek moderniam, tiek klasikiniam interjerui. 190 cm plo\u010dio ir 215 cm auk\u0161\u010dio spinta si\u016blo daug vietos daiktams susid\u0117ti. Su vidin\u0117mis lentynomis ir b\u0117geliais drabu\u017ei\u0173 sutvarkymas dar niekada nebuvo toks paprastas. Tai leid\u017eia lengvai kontroliuoti chaos\u0105 interjere ir visada m\u0117gautis tvarka. Kalbant apie interjero dizain\u0105, labai svarbu, kad baldai b\u016bt\u0173 ne tik funkcional\u016bs, bet ir esteti\u0161kai patraukl\u016bs. Prislopinta \u017ealia spalva kartu su alyvmed\u017eio \u0105\u017euolu suteikia spintai unikal\u0173 charakter\u012f ir skland\u017eiai dera su aplinka, sukurdama jauki\u0105 atmosfer\u0105. Be to, patvarios med\u017eiagos, i\u0161 kuri\u0173 ji pagaminta, garantuoja, kad baldas i\u0161laikys savo vert\u0119 daugel\u012f met\u0173, net ir intensyviai naudojamame miegamajame.<\/p>","protected":false},"excerpt":{"rendered":"<p>Plotis (cm): 190<br \/>\n\u016agis (cm): 215<br \/>\nGylis (cm): 57<\/p>","protected":false},"featured_media":156212,"comment_status":"open","ping_status":"open","template":"","meta":[],"product_brand":[],"product_cat":[9430,4105,1177],"product_tag":[],"class_list":{"0":"post-156211","1":"product","2":"type-product","3":"status-publish","4":"has-post-thumbnail","6":"product_cat-furniture-system-scandi","7":"product_cat-helvetia","8":"product_cat-wardrobes","10":"first","11":"instock","12":"purchasable","13":"product-type-simple"},"_links":{"self":[{"href":"https:\/\/baldumarket.lt\/lt\/wp-json\/wp\/v2\/product\/156211","targetHints":{"allow":["GET"]}}],"collection":[{"href":"https:\/\/baldumarket.lt\/lt\/wp-json\/wp\/v2\/product"}],"about":[{"href":"https:\/\/baldumarket.lt\/lt\/wp-json\/wp\/v2\/types\/product"}],"replies":[{"embeddable":true,"href":"https:\/\/baldumarket.lt\/lt\/wp-json\/wp\/v2\/comments?post=156211"}],"wp:featuredmedia":[{"embeddable":true,"href":"https:\/\/baldumarket.lt\/lt\/wp-json\/wp\/v2\/media\/156212"}],"wp:attachment":[{"href":"https:\/\/baldumarket.lt\/lt\/wp-json\/wp\/v2\/media?parent=156211"}],"wp:term":[{"taxonomy":"product_brand","embeddable":true,"href":"https:\/\/baldumarket.lt\/lt\/wp-json\/wp\/v2\/product_brand?post=156211"},{"taxonomy":"product_cat","embeddable":true,"href":"https:\/\/baldumarket.lt\/lt\/wp-json\/wp\/v2\/product_cat?post=156211"},{"taxonomy":"product_tag","embeddable":true,"href":"https:\/\/baldumarket.lt\/lt\/wp-json\/wp\/v2\/product_tag?post=156211"}],"curies":[{"name":"wp","href":"https:\/\/api.w.org\/{rel}","templated":true}]}}