{"id":156206,"date":"2025-12-18T18:26:08","date_gmt":"2025-12-18T15:26:08","guid":{"rendered":"https:\/\/baldumarket.lt\/product\/scandi-szafa-4d6s-dab-olejowany-ceglany\/"},"modified":"2026-02-05T12:08:40","modified_gmt":"2026-02-05T09:08:40","slug":"scandi-szafa-4d6s-dab-olejowany-ceglany","status":"publish","type":"product","link":"https:\/\/baldumarket.lt\/lt\/product\/scandi-szafa-4d6s-dab-olejowany-ceglany\/","title":{"rendered":"Scandi \u2013 Drabu\u017ein\u0117 4D6S Alyvuotas \u0105\u017euolo plyt\u0173 imitacijos"},"content":{"rendered":"<p>Atverkite duris \u012f nauj\u0105 erdv\u0117s organizavimo dimensij\u0105 savo namuose su \u201eScandi 4D6S\u201c spinta i\u0161 alyvuoto plyt\u0173 \u0105\u017euolo i\u0161 \u017einomo prek\u0117s \u017eenklo \u201eHelvetia\u201c. \u0160i funkcionali spinta neabejotinai taps ne tik prakti\u0161ku baldu, bet ir d\u017eiugins eleganti\u0161ku bei moderniu dizainu, puikiai atitinkan\u010diu skandinavi\u0161ko interjero dizaino tendencijas. Jos 190 cm plotis ir 215 cm auk\u0161tis \u2013 tai puik\u016bs matmenys, pad\u0117siantys maksimaliai i\u0161naudoti erdv\u0119 j\u016bs\u0173 kambaryje. \u201eScandi 4D6S\u201c \u2013 tai unikalus stiliaus ir funkcionalumo derinys. D\u0117l i\u0161manaus dizaino ji si\u016blo \u0161e\u0161ias erdvias lentynas ir keturias dureles, leid\u017eian\u010dias tvarkingai susid\u0117ti drabu\u017eius, batus ir kitus b\u016btiniausius daiktus. Nesvarbu, ar jums reikia vietos m\u0117gstamam megztiniui, ar bat\u0173 kolekcijai, \u0161ioje spintoje lengvai tilps viskas, ko jums reikia kasdieniam gyvenimui. Alyvuoto plyt\u0173 \u0105\u017euolo spalva spinduliuoja \u0161ilum\u0105 ir jaukum\u0105, sukurdama harmoning\u0105 atmosfer\u0105 j\u016bs\u0173 interjere. Be to, d\u0117l auk\u0161tos kokyb\u0117s med\u017eiag\u0173, toki\u0173 kaip laminuota plok\u0161t\u0117, naudojimo baldai yra atspar\u016bs kasdieniam d\u0117v\u0117jimuisi ir \u012fbr\u0117\u017eimams, tod\u0117l tarnaus jums ilgus metus. Eleganti\u0161kos rankenos ir kojel\u0117s, pagamintos i\u0161 tos pa\u010dios apdailos, u\u017ebaigia dizain\u0105, suteikdamos spintai vientis\u0105 ir modern\u0173 vaizd\u0105.<\/p>","protected":false},"excerpt":{"rendered":"<p>Plotis (cm): 190<br \/>\n\u016agis (cm): 215<br \/>\nGylis (cm): 57<\/p>","protected":false},"featured_media":156207,"comment_status":"open","ping_status":"open","template":"","meta":[],"product_brand":[],"product_cat":[9430,4105,1177],"product_tag":[],"class_list":{"0":"post-156206","1":"product","2":"type-product","3":"status-publish","4":"has-post-thumbnail","6":"product_cat-furniture-system-scandi","7":"product_cat-helvetia","8":"product_cat-wardrobes","10":"first","11":"instock","12":"purchasable","13":"product-type-simple"},"_links":{"self":[{"href":"https:\/\/baldumarket.lt\/lt\/wp-json\/wp\/v2\/product\/156206","targetHints":{"allow":["GET"]}}],"collection":[{"href":"https:\/\/baldumarket.lt\/lt\/wp-json\/wp\/v2\/product"}],"about":[{"href":"https:\/\/baldumarket.lt\/lt\/wp-json\/wp\/v2\/types\/product"}],"replies":[{"embeddable":true,"href":"https:\/\/baldumarket.lt\/lt\/wp-json\/wp\/v2\/comments?post=156206"}],"wp:featuredmedia":[{"embeddable":true,"href":"https:\/\/baldumarket.lt\/lt\/wp-json\/wp\/v2\/media\/156207"}],"wp:attachment":[{"href":"https:\/\/baldumarket.lt\/lt\/wp-json\/wp\/v2\/media?parent=156206"}],"wp:term":[{"taxonomy":"product_brand","embeddable":true,"href":"https:\/\/baldumarket.lt\/lt\/wp-json\/wp\/v2\/product_brand?post=156206"},{"taxonomy":"product_cat","embeddable":true,"href":"https:\/\/baldumarket.lt\/lt\/wp-json\/wp\/v2\/product_cat?post=156206"},{"taxonomy":"product_tag","embeddable":true,"href":"https:\/\/baldumarket.lt\/lt\/wp-json\/wp\/v2\/product_tag?post=156206"}],"curies":[{"name":"wp","href":"https:\/\/api.w.org\/{rel}","templated":true}]}}