{"id":156201,"date":"2025-12-18T18:25:58","date_gmt":"2025-12-18T15:25:58","guid":{"rendered":"https:\/\/baldumarket.lt\/product\/scandi-szafa-3d3s-zgaszona-zielen-dab-olejowany\/"},"modified":"2026-02-05T12:08:40","modified_gmt":"2026-02-05T09:08:40","slug":"scandi-szafa-3d3s-zgaszona-zielen-dab-olejowany","status":"publish","type":"product","link":"https:\/\/baldumarket.lt\/lt\/product\/scandi-szafa-3d3s-zgaszona-zielen-dab-olejowany\/","title":{"rendered":"Scandi \u2013 Drabu\u017ein\u0117 3D3S, dulk\u0117tos \u017ealios spalvos, alyvuotas \u0105\u017euolas"},"content":{"rendered":"<p>Atraskite i\u0161skirtin\u0119 elegancij\u0105 ir modern\u0173 dizain\u0105 su \u201eHelvetia\u201c prislopintos \u017ealios spalvos \u201eScandi 3D3S\u201c spinta. \u0160i trij\u0173 dur\u0173 spinta ne tik puikiai \u012fsilies \u012f bet kok\u012f interjer\u0105, bet ir suteiks skandinavi\u0161ko \u017eavesio. Subtili spalva ir alyvuotas \u0105\u017euolas suteikia jai funkcionalumo ir estetikos, tapdamos neatsiejama j\u016bs\u0173 nam\u0173 dalimi. 144 cm plo\u010dio, 215 cm auk\u0161\u010dio ir 57 cm gylio \u201eScandi 3D3S\u201c spinta si\u016blo daug vietos drabu\u017eiams, avalynei ir \u012fvairiems aksesuarams, tod\u0117l ji idealiai tinka tiek miegamiesiems, tiek koridoriams. D\u0117l gerai apgalvoto dizaino ir ideali\u0173 proporcij\u0173 joje tilps viskas, ko jums reikia, i\u0161laikant tvarkingo ir erdvaus poj\u016bt\u012f. Lengvai surenkama sistema leid\u017eia greitai ir lengvai m\u0117gautis moderniu interjero dizainu. \u012eleid\u017eiami vyriai ir apa\u010dioje montuojamos kreipian\u010diosios dar labiau padidina komfort\u0105, tod\u0117l duris atidaryti ir erdv\u0119 sutvarkyti lengva. Baldai taip pat yra patvar\u016bs ir atspar\u016bs kasdieniam naudojimui, tod\u0117l ilgai liksite patenkinti pirkiniu.<\/p>","protected":false},"excerpt":{"rendered":"<p>Plotis (cm): 144<br \/>\n\u016agis (cm): 215<br \/>\nGylis (cm): 57<\/p>","protected":false},"featured_media":156202,"comment_status":"open","ping_status":"open","template":"","meta":[],"product_brand":[],"product_cat":[9430,4105,1177],"product_tag":[],"class_list":{"0":"post-156201","1":"product","2":"type-product","3":"status-publish","4":"has-post-thumbnail","6":"product_cat-furniture-system-scandi","7":"product_cat-helvetia","8":"product_cat-wardrobes","10":"first","11":"instock","12":"purchasable","13":"product-type-simple"},"_links":{"self":[{"href":"https:\/\/baldumarket.lt\/lt\/wp-json\/wp\/v2\/product\/156201","targetHints":{"allow":["GET"]}}],"collection":[{"href":"https:\/\/baldumarket.lt\/lt\/wp-json\/wp\/v2\/product"}],"about":[{"href":"https:\/\/baldumarket.lt\/lt\/wp-json\/wp\/v2\/types\/product"}],"replies":[{"embeddable":true,"href":"https:\/\/baldumarket.lt\/lt\/wp-json\/wp\/v2\/comments?post=156201"}],"wp:featuredmedia":[{"embeddable":true,"href":"https:\/\/baldumarket.lt\/lt\/wp-json\/wp\/v2\/media\/156202"}],"wp:attachment":[{"href":"https:\/\/baldumarket.lt\/lt\/wp-json\/wp\/v2\/media?parent=156201"}],"wp:term":[{"taxonomy":"product_brand","embeddable":true,"href":"https:\/\/baldumarket.lt\/lt\/wp-json\/wp\/v2\/product_brand?post=156201"},{"taxonomy":"product_cat","embeddable":true,"href":"https:\/\/baldumarket.lt\/lt\/wp-json\/wp\/v2\/product_cat?post=156201"},{"taxonomy":"product_tag","embeddable":true,"href":"https:\/\/baldumarket.lt\/lt\/wp-json\/wp\/v2\/product_tag?post=156201"}],"curies":[{"name":"wp","href":"https:\/\/api.w.org\/{rel}","templated":true}]}}