{"id":156196,"date":"2025-12-18T18:25:48","date_gmt":"2025-12-18T15:25:48","guid":{"rendered":"https:\/\/baldumarket.lt\/product\/scandi-szafa-3d3s-dab-olejowany-ceglany\/"},"modified":"2026-02-05T12:08:40","modified_gmt":"2026-02-05T09:08:40","slug":"scandi-szafa-3d3s-dab-olejowany-ceglany","status":"publish","type":"product","link":"https:\/\/baldumarket.lt\/lt\/product\/scandi-szafa-3d3s-dab-olejowany-ceglany\/","title":{"rendered":"Scandi \u2013 Drabu\u017ein\u0117 3D3S Alyvuotas \u0105\u017euolo plyt\u0173 imitacijos"},"content":{"rendered":"<p>Atraskite skandinavi\u0161ko stiliaus elegancij\u0105 su m\u016bs\u0173 unikalios alyvuotos plyt\u0173 \u0105\u017euolo spalvos \u201eHelvetia\u201c 3D3S spinta. \u0160i spinta derina modernius sprendimus su klasikiniu, minimalistiniu dizainu, puikiai papildydama \u0161iuolaikinio interjero charakter\u012f. Eleganti\u0161ka jos i\u0161vaizda traukia d\u0117mes\u012f, nat\u016braliai integruojasi \u012f \u012fvairius i\u0161d\u0117stymus ir suteikia daugyb\u0119 galimybi\u0173 suasmeninti erdv\u0119. Didel\u0117, erdvi spinta yra raktas \u012f tvarking\u0105 interjer\u0105. D\u0117l trij\u0173 erdvi\u0173 sekcij\u0173 galite lengvai laikyti drabu\u017eius ir aksesuarus, taip pat sukurti papildomos vietos kitiems kasdieniams daiktams. M\u016bs\u0173 spinta yra ne tik prakti\u0161ka, bet ir tampa gra\u017eiu dekoratyviniu elementu, kuris suteiks charakterio j\u016bs\u0173 miegamajam, prie\u0161kambariui ar persirengimo kambariui. Pagaminta i\u0161 tvirt\u0173 med\u017eiag\u0173, spinta pasi\u017eymi laminuota plok\u0161te, kuri u\u017etikrina patvarum\u0105 ir atsparum\u0105 kasdieniam naudojimui. D\u0117l kruop\u0161\u010diai suprojektuot\u0173 apatini\u0173 kreipian\u010di\u0173j\u0173 ir \u012fgilint\u0173 vyri\u0173 dur\u0173 atidarymas ir u\u017edarymas yra grynas malonumas. Komplekte yra visi reikalingi priedai savaranki\u0161kam surinkimui, tod\u0117l galite greitai ir lengvai surinkti baldus savo kambaryje.<\/p>","protected":false},"excerpt":{"rendered":"<p>Plotis (cm): 144<br \/>\n\u016agis (cm): 215<br \/>\nGylis (cm): 57<\/p>","protected":false},"featured_media":156197,"comment_status":"open","ping_status":"open","template":"","meta":[],"product_brand":[],"product_cat":[9430,4105,1177],"product_tag":[],"class_list":{"0":"post-156196","1":"product","2":"type-product","3":"status-publish","4":"has-post-thumbnail","6":"product_cat-furniture-system-scandi","7":"product_cat-helvetia","8":"product_cat-wardrobes","10":"first","11":"instock","12":"purchasable","13":"product-type-simple"},"_links":{"self":[{"href":"https:\/\/baldumarket.lt\/lt\/wp-json\/wp\/v2\/product\/156196","targetHints":{"allow":["GET"]}}],"collection":[{"href":"https:\/\/baldumarket.lt\/lt\/wp-json\/wp\/v2\/product"}],"about":[{"href":"https:\/\/baldumarket.lt\/lt\/wp-json\/wp\/v2\/types\/product"}],"replies":[{"embeddable":true,"href":"https:\/\/baldumarket.lt\/lt\/wp-json\/wp\/v2\/comments?post=156196"}],"wp:featuredmedia":[{"embeddable":true,"href":"https:\/\/baldumarket.lt\/lt\/wp-json\/wp\/v2\/media\/156197"}],"wp:attachment":[{"href":"https:\/\/baldumarket.lt\/lt\/wp-json\/wp\/v2\/media?parent=156196"}],"wp:term":[{"taxonomy":"product_brand","embeddable":true,"href":"https:\/\/baldumarket.lt\/lt\/wp-json\/wp\/v2\/product_brand?post=156196"},{"taxonomy":"product_cat","embeddable":true,"href":"https:\/\/baldumarket.lt\/lt\/wp-json\/wp\/v2\/product_cat?post=156196"},{"taxonomy":"product_tag","embeddable":true,"href":"https:\/\/baldumarket.lt\/lt\/wp-json\/wp\/v2\/product_tag?post=156196"}],"curies":[{"name":"wp","href":"https:\/\/api.w.org\/{rel}","templated":true}]}}