{"id":156189,"date":"2025-12-18T18:25:33","date_gmt":"2025-12-18T15:25:33","guid":{"rendered":"https:\/\/baldumarket.lt\/product\/scandi-regal-1d2s-zgaszona-zielen-dab-olejowany\/"},"modified":"2026-02-05T12:08:40","modified_gmt":"2026-02-05T09:08:40","slug":"scandi-regal-1d2s-zgaszona-zielen-dab-olejowany","status":"publish","type":"product","link":"https:\/\/baldumarket.lt\/lt\/product\/scandi-regal-1d2s-zgaszona-zielen-dab-olejowany\/","title":{"rendered":"Scandi \u2013 Lentyna 1D2S Dulki\u0173 \u017ealia alyvuota \u0105\u017euolo spalva"},"content":{"rendered":"<p>Prid\u0117kite skandinavi\u0161ko stiliaus prieskon\u012f prie savo interjero su \u201eScandi 1D2S\u201c knyg\u0173 lentyna, kurios spalvos \u2013 prislopinta \u017ealia ir alyvuotas \u0105\u017euolas. Eleganti\u0161kas ir modernus dizainas paver\u010dia \u0161i\u0105 knyg\u0173 lentyn\u0105 ne tik funkcionaliu baldu, bet ir stilingu akcentu, kuris pritrauks kiekvieno sve\u010dio d\u0117mes\u012f. Prislopinta spalv\u0173 gama puikiai dera su naujausiomis dizaino tendencijomis, suteikdama bet kokiam kambariui klas\u0117s ir charakterio. \u201eScandi\u201c knyg\u0173 lentyna buvo sukurta atsi\u017evelgiant \u012f j\u016bs\u0173 patogum\u0105. 215 cm auk\u0161\u010dio konstrukcija suteikia daug vietos daiktams susid\u0117ti, tod\u0117l puikiai tinka knygoms, dekoracijoms ir kasdieniams daiktams laikyti. Ji puikiai tiks tiek svetain\u0117je, tiek nam\u0173 biure, sukurdama erdv\u0119, skatinan\u010di\u0105 organizuotum\u0105 ir k\u016brybin\u012f m\u0105stym\u0105. 40 cm gylis leid\u017eia patogiai naudoti lentyn\u0105 neu\u017eimant per daug vietos. Prislopinta \u017ealia spalva, puo\u0161ianti knyg\u0173 lentynos korpus\u0105 ir priek\u012f, yra spalva, kuri interjerui suteikia harmonijos ir ramyb\u0117s. Derinys su alyvuotu \u0105\u017euolu i\u0161ry\u0161kina nat\u016bral\u0173 med\u017eiag\u0173 gro\u017e\u012f, tod\u0117l knyg\u0173 lentyna yra ne tik prakti\u0161ka, bet ir esteti\u0161kai patraukli. Pagamintas i\u0161 patvari\u0173 laminuot\u0173 lent\u0173, \u0161is baldas yra lengvai valomas ir atsparus kasdieniam naudojimui, tod\u0117l idealiai tinka \u0161eimoms su vaikais ir augintiniais.<\/p>","protected":false},"excerpt":{"rendered":"<p>Plotis (cm): 50<br \/>\n\u016agis (cm): 215<br \/>\nGylis (cm): 40<\/p>","protected":false},"featured_media":156190,"comment_status":"open","ping_status":"open","template":"","meta":[],"product_brand":[],"product_cat":[9430,4105,1987],"product_tag":[],"class_list":{"0":"post-156189","1":"product","2":"type-product","3":"status-publish","4":"has-post-thumbnail","6":"product_cat-furniture-system-scandi","7":"product_cat-helvetia","8":"product_cat-shelving-units","10":"first","11":"instock","12":"purchasable","13":"product-type-simple"},"_links":{"self":[{"href":"https:\/\/baldumarket.lt\/lt\/wp-json\/wp\/v2\/product\/156189","targetHints":{"allow":["GET"]}}],"collection":[{"href":"https:\/\/baldumarket.lt\/lt\/wp-json\/wp\/v2\/product"}],"about":[{"href":"https:\/\/baldumarket.lt\/lt\/wp-json\/wp\/v2\/types\/product"}],"replies":[{"embeddable":true,"href":"https:\/\/baldumarket.lt\/lt\/wp-json\/wp\/v2\/comments?post=156189"}],"wp:featuredmedia":[{"embeddable":true,"href":"https:\/\/baldumarket.lt\/lt\/wp-json\/wp\/v2\/media\/156190"}],"wp:attachment":[{"href":"https:\/\/baldumarket.lt\/lt\/wp-json\/wp\/v2\/media?parent=156189"}],"wp:term":[{"taxonomy":"product_brand","embeddable":true,"href":"https:\/\/baldumarket.lt\/lt\/wp-json\/wp\/v2\/product_brand?post=156189"},{"taxonomy":"product_cat","embeddable":true,"href":"https:\/\/baldumarket.lt\/lt\/wp-json\/wp\/v2\/product_cat?post=156189"},{"taxonomy":"product_tag","embeddable":true,"href":"https:\/\/baldumarket.lt\/lt\/wp-json\/wp\/v2\/product_tag?post=156189"}],"curies":[{"name":"wp","href":"https:\/\/api.w.org\/{rel}","templated":true}]}}