{"id":156183,"date":"2025-12-18T18:25:21","date_gmt":"2025-12-18T15:25:21","guid":{"rendered":"https:\/\/baldumarket.lt\/product\/scandi-regal-1d2s-dab-olejowany-ceglany\/"},"modified":"2026-02-05T12:08:40","modified_gmt":"2026-02-05T09:08:40","slug":"scandi-regal-1d2s-dab-olejowany-ceglany","status":"publish","type":"product","link":"https:\/\/baldumarket.lt\/lt\/product\/scandi-regal-1d2s-dab-olejowany-ceglany\/","title":{"rendered":"Scandi \u2013 1D2S knyg\u0173 lentyna, alyvuota \u0105\u017euolo plyta"},"content":{"rendered":"<p>Atraskite paprastumo ir funkcionalumo \u017eaves\u012f su \u201eHelvetia\u201c knyg\u0173 lentyna \u201eScandi 1D2S\u201c. Eleganti\u0161ka, alyvuota plyt\u0173 raudonumo \u0105\u017euolo mediena suteikia \u0161ilumos ir jaukumo bet kokiam interjerui. Nesvarbu, ar dekoruojate modern\u0173 but\u0105, stiling\u0105 studij\u0105, ar kaimi\u0161k\u0105 nam\u0105, \u0161i knyg\u0173 lentyna taps bet kurio kambario d\u0117mesio centru. Optimal\u016bs 50 cm plo\u010dio, 215 cm auk\u0161\u010dio ir 40 cm gylio matmenys puikiai tiks bet kurioje erdv\u0117je ir joje puikiai tilps visos j\u016bs\u0173 m\u0117gstamiausios knygos, dekoracijos ir kiti asmeniniai lobiai. \u201eScandi\u201c knyg\u0173 lentyna si\u016blo ne tik gra\u017ei\u0105 i\u0161vaizd\u0105, bet ir prakti\u0161kus kasdienius sprendimus. Erdvi spintel\u0117 ir dvi atviros lentynos leid\u017eia lengvai susitvarkyti kasdienius daiktus. Joje galite laikyti ne tik knygas, bet ir nuotraukas, vazoninius augalus bei nuotrauk\u0173 r\u0117melius su prisiminimais. Minimalistinis, ta\u010diau funkcionalus dizainas puikiai tinka bet kuriam svetainei, biurui ar miegamajam. Pagaminta i\u0161 auk\u0161tos kokyb\u0117s laminuotos plok\u0161t\u0117s, \u201eScandi\u201c lentyn\u0173 sistema yra ne tik stilinga, bet ir atspari pa\u017eeidimams bei lengvai valoma. D\u0117l panaudot\u0173 med\u017eiag\u0173 gal\u0117site m\u0117gautis jo patvarumu ilgus metus, o kasdienis naudojimas bus be r\u016bpes\u010di\u0173. Be to, apatiniai kreiptuvai ir \u012fgilinti vyriai u\u017etikrina patog\u0173 dureli\u0173 atidarym\u0105 ir u\u017edarym\u0105.<\/p>","protected":false},"excerpt":{"rendered":"<p>Plotis (cm): 50<br \/>\n\u016agis (cm): 215<br \/>\nGylis (cm): 40<\/p>","protected":false},"featured_media":156184,"comment_status":"open","ping_status":"open","template":"","meta":[],"product_brand":[],"product_cat":[9430,4105,1987],"product_tag":[],"class_list":{"0":"post-156183","1":"product","2":"type-product","3":"status-publish","4":"has-post-thumbnail","6":"product_cat-furniture-system-scandi","7":"product_cat-helvetia","8":"product_cat-shelving-units","10":"first","11":"instock","12":"purchasable","13":"product-type-simple"},"_links":{"self":[{"href":"https:\/\/baldumarket.lt\/lt\/wp-json\/wp\/v2\/product\/156183","targetHints":{"allow":["GET"]}}],"collection":[{"href":"https:\/\/baldumarket.lt\/lt\/wp-json\/wp\/v2\/product"}],"about":[{"href":"https:\/\/baldumarket.lt\/lt\/wp-json\/wp\/v2\/types\/product"}],"replies":[{"embeddable":true,"href":"https:\/\/baldumarket.lt\/lt\/wp-json\/wp\/v2\/comments?post=156183"}],"wp:featuredmedia":[{"embeddable":true,"href":"https:\/\/baldumarket.lt\/lt\/wp-json\/wp\/v2\/media\/156184"}],"wp:attachment":[{"href":"https:\/\/baldumarket.lt\/lt\/wp-json\/wp\/v2\/media?parent=156183"}],"wp:term":[{"taxonomy":"product_brand","embeddable":true,"href":"https:\/\/baldumarket.lt\/lt\/wp-json\/wp\/v2\/product_brand?post=156183"},{"taxonomy":"product_cat","embeddable":true,"href":"https:\/\/baldumarket.lt\/lt\/wp-json\/wp\/v2\/product_cat?post=156183"},{"taxonomy":"product_tag","embeddable":true,"href":"https:\/\/baldumarket.lt\/lt\/wp-json\/wp\/v2\/product_tag?post=156183"}],"curies":[{"name":"wp","href":"https:\/\/api.w.org\/{rel}","templated":true}]}}