{"id":156180,"date":"2025-12-18T18:25:16","date_gmt":"2025-12-18T15:25:16","guid":{"rendered":"https:\/\/baldumarket.lt\/product\/scandi-lozko-180x200-cm-zgaszona-zielen-dab-olejowany\/"},"modified":"2026-02-05T12:08:48","modified_gmt":"2026-02-05T09:08:48","slug":"scandi-lozko-180x200-cm-zgaszona-zielen-dab-olejowany","status":"publish","type":"product","link":"https:\/\/baldumarket.lt\/lt\/product\/scandi-lozko-180x200-cm-zgaszona-zielen-dab-olejowany\/","title":{"rendered":"Scandi \u2013 Lova 180\u00d7200 cm, dulk\u0117tos \u017ealios spalvos, alyvuotas \u0105\u017euolas"},"content":{"rendered":"<p>Pristatome eleganti\u0161k\u0105 prislopintos \u017ealios spalvos \u201eScandi\u201c lov\u0105, kuri taps j\u016bs\u0173 miegamojo traukos centru. Modernus skandinavi\u0161kas stilius derina paprastum\u0105 ir funkcionalum\u0105, tod\u0117l puikiai tinka \u012fvairiems interjero dizainams. Alyvuotas \u0105\u017euolas kartu su atsipalaidavimo akimirkomis sukuria nat\u016brali\u0105 ir jauki\u0105 atmosfer\u0105, puikiai tinkan\u010di\u0105 atsipalaiduoti po ilgos dienos.<\/p>\n<p>\u0160i 180 \u00d7 200 cm lova suteikia patogi\u0105 miegojimo erdv\u0119 porai, o subtilios spalvos suteiks j\u016bs\u0173 miegamajam harmonijos ir ramyb\u0117s. D\u0117l auk\u0161tos kokyb\u0117s med\u017eiag\u0173, toki\u0173 kaip laminuota plok\u0161t\u0117, galite m\u0117gautis ne tik estetika, bet ir \u0161io baldo ilgaam\u017ei\u0161kumu. Tvirta lovos r\u0117mo konstrukcija rei\u0161kia, kad jis gali atlaikyti kasdien\u012f naudojim\u0105, suteikdamas jums stabilumo ir komforto kiekvien\u0105 nakt\u012f.<\/p>\n<p>Did\u017eiausias \u201eScandi\u201c lovos privalumas yra ne tik jos i\u0161vaizda, bet ir kasdien\u0117 nauda. Atrasite, kiek d\u017eiaugsmo galite suteikti poilsis nat\u016brali\u0173 spalv\u0173 apsuptyje. Prislopinta \u017ealuma gerina savijaut\u0105 ir, atitinkamai, miego kokyb\u0119. Tai puikus sprendimas tiems, kurie nori susikurti savo poilsio oaz\u0119, kurioje gal\u0117t\u0173 pasikrauti j\u0117g\u0173 kitai dienai.<\/p>\n<p>Lova surenkama savaranki\u0161kai, tod\u0117l galite suasmeninti erdv\u0119 pagal savo pageidavimus. Paprastos instrukcijos ir visi reikalingi priedai u\u017etikrina, kad visas procesas b\u016bt\u0173 lengvas ir malonus. Padovanokite sau ar savo artimiesiems dovan\u0105, kuri kiekvien\u0105 vakar\u0105 pavers maloniu ir papuo\u0161 j\u016bs\u0173 miegamojo interjer\u0105, paversdama j\u012f atsipalaidavimo ir poilsio vieta.<\/p>","protected":false},"excerpt":{"rendered":"<p>Plotis (cm): 185<br \/>\n\u016agis (cm): 100<br \/>\nGylis (cm): 207<\/p>","protected":false},"featured_media":156181,"comment_status":"open","ping_status":"open","template":"","meta":[],"product_brand":[],"product_cat":[9430,505,1972,4105],"product_tag":[],"class_list":{"0":"post-156180","1":"product","2":"type-product","3":"status-publish","4":"has-post-thumbnail","6":"product_cat-furniture-system-scandi","7":"product_cat-bedroom-beds","8":"product_cat-beds-180x200","9":"product_cat-helvetia","11":"first","12":"instock","13":"purchasable","14":"product-type-simple"},"_links":{"self":[{"href":"https:\/\/baldumarket.lt\/lt\/wp-json\/wp\/v2\/product\/156180","targetHints":{"allow":["GET"]}}],"collection":[{"href":"https:\/\/baldumarket.lt\/lt\/wp-json\/wp\/v2\/product"}],"about":[{"href":"https:\/\/baldumarket.lt\/lt\/wp-json\/wp\/v2\/types\/product"}],"replies":[{"embeddable":true,"href":"https:\/\/baldumarket.lt\/lt\/wp-json\/wp\/v2\/comments?post=156180"}],"wp:featuredmedia":[{"embeddable":true,"href":"https:\/\/baldumarket.lt\/lt\/wp-json\/wp\/v2\/media\/156181"}],"wp:attachment":[{"href":"https:\/\/baldumarket.lt\/lt\/wp-json\/wp\/v2\/media?parent=156180"}],"wp:term":[{"taxonomy":"product_brand","embeddable":true,"href":"https:\/\/baldumarket.lt\/lt\/wp-json\/wp\/v2\/product_brand?post=156180"},{"taxonomy":"product_cat","embeddable":true,"href":"https:\/\/baldumarket.lt\/lt\/wp-json\/wp\/v2\/product_cat?post=156180"},{"taxonomy":"product_tag","embeddable":true,"href":"https:\/\/baldumarket.lt\/lt\/wp-json\/wp\/v2\/product_tag?post=156180"}],"curies":[{"name":"wp","href":"https:\/\/api.w.org\/{rel}","templated":true}]}}