{"id":156176,"date":"2025-12-18T18:25:08","date_gmt":"2025-12-18T15:25:08","guid":{"rendered":"https:\/\/baldumarket.lt\/product\/scandi-lozko-180x200-cm-ze-stelazem-zgaszona-zielen-dab-olejowany\/"},"modified":"2026-02-05T12:08:48","modified_gmt":"2026-02-05T09:08:48","slug":"scandi-lozko-180x200-cm-ze-stelazem-zgaszona-zielen-dab-olejowany","status":"publish","type":"product","link":"https:\/\/baldumarket.lt\/lt\/product\/scandi-lozko-180x200-cm-ze-stelazem-zgaszona-zielen-dab-olejowany\/","title":{"rendered":"Scandi \u2013 Lova 180\u00d7200 cm su r\u0117mu, dulk\u0117tos \u017ealios spalvos, alyvuoto \u0105\u017euolo spalvos"},"content":{"rendered":"<p>Didel\u0117, patogi 180 \u00d7 200 cm dyd\u017eio \u201eScandi\u201c lova, nuda\u017eyta prislopinta \u017ealia spalva, yra puikus pasirinkimas tiems, kurie vertina ne tik miego komfort\u0105, bet ir estetik\u0105. Minimalistinis dizainas puikiai dera su skandinavi\u0161komis tendencijomis, derindamas paprastum\u0105 su modernumu. Subtil\u016bs atspalviai puikiai tinka \u012fvairiems miegam\u0173j\u0173 dizainams ir sukuria jauki\u0105, atsipalaidavimui palanki\u0105 atmosfer\u0105.<\/p>\n<p>\u201eScandi\u201c lova ne tik \u017eavi savo i\u0161vaizda, bet ir si\u016blo prakti\u0161kus sprendimus. Pridedamas stabilus r\u0117mas suteikia tinkam\u0105 \u010diu\u017einio atram\u0105, kuri yra labai svarbi kokybi\u0161kam miegui. Atsiverkite naujiems potyriams miegamajame su lova, kurioje dera elegancija ir funkcionalumas. Ji idealiai tinka tiek poroms, tiek individualiems asmenims, vertinantiems erdvi\u0105 miegojimo erdv\u0119.<\/p>\n<p>Lova pagaminta i\u0161 auk\u0161tos kokyb\u0117s laminuotos plok\u0161t\u0117s, lengvai valomos ir atsparios pa\u017eeidimams. Tai leid\u017eia be vargo pri\u017ei\u016br\u0117ti kasdien\u0119 lov\u0105, o lova ilgai i\u0161laikys savo gaivum\u0105. Be to, to paties prislopintos \u017ealios spalvos atspalvio kojel\u0117s suteikia bendram dizainui harmoningo charakterio ir stabilumo, tod\u0117l lova yra ne tik gra\u017ei, bet ir tvirtos konstrukcijos.<\/p>\n<p>\u017denkite \u017eingsn\u012f link miegamojo, kuris b\u016bt\u0173 ne tik gra\u017eus, bet ir funkcionalus. \u201eScandi\u201c lova \u2013 tai investicija \u012f miego kokyb\u0119 ir stili\u0173, kuri tur\u0117s \u012ftakos bendrai j\u016bs\u0173 gerovei. Kadangi surinkimas paprastas ir nereikalauja speciali\u0173 \u012franki\u0173, netrukus gal\u0117site m\u0117gautis atsipalaidavimo malonumais savo naujoje miego erdv\u0117je. Pasirinkite lov\u0105, kuri suteiks j\u016bs\u0173 miegamajam unikalumo ir kiekvien\u0105 nakt\u012f pavers tikru malonumu.<\/p>","protected":false},"excerpt":{"rendered":"<p>Plotis (cm): 185<br \/>\n\u016agis (cm): 100<br \/>\nGylis (cm): 207<\/p>","protected":false},"featured_media":156177,"comment_status":"open","ping_status":"open","template":"","meta":[],"product_brand":[],"product_cat":[9430,505,1972,4105],"product_tag":[],"class_list":{"0":"post-156176","1":"product","2":"type-product","3":"status-publish","4":"has-post-thumbnail","6":"product_cat-furniture-system-scandi","7":"product_cat-bedroom-beds","8":"product_cat-beds-180x200","9":"product_cat-helvetia","11":"first","12":"instock","13":"purchasable","14":"product-type-simple"},"_links":{"self":[{"href":"https:\/\/baldumarket.lt\/lt\/wp-json\/wp\/v2\/product\/156176","targetHints":{"allow":["GET"]}}],"collection":[{"href":"https:\/\/baldumarket.lt\/lt\/wp-json\/wp\/v2\/product"}],"about":[{"href":"https:\/\/baldumarket.lt\/lt\/wp-json\/wp\/v2\/types\/product"}],"replies":[{"embeddable":true,"href":"https:\/\/baldumarket.lt\/lt\/wp-json\/wp\/v2\/comments?post=156176"}],"wp:featuredmedia":[{"embeddable":true,"href":"https:\/\/baldumarket.lt\/lt\/wp-json\/wp\/v2\/media\/156177"}],"wp:attachment":[{"href":"https:\/\/baldumarket.lt\/lt\/wp-json\/wp\/v2\/media?parent=156176"}],"wp:term":[{"taxonomy":"product_brand","embeddable":true,"href":"https:\/\/baldumarket.lt\/lt\/wp-json\/wp\/v2\/product_brand?post=156176"},{"taxonomy":"product_cat","embeddable":true,"href":"https:\/\/baldumarket.lt\/lt\/wp-json\/wp\/v2\/product_cat?post=156176"},{"taxonomy":"product_tag","embeddable":true,"href":"https:\/\/baldumarket.lt\/lt\/wp-json\/wp\/v2\/product_tag?post=156176"}],"curies":[{"name":"wp","href":"https:\/\/api.w.org\/{rel}","templated":true}]}}