{"id":156173,"date":"2025-12-18T18:25:02","date_gmt":"2025-12-18T15:25:02","guid":{"rendered":"https:\/\/baldumarket.lt\/product\/scandi-lozko-180x200-cm-ze-stelazem-dab-olejowany-ceglany\/"},"modified":"2026-02-05T12:08:48","modified_gmt":"2026-02-05T09:08:48","slug":"scandi-lozko-180x200-cm-ze-stelazem-dab-olejowany-ceglany","status":"publish","type":"product","link":"https:\/\/baldumarket.lt\/lt\/product\/scandi-lozko-180x200-cm-ze-stelazem-dab-olejowany-ceglany\/","title":{"rendered":"Scandi \u2013 Lova 180\u00d7200 cm su r\u0117mu, alyvuotas plyt\u0173 \u0105\u017euolas"},"content":{"rendered":"<p>\u012ene\u0161kite \u012f savo miegam\u0105j\u012f modernaus stiliaus aksiom\u0105 su \u201eHelvetia\u201c \u201eScandi\u201c lova. \u0160i unikali 180 \u00d7 200 cm lova, pagaminta i\u0161 eleganti\u0161ko alyvuoto plyt\u0173 \u0105\u017euolo atspalvio, taps ne tik j\u016bs\u0173 interjero traukos centru, bet ir vieta, kur atrasite tikr\u0105j\u0105 komforto ir atsipalaidavimo prasm\u0119. Minimalistinis dizainas harmoningai der\u0117s prie \u012fvairi\u0173 interjer\u0173 \u2013 nuo skandinavi\u0161ko iki industrinio.<\/p>\n<p>100 cm auk\u0161tis u\u017etikrina lengv\u0105 i\u0161lipim\u0105 i\u0161 lovos ir patog\u0173 naudojim\u0105, o pilnas r\u0117mo komplektas panaikina papildom\u0173 pirkini\u0173 poreik\u012f. Kiekvienas rytas prasid\u0117s tobulu poilsiu, o vakarai bus kupini atsipalaidavimo po sunkios dienos. Ne tik estetika, bet ir funkcionalumas daro \u201eScandi\u201c lov\u0105 idealiu pasirinkimu tiems, kurie ie\u0161ko prakti\u0161k\u0173 sprendim\u0173 kasdieniame gyvenime.<\/p>\n<p>Auk\u0161tos kokyb\u0117s med\u017eiagos, i\u0161 kuri\u0173 pagaminta lova, garantuoja patvarum\u0105 ir tvirtum\u0105. Atspari \u012fbr\u0117\u017eimams ir lengvai valoma laminuota plok\u0161t\u0117 u\u017etikrina, kad baldas ne tik gra\u017eiai atrodo, bet ir daugel\u012f met\u0173 i\u0161laiko savo \u017eaves\u012f. Pridedamas lovos r\u0117mas suteikia \u010diu\u017einiui stabilumo ir atramos, tod\u0117l galite sutelkti d\u0117mes\u012f \u012f tai, kas svarbiausia \u2013 ger\u0105 nakties mieg\u0105.<\/p>\n<p>\u201eScandi\u201c lova yra daugiau nei baldas \u2013 tai vieta, kur svajon\u0117s tampa realybe. \u017denkite \u017eingsn\u012f savo atsipalaidavimo oaz\u0117s link pasirinkdami \u201eHelvetia\u201c gamin\u012f. Vadovaudamiesi paprastomis surinkimo instrukcijomis, greitai ir lengvai susikursite savo miegojimo erdv\u0119. Paverskite savo miegam\u0105j\u012f unikalia erdve, kuri d\u017eiugins ir jus, ir j\u016bs\u0173 sve\u010dius!<\/p>","protected":false},"excerpt":{"rendered":"<p>Plotis (cm): 185<br \/>\n\u016agis (cm): 100<br \/>\nGylis (cm): 207<\/p>","protected":false},"featured_media":156174,"comment_status":"open","ping_status":"open","template":"","meta":[],"product_brand":[],"product_cat":[9430,505,1972,4105],"product_tag":[],"class_list":{"0":"post-156173","1":"product","2":"type-product","3":"status-publish","4":"has-post-thumbnail","6":"product_cat-furniture-system-scandi","7":"product_cat-bedroom-beds","8":"product_cat-beds-180x200","9":"product_cat-helvetia","11":"first","12":"instock","13":"purchasable","14":"product-type-simple"},"_links":{"self":[{"href":"https:\/\/baldumarket.lt\/lt\/wp-json\/wp\/v2\/product\/156173","targetHints":{"allow":["GET"]}}],"collection":[{"href":"https:\/\/baldumarket.lt\/lt\/wp-json\/wp\/v2\/product"}],"about":[{"href":"https:\/\/baldumarket.lt\/lt\/wp-json\/wp\/v2\/types\/product"}],"replies":[{"embeddable":true,"href":"https:\/\/baldumarket.lt\/lt\/wp-json\/wp\/v2\/comments?post=156173"}],"wp:featuredmedia":[{"embeddable":true,"href":"https:\/\/baldumarket.lt\/lt\/wp-json\/wp\/v2\/media\/156174"}],"wp:attachment":[{"href":"https:\/\/baldumarket.lt\/lt\/wp-json\/wp\/v2\/media?parent=156173"}],"wp:term":[{"taxonomy":"product_brand","embeddable":true,"href":"https:\/\/baldumarket.lt\/lt\/wp-json\/wp\/v2\/product_brand?post=156173"},{"taxonomy":"product_cat","embeddable":true,"href":"https:\/\/baldumarket.lt\/lt\/wp-json\/wp\/v2\/product_cat?post=156173"},{"taxonomy":"product_tag","embeddable":true,"href":"https:\/\/baldumarket.lt\/lt\/wp-json\/wp\/v2\/product_tag?post=156173"}],"curies":[{"name":"wp","href":"https:\/\/api.w.org\/{rel}","templated":true}]}}