{"id":156170,"date":"2025-12-18T18:24:56","date_gmt":"2025-12-18T15:24:56","guid":{"rendered":"https:\/\/baldumarket.lt\/product\/scandi-lozko-180x200-cm-dab-olejowany-ceglany\/"},"modified":"2026-02-05T12:08:48","modified_gmt":"2026-02-05T09:08:48","slug":"scandi-lozko-180x200-cm-dab-olejowany-ceglany","status":"publish","type":"product","link":"https:\/\/baldumarket.lt\/lt\/product\/scandi-lozko-180x200-cm-dab-olejowany-ceglany\/","title":{"rendered":"Scandi \u2013 Lova 180\u00d7200 cm, alyvuotas plyt\u0173 \u0105\u017euolas"},"content":{"rendered":"<p>Paruo\u0161kite savo interjer\u0105 naujam komforto ir stiliaus lygiui su \u201eHelvetia\u201c \u201eScandi\u201c lova. \u0160i 180 x 200 cm dyd\u017eio lova yra tobulas miegamojo baldas, kuriame dera skandinavi\u0161ka estetika ir funkcionalumas. Apdaila eleganti\u0161ka, alyvuota plyt\u0173 raudonumo \u0105\u017euolo apdaila, \u0161i lova taps bet kurio miegamojo traukos centru, suteikdama jaukumo ir modernumo.<\/p>\n<p>Atsipalaidavimas yra neatsiejama m\u016bs\u0173 kasdienio gyvenimo dalis, tod\u0117l verta investuoti \u012f baldus, kurie skatina atsipalaidavim\u0105. \u201eScandi\u201c lova si\u016blo erdvi\u0105 miegojimo zon\u0105, leid\u017eian\u010di\u0105 m\u0117gautis ramiu nakties miegu. D\u0117l auk\u0161t\u0173 \u0161onini\u0173 kra\u0161t\u0173 ir esteti\u0161kai patraukli\u0173 plastikini\u0173 kojeli\u0173 lova ne tik atrodo stulbinamai, bet ir u\u017etikrina stabilum\u0105 bei komfort\u0105 ilgus metus.<\/p>\n<p>Lovos surinkimas netur\u0117t\u0173 b\u016bti problema, nes ji sukurta savaranki\u0161kam surinkimui \u2013 idealus sprendimas tiems, kurie m\u0117gsta \u201epasidaryk pats\u201c. S\u0117kmingai surinkus, tvirta konstrukcija ir nesenstantis dizainas d\u017eiugins ak\u012f kiekvien\u0105 dien\u0105. Skandinavi\u0161kas stilius su paprastomis linijomis ir nat\u016braliomis med\u017eiagomis puikiai dera su \u012fvairiais interjero dizainais \u2013 nuo minimalistinio iki klasikinio.<\/p>\n<p>Pasirinkdami \u201eScandi\u201c lov\u0105, j\u016bs sau ir savo artimiesiems padovanojate ne tik auk\u0161tos kokyb\u0117s baldus, bet ir \u0161ilumos bei jaukumo savo miegamajame. Rinkit\u0117s nat\u016bral\u0173 gro\u017e\u012f ir funkcionalum\u0105, kurie kiekvien\u0105 vakar\u0105 pavers malonumu, o kiekvien\u0105 ryt\u0105 \u2013 energijos kupinu. Atgaivinkite savo miegam\u0105j\u012f ir paverskite j\u012f ramyb\u0117s oaze su \u0161iuo unikaliu \u201eHelvetia\u201c gaminiu!<\/p>","protected":false},"excerpt":{"rendered":"<p>Plotis (cm): 185<br \/>\n\u016agis (cm): 100<br \/>\nGylis (cm): 207<\/p>","protected":false},"featured_media":156171,"comment_status":"open","ping_status":"open","template":"","meta":[],"product_brand":[],"product_cat":[9430,505,1972,4105],"product_tag":[],"class_list":{"0":"post-156170","1":"product","2":"type-product","3":"status-publish","4":"has-post-thumbnail","6":"product_cat-furniture-system-scandi","7":"product_cat-bedroom-beds","8":"product_cat-beds-180x200","9":"product_cat-helvetia","11":"first","12":"instock","13":"purchasable","14":"product-type-simple"},"_links":{"self":[{"href":"https:\/\/baldumarket.lt\/lt\/wp-json\/wp\/v2\/product\/156170","targetHints":{"allow":["GET"]}}],"collection":[{"href":"https:\/\/baldumarket.lt\/lt\/wp-json\/wp\/v2\/product"}],"about":[{"href":"https:\/\/baldumarket.lt\/lt\/wp-json\/wp\/v2\/types\/product"}],"replies":[{"embeddable":true,"href":"https:\/\/baldumarket.lt\/lt\/wp-json\/wp\/v2\/comments?post=156170"}],"wp:featuredmedia":[{"embeddable":true,"href":"https:\/\/baldumarket.lt\/lt\/wp-json\/wp\/v2\/media\/156171"}],"wp:attachment":[{"href":"https:\/\/baldumarket.lt\/lt\/wp-json\/wp\/v2\/media?parent=156170"}],"wp:term":[{"taxonomy":"product_brand","embeddable":true,"href":"https:\/\/baldumarket.lt\/lt\/wp-json\/wp\/v2\/product_brand?post=156170"},{"taxonomy":"product_cat","embeddable":true,"href":"https:\/\/baldumarket.lt\/lt\/wp-json\/wp\/v2\/product_cat?post=156170"},{"taxonomy":"product_tag","embeddable":true,"href":"https:\/\/baldumarket.lt\/lt\/wp-json\/wp\/v2\/product_tag?post=156170"}],"curies":[{"name":"wp","href":"https:\/\/api.w.org\/{rel}","templated":true}]}}