{"id":156166,"date":"2025-12-18T18:24:48","date_gmt":"2025-12-18T15:24:48","guid":{"rendered":"https:\/\/baldumarket.lt\/product\/scandi-lozko-160x200-cm-zgaszona-zielen-dab-olejowany\/"},"modified":"2026-02-05T12:08:48","modified_gmt":"2026-02-05T09:08:48","slug":"scandi-lozko-160x200-cm-zgaszona-zielen-dab-olejowany","status":"publish","type":"product","link":"https:\/\/baldumarket.lt\/lt\/product\/scandi-lozko-160x200-cm-zgaszona-zielen-dab-olejowany\/","title":{"rendered":"Scandi \u2013 Lova 160\u00d7200 cm, dulk\u0117tos \u017ealios spalvos, alyvuotas \u0105\u017euolas"},"content":{"rendered":"<p>Jaukus miego kampelis prasideda nuo unikalios lovos, kuri ne tik \u017eavi savo i\u0161vaizda, bet ir suteikia auk\u0161\u010diausi\u0105 komforto lyg\u012f. Prislopintos \u017ealios spalvos ir alyvuoto \u0105\u017euolo \u201eScandi\u201c lova \u2013 puikus pasirinkimas tiems, kurie vertina modern\u0173 dizain\u0105 ir harmonij\u0105 su gamta. \u0160is baldas suteiks miegamajam unikali\u0105 atmosfer\u0105, derindamas skandinavi\u0161k\u0105 paprastum\u0105 su elegancija.<\/p>\n<p>160 \u00d7 200 cm dyd\u017eio lova idealiai tinka tiek poroms, tiek vieni\u0161iems \u017emon\u0117ms, vertinantiems erdv\u0119. \u012esp\u016bdinga prislopinta \u017ealia spalva puikiai dera su \u0105\u017euolo elementais, sukurdama atpalaiduojan\u010di\u0105 zon\u0105, kurioje galite atsipalaiduoti po ilgos dienos. D\u0117l harmoningos spalv\u0173 gamos lova lengvai der\u0117s prie bet kokio interjero dizaino \u2013 nuo minimalistinio iki klasikinio.<\/p>\n<p>Pasirinkdami \u201eScandi\u201c lov\u0105, investuojate ne tik \u012f estetik\u0105, bet ir \u012f funkcionalum\u0105. Vakaro miego ritual\u0173 metu susikursite maloni\u0105 ir atpalaiduojan\u010di\u0105 atmosfer\u0105. Naudotos med\u017eiagos, tokios kaip laminuota plok\u0161t\u0117, garantuoja patvarum\u0105 ir lengv\u0105 prie\u017ei\u016br\u0105, o tai itin svarbu kasdieniam naudojimui. Be to, lova taps ne tik miegamojo traukos centru, bet ir erdve, kurioje gal\u0117site pasikrauti teigiamos energijos kitai dienai.<\/p>\n<p>Prislopintos \u017ealios spalvos \u201eScandi\u201c lova taip pat yra idealus sprendimas norint sukurti jaukius interjerus, kuriuose gal\u0117tum\u0117te m\u0117gautis laiku. Savaranki\u0161kas surinkimas leid\u017eia greitai sutvarkyti erdv\u0119, o skandinavi\u0161ko stiliaus ir moderni\u0173 tendencij\u0173 derinys suteiks j\u016bs\u0173 miegamajam unikal\u0173 charakter\u012f. Pasirinkite \u0161i\u0105 lov\u0105 ir pakelkite savo svajones apie tobul\u0105 interjer\u0105 \u012f kit\u0105 lyg\u012f!<\/p>","protected":false},"excerpt":{"rendered":"<p>Plotis (cm): 165<br \/>\n\u016agis (cm): 100<br \/>\nGylis (cm): 207<\/p>","protected":false},"featured_media":156167,"comment_status":"open","ping_status":"open","template":"","meta":[],"product_brand":[],"product_cat":[9430,505,1971,4105],"product_tag":[],"class_list":{"0":"post-156166","1":"product","2":"type-product","3":"status-publish","4":"has-post-thumbnail","6":"product_cat-furniture-system-scandi","7":"product_cat-bedroom-beds","8":"product_cat-beds-160x200","9":"product_cat-helvetia","11":"first","12":"instock","13":"purchasable","14":"product-type-simple"},"_links":{"self":[{"href":"https:\/\/baldumarket.lt\/lt\/wp-json\/wp\/v2\/product\/156166","targetHints":{"allow":["GET"]}}],"collection":[{"href":"https:\/\/baldumarket.lt\/lt\/wp-json\/wp\/v2\/product"}],"about":[{"href":"https:\/\/baldumarket.lt\/lt\/wp-json\/wp\/v2\/types\/product"}],"replies":[{"embeddable":true,"href":"https:\/\/baldumarket.lt\/lt\/wp-json\/wp\/v2\/comments?post=156166"}],"wp:featuredmedia":[{"embeddable":true,"href":"https:\/\/baldumarket.lt\/lt\/wp-json\/wp\/v2\/media\/156167"}],"wp:attachment":[{"href":"https:\/\/baldumarket.lt\/lt\/wp-json\/wp\/v2\/media?parent=156166"}],"wp:term":[{"taxonomy":"product_brand","embeddable":true,"href":"https:\/\/baldumarket.lt\/lt\/wp-json\/wp\/v2\/product_brand?post=156166"},{"taxonomy":"product_cat","embeddable":true,"href":"https:\/\/baldumarket.lt\/lt\/wp-json\/wp\/v2\/product_cat?post=156166"},{"taxonomy":"product_tag","embeddable":true,"href":"https:\/\/baldumarket.lt\/lt\/wp-json\/wp\/v2\/product_tag?post=156166"}],"curies":[{"name":"wp","href":"https:\/\/api.w.org\/{rel}","templated":true}]}}