{"id":156161,"date":"2025-12-18T18:24:39","date_gmt":"2025-12-18T15:24:39","guid":{"rendered":"https:\/\/baldumarket.lt\/product\/scandi-lozko-160x200-cm-ze-stelazem-zgaszona-zielen-dab-olejowany\/"},"modified":"2026-02-05T12:08:48","modified_gmt":"2026-02-05T09:08:48","slug":"scandi-lozko-160x200-cm-ze-stelazem-zgaszona-zielen-dab-olejowany","status":"publish","type":"product","link":"https:\/\/baldumarket.lt\/lt\/product\/scandi-lozko-160x200-cm-ze-stelazem-zgaszona-zielen-dab-olejowany\/","title":{"rendered":"Scandi \u2013 Lova 160\u00d7200 cm su r\u0117mu, dulk\u0117tos \u017ealios spalvos, alyvuoto \u0105\u017euolo spalvos"},"content":{"rendered":"<p>\u012ene\u0161kite \u012f savo interjer\u0105 unikal\u0173 skandinavi\u0161k\u0105 stili\u0173 su 160\u00d7200 cm dyd\u017eio \u201eScandi\u201c lova. D\u0117l gra\u017eios prislopintos \u017ealios ir alyvuoto \u0105\u017euolo apdailos tai ne tik prakti\u0161kas baldas, bet ir svarbus dizaino elementas, traukiantis ak\u012f ir suteikiantis harmonijos bet kuriam miegamajam. Skandinav\u0173 filosofija daug d\u0117mesio skiria funkcionalumui, tod\u0117l \u0161i lova turi daiktad\u0117\u017e\u0119, kuri puikiai tinka patalynei ar sezoniniams drabu\u017eiams laikyti ir padeda palaikyti tvark\u0105 kambaryje. Svarbi ne tik estetika, bet ir komfortas. Su \u201eScandi\u201c lova kiekvienas vakaras tampa malonumu. D\u0117l tvirto r\u0117mo jums nereik\u0117s jaudintis d\u0117l jokio diskomforto miego metu. Galite ramiai svajoti ir ils\u0117tis \u017einodami, kad mes daug d\u0117mesio skiriame komfortui ir kokybi\u0161kam meistri\u0161kumui. Laminuota plok\u0161t\u0117 yra ne tik patvari, bet ir lengvai valoma, tod\u0117l kasdien\u0117 lovos prie\u017ei\u016bra yra labai paprasta. Tokios detal\u0117s kaip prislopinta \u017ealia spalva skland\u017eiai dera su \u012fvairiais interjero stiliais \u2013 nuo minimalistinio iki rafinuotesnio. Jums nereik\u0117s jaudintis, kad lova neatitiks j\u016bs\u0173 stiliaus pageidavim\u0173. J\u016bs tikrai rasite jai tobul\u0105 viet\u0105 savo miegamajame, o eleganti\u0161kas dizainas leis jums pasijusti ypatingai savo erdv\u0117je. Be to, lovos spalvos tikrai skatins atsipalaidavim\u0105, leisdamos atsipalaiduoti ir pails\u0117ti prie\u0161 mieg\u0105.<\/p>","protected":false},"excerpt":{"rendered":"<p>Plotis (cm): 165<br \/>\n\u016agis (cm): 100<br \/>\nGylis (cm): 207<\/p>","protected":false},"featured_media":156162,"comment_status":"open","ping_status":"open","template":"","meta":[],"product_brand":[],"product_cat":[9430,505,1971,4105],"product_tag":[],"class_list":{"0":"post-156161","1":"product","2":"type-product","3":"status-publish","4":"has-post-thumbnail","6":"product_cat-furniture-system-scandi","7":"product_cat-bedroom-beds","8":"product_cat-beds-160x200","9":"product_cat-helvetia","11":"first","12":"instock","13":"purchasable","14":"product-type-simple"},"_links":{"self":[{"href":"https:\/\/baldumarket.lt\/lt\/wp-json\/wp\/v2\/product\/156161","targetHints":{"allow":["GET"]}}],"collection":[{"href":"https:\/\/baldumarket.lt\/lt\/wp-json\/wp\/v2\/product"}],"about":[{"href":"https:\/\/baldumarket.lt\/lt\/wp-json\/wp\/v2\/types\/product"}],"replies":[{"embeddable":true,"href":"https:\/\/baldumarket.lt\/lt\/wp-json\/wp\/v2\/comments?post=156161"}],"wp:featuredmedia":[{"embeddable":true,"href":"https:\/\/baldumarket.lt\/lt\/wp-json\/wp\/v2\/media\/156162"}],"wp:attachment":[{"href":"https:\/\/baldumarket.lt\/lt\/wp-json\/wp\/v2\/media?parent=156161"}],"wp:term":[{"taxonomy":"product_brand","embeddable":true,"href":"https:\/\/baldumarket.lt\/lt\/wp-json\/wp\/v2\/product_brand?post=156161"},{"taxonomy":"product_cat","embeddable":true,"href":"https:\/\/baldumarket.lt\/lt\/wp-json\/wp\/v2\/product_cat?post=156161"},{"taxonomy":"product_tag","embeddable":true,"href":"https:\/\/baldumarket.lt\/lt\/wp-json\/wp\/v2\/product_tag?post=156161"}],"curies":[{"name":"wp","href":"https:\/\/api.w.org\/{rel}","templated":true}]}}